{"id":11,"date":"2015-06-10T12:02:41","date_gmt":"2015-06-10T11:02:41","guid":{"rendered":"http:\/\/www.groupe-icare.com\/?page_id=11"},"modified":"2020-07-08T09:14:43","modified_gmt":"2020-07-08T07:14:43","slug":"nos-services-aux-professionnels","status":"publish","type":"page","link":"https:\/\/www.groupe-icare.com\/solutions-emploi\/nos-services-aux-professionnels\/","title":{"rendered":"Nos services aux entreprises (Girol)"},"content":{"rendered":"<h3 style=\"text-align: left;\" align=\"center\">GIROL est l\u2019entreprise de travail temporaire d\u2019insertion (ETTI) du Groupe ICARE<\/h3>\n<p style=\"text-align: left;\" align=\"center\">GIROL identifie et valorise les comp\u00e9tences et la motivation des publics prioritaires, d\u00e9sireuses de se professionnaliser et de stabiliser durablement leur situation professionnelle,<br \/>\nEt apporte leurs comp\u00e9tences et leur expertise au service des employeurs ouverts \u00e0 la diff\u00e9rence.<\/p>\n<p style=\"text-align: left;\" align=\"center\">Vous cherchez \u00e0 recruter des personnes motiv\u00e9es et comp\u00e9tentes ?<\/p>\n<p style=\"text-align: left;\" align=\"center\">Vous \u00eates engag\u00e9 dans une d\u00e9marche de responsabilit\u00e9 soci\u00e9tale et souhaitez encourager le retour dans l\u2019emploi d\u2019un public prioritaire?<\/p>\n<p style=\"text-align: left;\" align=\"center\">Vous rencontrez des difficult\u00e9s pour r\u00e9pondre aux clauses sociales des march\u00e9s publics ?<\/p>\n<p style=\"text-align: left;\" align=\"center\">GIROL vous propose une solution globale, de l\u2019identification de vos besoins au suivi et \u00e0 l\u2019accompagnement dans l\u2019emploi de nos int\u00e9rimaires.<\/p>\n<p style=\"text-align: left;\"><a href=\"https:\/\/www.groupe-icare.com\/solutions-emploi\/nos-services-aux-professionnels\/les-metiers\/\">&gt;<\/a> <a href=\"https:\/\/www.groupe-icare.com\/solutions-emploi\/nos-services-aux-professionnels\/les-metiers\/\">Nos services par secteur d&rsquo;activit\u00e9<\/a><a href=\"https:\/\/www.groupe-icare.com\/solutions-emploi\/wp-content\/uploads\/2012\/12\/PLAQU.GIROL_.pdf\" rel=\"attachment wp-att-1517\"><br \/>\n&gt;<\/a><a href=\"https:\/\/www.groupe-icare.com\/solutions-emploi\/wp-content\/uploads\/2012\/12\/PLAQU.GIROL_.pdf\"> Plaquette GIROL<\/a><a href=\"http:\/\/www.groupe-icare.com\/nos-services-aux-entreprises\/plaquette-girol-janvier-2015\/\" rel=\"attachment wp-att-1517\"><br \/>\n<\/a><a href=\"http:\/\/www.groupe-icare.com\/les-structures\/documentation\/plaquette-groupe-icare\/\" rel=\"attachment wp-att-1232\">&gt;<\/a>\u00a0<a href=\"https:\/\/www.groupe-icare.com\/solutions-emploi\/wp-content\/uploads\/2014\/12\/plaquette-groupe-ICARE.pdf\">Plaquette groupe ICARE<\/a><\/p>\n<h5 style=\"text-align: left;\">\u00a0<div class=\"su-spacer\" style=\"height:20px\"><\/div><\/h5>\n<h4 style=\"text-align: left;\">Contactez-nous, rencontrons-nous,<\/h4>\n<h4 style=\"text-align: left;\">nous et nos salari\u00e9s sommes pr\u00eats \u00e0 nous engager \u00e0 vos c\u00f4t\u00e9s.<\/h4>\n<a href=\"mailto:commercial@groupe-icare.fr\" class=\"su-button su-button-style-glass\" style=\"color:#FFFFFF;background-color:#9FB73B;border-color:#809330;border-radius:8px\" target=\"_self\"><span style=\"color:#FFFFFF;padding:7px 22px;font-size:17px;line-height:26px;border-color:#bccd76;border-radius:8px;text-shadow:1px 1px 3px #000000\"><i class=\"sui sui-paper-plane\" style=\"font-size:17px;color:#ffffff\"><\/i> Courriel<\/span><\/a><a href=\"tel:0472539889\" class=\"su-button su-button-style-glass\" style=\"color:#FFFFFF;background-color:#00A3DA;border-color:#0083af;border-radius:8px\" target=\"_self\"><span style=\"color:#FFFFFF;padding:7px 22px;font-size:17px;line-height:26px;border-color:#4dbfe6;border-radius:8px;text-shadow:1px 1px 3px #000000\"><i class=\"sui sui-phone\" style=\"font-size:17px;color:#ffffff\"><\/i> T\u00e9l. 04 72 53 98 89<\/span><\/a><a href=\"https:\/\/www.groupe-icare.com\/solutions-emploi\/nos-services-aux-professionnels\/les-metiers\/\" class=\"su-button su-button-style-glass\" style=\"color:#FFFFFF;background-color:#BAA288;border-color:#95826d;border-radius:8px\" target=\"_self\"><span style=\"color:#FFFFFF;padding:7px 22px;font-size:17px;line-height:26px;border-color:#cfbeac;border-radius:8px;text-shadow:1px 1px 3px #000000\"><i class=\"sui sui-arrow-right\" style=\"font-size:17px;color:#ffffff\"><\/i> Tous nos services professionnels<\/span><\/a>\n","protected":false},"excerpt":{"rendered":"<p>GIROL est l\u2019entreprise de travail temporaire d\u2019insertion (ETTI) du Groupe ICARE GIROL identifie et valorise les comp\u00e9tences et la motivation des publics prioritaires, d\u00e9sireuses de se professionnaliser et de stabiliser durablement leur situation professionnelle, Et apporte leurs comp\u00e9tences et leur expertise au service des employeurs ouverts \u00e0 la diff\u00e9rence. Vous cherchez \u00e0 recruter des personnes [&hellip;]<\/p>\n","protected":false},"author":11,"featured_media":133,"parent":0,"menu_order":3,"comment_status":"open","ping_status":"closed","template":"","meta":{"_et_pb_use_builder":"","_et_pb_old_content":"","_et_gb_content_width":"","jetpack_post_was_ever_published":false},"yoast_head":"<!-- This site is optimized with the Yoast SEO plugin v21.1 - https:\/\/yoast.com\/wordpress\/plugins\/seo\/ -->\n<title>Nos services aux entreprises (Girol) - travail temporaire Groupe Icare Lyon<\/title>\n<meta name=\"description\" content=\"GIROL est l\u2019entreprise de travail temporaire d\u2019insertion (ETTI) du Groupe ICARE. GIROL identifie et valorise les comp\u00e9tences et la motivation des personnes\" \/>\n<meta name=\"robots\" content=\"index, follow, max-snippet:-1, max-image-preview:large, max-video-preview:-1\" \/>\n<link rel=\"canonical\" href=\"https:\/\/www.groupe-icare.com\/solutions-emploi\/nos-services-aux-professionnels\/\" \/>\n<meta property=\"og:locale\" content=\"fr_FR\" \/>\n<meta property=\"og:type\" content=\"article\" \/>\n<meta property=\"og:title\" content=\"Nos services aux entreprises (Girol) - travail temporaire Groupe Icare Lyon\" \/>\n<meta property=\"og:description\" content=\"GIROL est l\u2019entreprise de travail temporaire d\u2019insertion (ETTI) du Groupe ICARE. GIROL identifie et valorise les comp\u00e9tences et la motivation des personnes\" \/>\n<meta property=\"og:url\" content=\"https:\/\/www.groupe-icare.com\/solutions-emploi\/nos-services-aux-professionnels\/\" \/>\n<meta property=\"og:site_name\" content=\"ICARE ITEM GIROL groupe. Services et emplois en Rh\u00f4ne-Alpes\" \/>\n<meta property=\"article:modified_time\" content=\"2020-07-08T07:14:43+00:00\" \/>\n<meta property=\"og:image\" content=\"https:\/\/i0.wp.com\/www.groupe-icare.com\/solutions-emploi\/wp-content\/uploads\/2012\/12\/sea.png?fit=680%2C193&ssl=1\" \/>\n\t<meta property=\"og:image:width\" content=\"680\" \/>\n\t<meta property=\"og:image:height\" content=\"193\" \/>\n\t<meta property=\"og:image:type\" content=\"image\/png\" \/>\n<meta name=\"twitter:card\" content=\"summary_large_image\" \/>\n<meta name=\"twitter:label1\" content=\"Dur\u00e9e de lecture estim\u00e9e\" \/>\n\t<meta name=\"twitter:data1\" content=\"1 minute\" \/>\n<script type=\"application\/ld+json\" class=\"yoast-schema-graph\">{\"@context\":\"https:\/\/schema.org\",\"@graph\":[{\"@type\":\"WebPage\",\"@id\":\"https:\/\/www.groupe-icare.com\/solutions-emploi\/nos-services-aux-professionnels\/\",\"url\":\"https:\/\/www.groupe-icare.com\/solutions-emploi\/nos-services-aux-professionnels\/\",\"name\":\"Nos services aux entreprises (Girol) - travail temporaire Groupe Icare Lyon\",\"isPartOf\":{\"@id\":\"https:\/\/www.groupe-icare.com\/solutions-emploi\/#website\"},\"datePublished\":\"2015-06-10T11:02:41+00:00\",\"dateModified\":\"2020-07-08T07:14:43+00:00\",\"description\":\"GIROL est l\u2019entreprise de travail temporaire d\u2019insertion (ETTI) du Groupe ICARE. GIROL identifie et valorise les comp\u00e9tences et la motivation des personnes\",\"breadcrumb\":{\"@id\":\"https:\/\/www.groupe-icare.com\/solutions-emploi\/nos-services-aux-professionnels\/#breadcrumb\"},\"inLanguage\":\"fr-FR\",\"potentialAction\":[{\"@type\":\"ReadAction\",\"target\":[\"https:\/\/www.groupe-icare.com\/solutions-emploi\/nos-services-aux-professionnels\/\"]}]},{\"@type\":\"BreadcrumbList\",\"@id\":\"https:\/\/www.groupe-icare.com\/solutions-emploi\/nos-services-aux-professionnels\/#breadcrumb\",\"itemListElement\":[{\"@type\":\"ListItem\",\"position\":1,\"name\":\"Accueil\",\"item\":\"https:\/\/www.groupe-icare.com\/solutions-emploi\/\"},{\"@type\":\"ListItem\",\"position\":2,\"name\":\"Nos services aux entreprises (Girol)\"}]},{\"@type\":\"WebSite\",\"@id\":\"https:\/\/www.groupe-icare.com\/solutions-emploi\/#website\",\"url\":\"https:\/\/www.groupe-icare.com\/solutions-emploi\/\",\"name\":\"ICARE ITEM GIROL groupe. Services et emplois en Rh\u00f4ne-Alpes\",\"description\":\"les solutions emploi de Rh\u00f4ne-Alpes\",\"potentialAction\":[{\"@type\":\"SearchAction\",\"target\":{\"@type\":\"EntryPoint\",\"urlTemplate\":\"https:\/\/www.groupe-icare.com\/solutions-emploi\/?s={search_term_string}\"},\"query-input\":\"required name=search_term_string\"}],\"inLanguage\":\"fr-FR\"}]}<\/script>\n<!-- \/ Yoast SEO plugin. -->","yoast_head_json":{"title":"Nos services aux entreprises (Girol) - travail temporaire Groupe Icare Lyon","description":"GIROL est l\u2019entreprise de travail temporaire d\u2019insertion (ETTI) du Groupe ICARE. GIROL identifie et valorise les comp\u00e9tences et la motivation des personnes","robots":{"index":"index","follow":"follow","max-snippet":"max-snippet:-1","max-image-preview":"max-image-preview:large","max-video-preview":"max-video-preview:-1"},"canonical":"https:\/\/www.groupe-icare.com\/solutions-emploi\/nos-services-aux-professionnels\/","og_locale":"fr_FR","og_type":"article","og_title":"Nos services aux entreprises (Girol) - travail temporaire Groupe Icare Lyon","og_description":"GIROL est l\u2019entreprise de travail temporaire d\u2019insertion (ETTI) du Groupe ICARE. GIROL identifie et valorise les comp\u00e9tences et la motivation des personnes","og_url":"https:\/\/www.groupe-icare.com\/solutions-emploi\/nos-services-aux-professionnels\/","og_site_name":"ICARE ITEM GIROL groupe. Services et emplois en Rh\u00f4ne-Alpes","article_modified_time":"2020-07-08T07:14:43+00:00","og_image":[{"width":680,"height":193,"url":"https:\/\/i0.wp.com\/www.groupe-icare.com\/solutions-emploi\/wp-content\/uploads\/2012\/12\/sea.png?fit=680%2C193&ssl=1","type":"image\/png"}],"twitter_card":"summary_large_image","twitter_misc":{"Dur\u00e9e de lecture estim\u00e9e":"1 minute"},"schema":{"@context":"https:\/\/schema.org","@graph":[{"@type":"WebPage","@id":"https:\/\/www.groupe-icare.com\/solutions-emploi\/nos-services-aux-professionnels\/","url":"https:\/\/www.groupe-icare.com\/solutions-emploi\/nos-services-aux-professionnels\/","name":"Nos services aux entreprises (Girol) - travail temporaire Groupe Icare Lyon","isPartOf":{"@id":"https:\/\/www.groupe-icare.com\/solutions-emploi\/#website"},"datePublished":"2015-06-10T11:02:41+00:00","dateModified":"2020-07-08T07:14:43+00:00","description":"GIROL est l\u2019entreprise de travail temporaire d\u2019insertion (ETTI) du Groupe ICARE. GIROL identifie et valorise les comp\u00e9tences et la motivation des personnes","breadcrumb":{"@id":"https:\/\/www.groupe-icare.com\/solutions-emploi\/nos-services-aux-professionnels\/#breadcrumb"},"inLanguage":"fr-FR","potentialAction":[{"@type":"ReadAction","target":["https:\/\/www.groupe-icare.com\/solutions-emploi\/nos-services-aux-professionnels\/"]}]},{"@type":"BreadcrumbList","@id":"https:\/\/www.groupe-icare.com\/solutions-emploi\/nos-services-aux-professionnels\/#breadcrumb","itemListElement":[{"@type":"ListItem","position":1,"name":"Accueil","item":"https:\/\/www.groupe-icare.com\/solutions-emploi\/"},{"@type":"ListItem","position":2,"name":"Nos services aux entreprises (Girol)"}]},{"@type":"WebSite","@id":"https:\/\/www.groupe-icare.com\/solutions-emploi\/#website","url":"https:\/\/www.groupe-icare.com\/solutions-emploi\/","name":"ICARE ITEM GIROL groupe. Services et emplois en Rh\u00f4ne-Alpes","description":"les solutions emploi de Rh\u00f4ne-Alpes","potentialAction":[{"@type":"SearchAction","target":{"@type":"EntryPoint","urlTemplate":"https:\/\/www.groupe-icare.com\/solutions-emploi\/?s={search_term_string}"},"query-input":"required name=search_term_string"}],"inLanguage":"fr-FR"}]}},"jetpack_shortlink":"https:\/\/wp.me\/P7CrYq-b","jetpack-related-posts":[{"id":12,"url":"https:\/\/www.groupe-icare.com\/solutions-emploi\/nos-services-aux-professionnels\/les-metiers\/","url_meta":{"origin":11,"position":0},"title":"Nos offres de services pour les professionnels","author":"Communication-Icare","date":"17 d\u00e9cembre 2019","format":false,"excerpt":"Nous assurons la mise \u00e0 disposition d'un personnel form\u00e9 \u00e0 diff\u00e9rents m\u00e9tiers et\u2026","rel":"","context":"Article similaire","block_context":{"text":"Article similaire","link":""},"img":{"alt_text":"","src":"","width":0,"height":0},"classes":[]},{"id":20,"url":"https:\/\/www.groupe-icare.com\/solutions-emploi\/les-structures\/","url_meta":{"origin":11,"position":1},"title":"Qui sommes-nous ?","author":"Communication-Icare","date":"17 d\u00e9cembre 2012","format":false,"excerpt":"","rel":"","context":"Article similaire","block_context":{"text":"Article similaire","link":""},"img":{"alt_text":"","src":"https:\/\/i0.wp.com\/www.groupe-icare.com\/solutions-emploi\/wp-content\/uploads\/2016\/10\/groupe-icare-900x560.jpg?fit=900%2C560&ssl=1&resize=350%2C200","width":350,"height":200,"srcset":"https:\/\/i0.wp.com\/www.groupe-icare.com\/solutions-emploi\/wp-content\/uploads\/2016\/10\/groupe-icare-900x560.jpg?fit=900%2C560&ssl=1&resize=350%2C200 1x, https:\/\/i0.wp.com\/www.groupe-icare.com\/solutions-emploi\/wp-content\/uploads\/2016\/10\/groupe-icare-900x560.jpg?fit=900%2C560&ssl=1&resize=525%2C300 1.5x, https:\/\/i0.wp.com\/www.groupe-icare.com\/solutions-emploi\/wp-content\/uploads\/2016\/10\/groupe-icare-900x560.jpg?fit=900%2C560&ssl=1&resize=700%2C400 2x"},"classes":[]},{"id":35,"url":"https:\/\/www.groupe-icare.com\/solutions-emploi\/vous-etes-demandeur-demploi\/les-offres-demploi-2-2\/","url_meta":{"origin":11,"position":2},"title":"Les offres d&#8217;emploi","author":"Communication-Icare","date":"17 d\u00e9cembre 2012","format":false,"excerpt":"","rel":"","context":"Article similaire","block_context":{"text":"Article similaire","link":""},"img":{"alt_text":"","src":"https:\/\/i0.wp.com\/www.groupe-icare.com\/solutions-emploi\/wp-content\/uploads\/2016\/10\/groupe-icare-900x560.jpg?fit=900%2C560&ssl=1&resize=350%2C200","width":350,"height":200,"srcset":"https:\/\/i0.wp.com\/www.groupe-icare.com\/solutions-emploi\/wp-content\/uploads\/2016\/10\/groupe-icare-900x560.jpg?fit=900%2C560&ssl=1&resize=350%2C200 1x, https:\/\/i0.wp.com\/www.groupe-icare.com\/solutions-emploi\/wp-content\/uploads\/2016\/10\/groupe-icare-900x560.jpg?fit=900%2C560&ssl=1&resize=525%2C300 1.5x, https:\/\/i0.wp.com\/www.groupe-icare.com\/solutions-emploi\/wp-content\/uploads\/2016\/10\/groupe-icare-900x560.jpg?fit=900%2C560&ssl=1&resize=700%2C400 2x"},"classes":[]},{"id":14,"url":"https:\/\/www.groupe-icare.com\/solutions-emploi\/nos-services-aux-professionnels\/les-plus\/","url_meta":{"origin":11,"position":3},"title":"Nos atouts Girol","author":"Communication-Icare","date":"17 d\u00e9cembre 2012","format":false,"excerpt":"Notre adh\u00e9sion \u00e0 la d\u00e9marche qualit\u00e9 Nous nous engageons \u00e0 am\u00e9liorer qualitativement et quantitativement nos r\u00e9sultats en insertion, notamment gr\u00e2ce \u00e0 l'accompagnement, \u00e0 la formation et au suivi professionnel des salari\u00e9s en insertion. \u00a0 Une \u00e9coute attentive pour un diagnostic pr\u00e9cis de vos besoins Notre disponibilit\u00e9 et notre analyse juste\u2026","rel":"","context":"Article similaire","block_context":{"text":"Article similaire","link":""},"img":{"alt_text":"","src":"https:\/\/i0.wp.com\/www.groupe-icare.com\/solutions-emploi\/wp-content\/uploads\/2012\/12\/jeu-de-carte.jpg?fit=1200%2C800&ssl=1&resize=350%2C200","width":350,"height":200,"srcset":"https:\/\/i0.wp.com\/www.groupe-icare.com\/solutions-emploi\/wp-content\/uploads\/2012\/12\/jeu-de-carte.jpg?fit=1200%2C800&ssl=1&resize=350%2C200 1x, https:\/\/i0.wp.com\/www.groupe-icare.com\/solutions-emploi\/wp-content\/uploads\/2012\/12\/jeu-de-carte.jpg?fit=1200%2C800&ssl=1&resize=525%2C300 1.5x, https:\/\/i0.wp.com\/www.groupe-icare.com\/solutions-emploi\/wp-content\/uploads\/2012\/12\/jeu-de-carte.jpg?fit=1200%2C800&ssl=1&resize=700%2C400 2x, https:\/\/i0.wp.com\/www.groupe-icare.com\/solutions-emploi\/wp-content\/uploads\/2012\/12\/jeu-de-carte.jpg?fit=1200%2C800&ssl=1&resize=1050%2C600 3x"},"classes":[]},{"id":1409,"url":"https:\/\/www.groupe-icare.com\/solutions-emploi\/nos-services-aux-professionnels\/handicap\/","url_meta":{"origin":11,"position":4},"title":"Le Handicap","author":"Communication-Icare","date":"13 mai 2015","format":false,"excerpt":"Vous rencontrez des difficult\u00e9s pour recruter du personnel en situation de handicap\u00a0? \u00a0Travaillons ensemble pour trouver des solutions sur-mesure Diagnostic des besoins et analyse de la situation, \u00e9tude interne du profil de poste et de l\u2019environnement Collaboration pour l\u2019adaptation des modes d\u2019int\u00e9gration et d\u2019accompagnement en fonction des personnes s\u00e9lectionn\u00e9es Mise\u2026","rel":"","context":"Article similaire","block_context":{"text":"Article similaire","link":""},"img":{"alt_text":"","src":"https:\/\/i0.wp.com\/www.groupe-icare.com\/solutions-emploi\/wp-content\/uploads\/2016\/10\/groupe-icare-900x560.jpg?fit=900%2C560&ssl=1&resize=350%2C200","width":350,"height":200,"srcset":"https:\/\/i0.wp.com\/www.groupe-icare.com\/solutions-emploi\/wp-content\/uploads\/2016\/10\/groupe-icare-900x560.jpg?fit=900%2C560&ssl=1&resize=350%2C200 1x, https:\/\/i0.wp.com\/www.groupe-icare.com\/solutions-emploi\/wp-content\/uploads\/2016\/10\/groupe-icare-900x560.jpg?fit=900%2C560&ssl=1&resize=525%2C300 1.5x, https:\/\/i0.wp.com\/www.groupe-icare.com\/solutions-emploi\/wp-content\/uploads\/2016\/10\/groupe-icare-900x560.jpg?fit=900%2C560&ssl=1&resize=700%2C400 2x"},"classes":[]},{"id":6148,"url":"https:\/\/www.groupe-icare.com\/solutions-emploi\/nos-valeurs\/","url_meta":{"origin":11,"position":5},"title":"Nos valeurs","author":"Communication-Icare","date":"30 juin 2016","format":false,"excerpt":"Groupe d\u2019Economie Solidaire sur le territoire lyonnais, le Groupe ICARE se compose de diff\u00e9rentes structures juridiques ICARE MAIA GIROL ITEM DOMICARE partageant les m\u00eames valeurs de l\u2019\u00e9conomie sociale et solidaire\u00a0: solidarit\u00e9, travail, \u00e9coute et respect. La solidarit\u00e9, la valeur fondatrice du groupe ICARE Par son statut de Groupe d\u2019Economie Solidaire\u2026","rel":"","context":"Article similaire","block_context":{"text":"Article similaire","link":""},"img":{"alt_text":"","src":"https:\/\/i0.wp.com\/www.groupe-icare.com\/solutions-emploi\/wp-content\/uploads\/2016\/06\/equipe-mains.png?fit=1200%2C900&ssl=1&resize=350%2C200","width":350,"height":200,"srcset":"https:\/\/i0.wp.com\/www.groupe-icare.com\/solutions-emploi\/wp-content\/uploads\/2016\/06\/equipe-mains.png?fit=1200%2C900&ssl=1&resize=350%2C200 1x, https:\/\/i0.wp.com\/www.groupe-icare.com\/solutions-emploi\/wp-content\/uploads\/2016\/06\/equipe-mains.png?fit=1200%2C900&ssl=1&resize=525%2C300 1.5x, https:\/\/i0.wp.com\/www.groupe-icare.com\/solutions-emploi\/wp-content\/uploads\/2016\/06\/equipe-mains.png?fit=1200%2C900&ssl=1&resize=700%2C400 2x, https:\/\/i0.wp.com\/www.groupe-icare.com\/solutions-emploi\/wp-content\/uploads\/2016\/06\/equipe-mains.png?fit=1200%2C900&ssl=1&resize=1050%2C600 3x"},"classes":[]}],"jetpack_sharing_enabled":true,"_links":{"self":[{"href":"https:\/\/www.groupe-icare.com\/solutions-emploi\/wp-json\/wp\/v2\/pages\/11"}],"collection":[{"href":"https:\/\/www.groupe-icare.com\/solutions-emploi\/wp-json\/wp\/v2\/pages"}],"about":[{"href":"https:\/\/www.groupe-icare.com\/solutions-emploi\/wp-json\/wp\/v2\/types\/page"}],"author":[{"embeddable":true,"href":"https:\/\/www.groupe-icare.com\/solutions-emploi\/wp-json\/wp\/v2\/users\/11"}],"replies":[{"embeddable":true,"href":"https:\/\/www.groupe-icare.com\/solutions-emploi\/wp-json\/wp\/v2\/comments?post=11"}],"version-history":[{"count":19,"href":"https:\/\/www.groupe-icare.com\/solutions-emploi\/wp-json\/wp\/v2\/pages\/11\/revisions"}],"predecessor-version":[{"id":9109,"href":"https:\/\/www.groupe-icare.com\/solutions-emploi\/wp-json\/wp\/v2\/pages\/11\/revisions\/9109"}],"wp:featuredmedia":[{"embeddable":true,"href":"https:\/\/www.groupe-icare.com\/solutions-emploi\/wp-json\/wp\/v2\/media\/133"}],"wp:attachment":[{"href":"https:\/\/www.groupe-icare.com\/solutions-emploi\/wp-json\/wp\/v2\/media?parent=11"}],"curies":[{"name":"wp","href":"https:\/\/api.w.org\/{rel}","templated":true}]}}