{"id":1460,"date":"2015-07-29T13:58:04","date_gmt":"2015-07-29T12:58:04","guid":{"rendered":"http:\/\/www.groupe-icare.com\/?page_id=1460"},"modified":"2020-07-08T09:21:16","modified_gmt":"2020-07-08T07:21:16","slug":"nos-services-aux-associations-et-collectivites","status":"publish","type":"page","link":"https:\/\/www.groupe-icare.com\/solutions-emploi\/nos-services-aux-associations-et-collectivites\/","title":{"rendered":"Associations et Collectivit\u00e9s"},"content":{"rendered":"<h1><span style=\"color: #dca874;\">L\u2019association ICARE,\u00a0le partenaire emploi\u00a0des Associations et des Collectivit\u00e9s<\/span><\/h1>\n<h4><\/h4>\n<h4>ICARE apporte une r\u00e9ponse de Qualit\u00e9 :<\/h4>\n<p style=\"text-align: left;\">&#8211; aux besoins ponctuels\u00a0de remplacement de personnel<br \/>\n&#8211; aux projets de recrutement<\/p>\n<h4>ICARE favorise le retour \u00e0 l\u2019emploi durable pour le public \u00e9loign\u00e9 de l\u2019emploi que nous accompagnons<\/h4>\n<p>Au sein du Groupe Icare nous <strong>accueillons des personnes sans emploi mais pas sans comp\u00e9tences<\/strong>.<\/p>\n<p>Nous nous engageons \u00e0 les aider \u00e0 <strong>construire un projet professionnel<\/strong> en facilitant la d\u00e9couverte d&rsquo;un secteur ou du m\u00e9tier de leur choix lors de stages d&rsquo;immersion (PMSMP), de rencontre m\u00e9tiers&#8230;<\/p>\n<p>Nous travaillons avec ces personnes \u00e0 <strong>lever les freins<\/strong> au retour \u00e0 l&#8217;emploi :<br \/>\n&#8211; en identifiant leurs <strong>comp\u00e9tences transf\u00e9rables<\/strong> issues de leurs exp\u00e9riences professionnelles,<br \/>\n&#8211; en montant en <strong>comp\u00e9tence par de la formation,<\/strong><br \/>\n&#8211; par la <strong>validation des comp\u00e9tences au gr\u00e9 des missions<\/strong> avec la d\u00e9marche <strong>VITA AIR<\/strong>.<\/p>\n<p>Nous pouvons vous proposer des personnes comp\u00e9tentes en <strong>mise \u00e0 disposition pour quelques heures ou plus<\/strong> sur <a href=\"https:\/\/www.groupe-icare.com\/solutions-emploi\/nos-services-aux-professionnels\/les-metiers\/\" target=\"_blank\" rel=\"noopener noreferrer\">diff\u00e9rents m\u00e9tiers<\/a>.<\/p>\n<h3>\u00a0<span style=\"color: #dca874;\"><a title=\"Nos services pour les collectivit\u00e9s\" href=\"http:\/\/www.groupe-icare.com\/nos-services-aux-associations-et-collectivites\/nos-metiers-pour-les-collectivites\/\">Pour les Collectivit\u00e9s <\/a>:\u00a0<\/span><\/h3>\n<p style=\"text-align: justify;\">Nous nous engageons \u00e0 r\u00e9pondre aux\u00a0besoins de vos diff\u00e9rents services tout en nous effor\u00e7ant d&rsquo;apporter une <strong>solution de proximit\u00e9<\/strong>\u00a0pour soutenir\u00a0l&#8217;emploi local :<\/p>\n<p style=\"text-align: justify;\">Service \u00e9ducation<br \/>\nService restauration collective<br \/>\nService petite enfance et jeunesse<br \/>\nService social \/ CCAS<br \/>\nService manifestation et logistique<br \/>\nService parcs et espaces verts&#8230;<\/p>\n<h3>\u00a0<a href=\"https:\/\/www.groupe-icare.com\/solutions-emploi\/nos-services-aux-associations-et-collectivites\/nos-services-pour-les-asssociations\/\" target=\"_blank\" rel=\"noopener noreferrer\"><span style=\"color: #dca874;\">Pour les Associations :<\/span><\/a><\/h3>\n<p style=\"text-align: justify;\">Nous serons \u00e0 votre \u00e9coute pour r\u00e9pondre \u00e0 vos besoins de personnel quel que soit\u00a0votre domaine d&rsquo;activit\u00e9 ou projet associatif :<\/p>\n<p>Domaine m\u00e9dico-social\u00a0:<em> cr\u00e8che, foyer, clinique, CHRS, FAM, MAS, IME, EHPAD, MECS,..<br \/>\n<\/em>Domaine de l\u2019enseignement priv\u00e9<em>\u00a0: \u00e9coles \u00e9l\u00e9mentaires, coll\u00e8ge, lyc\u00e9e.<br \/>\n<\/em>Domaine\u00a0 du loisir et culturel :<em> centre de loisir, MJC, th\u00e9\u00e2tre\u2026<br \/>\n<\/em>Domaine du logement<em> : r\u00e9gie, syndic, bailleurs sociaux<br \/>\n<\/em>Domaine spirituel : <em>Congr\u00e9gation religieuse&#8230;<\/em><\/p>\n<p>&nbsp;<\/p>\n<h5 style=\"text-align: left;\"><a href=\"https:\/\/www.groupe-icare.com\/solutions-emploi\/wp-content\/uploads\/2013\/10\/Plaquette-associations-et-collectivit\u00e9s..pdf\">&gt; Plaquette associations et collectivit\u00e9s.<\/a><\/h5>\n<h5 style=\"text-align: left;\"><a href=\"https:\/\/www.groupe-icare.com\/solutions-emploi\/wp-content\/uploads\/2014\/12\/plaquette-groupe-ICARE.pdf\">&gt; Plaquette groupe ICARE<\/a><\/h5>\n<h4>&gt; Contactez-nous, rencontrons-nous, nous et nos salari\u00e9s sommes pr\u00eats \u00e0 nous engager \u00e0 vos c\u00f4t\u00e9s.<\/h4>\n<a href=\"mailto:commercial@groupe-icare.fr\" class=\"su-button su-button-style-glass\" style=\"color:#FFFFFF;background-color:#9FB73B;border-color:#809330;border-radius:8px\" target=\"_self\"><span style=\"color:#FFFFFF;padding:7px 22px;font-size:17px;line-height:26px;border-color:#bccd76;border-radius:8px;text-shadow:1px 1px 3px #000000\"><i class=\"sui sui-paper-plane\" style=\"font-size:17px;color:#ffffff\"><\/i> Courriel<\/span><\/a><a href=\"tel:0478928970\" class=\"su-button su-button-style-glass\" style=\"color:#FFFFFF;background-color:#00A3DA;border-color:#0083af;border-radius:8px\" target=\"_self\"><span style=\"color:#FFFFFF;padding:7px 22px;font-size:17px;line-height:26px;border-color:#4dbfe6;border-radius:8px;text-shadow:1px 1px 3px #000000\"><i class=\"sui sui-phone\" style=\"font-size:17px;color:#ffffff\"><\/i> T\u00e9l. 04 78 92 89 70<\/span><\/a><a href=\"https:\/\/www.groupe-icare.com\/solutions-emploi\/nos-services-aux-professionnels\/les-metiers\/\" class=\"su-button su-button-style-glass\" style=\"color:#FFFFFF;background-color:#BAA288;border-color:#95826d;border-radius:8px\" target=\"_self\"><span style=\"color:#FFFFFF;padding:7px 22px;font-size:17px;line-height:26px;border-color:#cfbeac;border-radius:8px;text-shadow:1px 1px 3px #000000\"><i class=\"sui sui-arrow-right\" style=\"font-size:17px;color:#ffffff\"><\/i> Tous nos services professionnels<\/span><\/a>\n","protected":false},"excerpt":{"rendered":"<p>L\u2019association ICARE,\u00a0le partenaire emploi\u00a0des Associations et des Collectivit\u00e9s ICARE apporte une r\u00e9ponse de Qualit\u00e9 : &#8211; aux besoins ponctuels\u00a0de remplacement de personnel &#8211; aux projets de recrutement ICARE favorise le retour \u00e0 l\u2019emploi durable pour le public \u00e9loign\u00e9 de l\u2019emploi que nous accompagnons Au sein du Groupe Icare nous accueillons des personnes sans emploi mais [&hellip;]<\/p>\n","protected":false},"author":11,"featured_media":6224,"parent":0,"menu_order":0,"comment_status":"open","ping_status":"open","template":"","meta":{"_et_pb_use_builder":"","_et_pb_old_content":"","_et_gb_content_width":"","jetpack_post_was_ever_published":false},"yoast_head":"<!-- This site is optimized with the Yoast SEO plugin v21.1 - https:\/\/yoast.com\/wordpress\/plugins\/seo\/ -->\n<title>Associations et Collectivit\u00e9s - ICARE ITEM GIROL groupe. Services et emplois en Rh\u00f4ne-Alpes<\/title>\n<meta name=\"robots\" content=\"index, follow, max-snippet:-1, max-image-preview:large, max-video-preview:-1\" \/>\n<link rel=\"canonical\" href=\"https:\/\/www.groupe-icare.com\/solutions-emploi\/nos-services-aux-associations-et-collectivites\/\" \/>\n<meta property=\"og:locale\" content=\"fr_FR\" \/>\n<meta property=\"og:type\" content=\"article\" \/>\n<meta property=\"og:title\" content=\"Associations et Collectivit\u00e9s - ICARE ITEM GIROL groupe. Services et emplois en Rh\u00f4ne-Alpes\" \/>\n<meta property=\"og:description\" content=\"L\u2019association ICARE,\u00a0le partenaire emploi\u00a0des Associations et des Collectivit\u00e9s ICARE apporte une r\u00e9ponse de Qualit\u00e9 : &#8211; aux besoins ponctuels\u00a0de remplacement de personnel &#8211; aux projets de recrutement ICARE favorise le retour \u00e0 l\u2019emploi durable pour le public \u00e9loign\u00e9 de l\u2019emploi que nous accompagnons Au sein du Groupe Icare nous accueillons des personnes sans emploi mais [&hellip;]\" \/>\n<meta property=\"og:url\" content=\"https:\/\/www.groupe-icare.com\/solutions-emploi\/nos-services-aux-associations-et-collectivites\/\" \/>\n<meta property=\"og:site_name\" content=\"ICARE ITEM GIROL groupe. Services et emplois en Rh\u00f4ne-Alpes\" \/>\n<meta property=\"article:modified_time\" content=\"2020-07-08T07:21:16+00:00\" \/>\n<meta property=\"og:image\" content=\"https:\/\/i0.wp.com\/www.groupe-icare.com\/solutions-emploi\/wp-content\/uploads\/2016\/07\/mosaique2-01.jpg?fit=1600%2C436&ssl=1\" \/>\n\t<meta property=\"og:image:width\" content=\"1600\" \/>\n\t<meta property=\"og:image:height\" content=\"436\" \/>\n\t<meta property=\"og:image:type\" content=\"image\/jpeg\" \/>\n<meta name=\"twitter:card\" content=\"summary_large_image\" \/>\n<meta name=\"twitter:label1\" content=\"Dur\u00e9e de lecture estim\u00e9e\" \/>\n\t<meta name=\"twitter:data1\" content=\"2 minutes\" \/>\n<script type=\"application\/ld+json\" class=\"yoast-schema-graph\">{\"@context\":\"https:\/\/schema.org\",\"@graph\":[{\"@type\":\"WebPage\",\"@id\":\"https:\/\/www.groupe-icare.com\/solutions-emploi\/nos-services-aux-associations-et-collectivites\/\",\"url\":\"https:\/\/www.groupe-icare.com\/solutions-emploi\/nos-services-aux-associations-et-collectivites\/\",\"name\":\"Associations et Collectivit\u00e9s - ICARE ITEM GIROL groupe. Services et emplois en Rh\u00f4ne-Alpes\",\"isPartOf\":{\"@id\":\"https:\/\/www.groupe-icare.com\/solutions-emploi\/#website\"},\"datePublished\":\"2015-07-29T12:58:04+00:00\",\"dateModified\":\"2020-07-08T07:21:16+00:00\",\"breadcrumb\":{\"@id\":\"https:\/\/www.groupe-icare.com\/solutions-emploi\/nos-services-aux-associations-et-collectivites\/#breadcrumb\"},\"inLanguage\":\"fr-FR\",\"potentialAction\":[{\"@type\":\"ReadAction\",\"target\":[\"https:\/\/www.groupe-icare.com\/solutions-emploi\/nos-services-aux-associations-et-collectivites\/\"]}]},{\"@type\":\"BreadcrumbList\",\"@id\":\"https:\/\/www.groupe-icare.com\/solutions-emploi\/nos-services-aux-associations-et-collectivites\/#breadcrumb\",\"itemListElement\":[{\"@type\":\"ListItem\",\"position\":1,\"name\":\"Accueil\",\"item\":\"https:\/\/www.groupe-icare.com\/solutions-emploi\/\"},{\"@type\":\"ListItem\",\"position\":2,\"name\":\"Associations et Collectivit\u00e9s\"}]},{\"@type\":\"WebSite\",\"@id\":\"https:\/\/www.groupe-icare.com\/solutions-emploi\/#website\",\"url\":\"https:\/\/www.groupe-icare.com\/solutions-emploi\/\",\"name\":\"ICARE ITEM GIROL groupe. Services et emplois en Rh\u00f4ne-Alpes\",\"description\":\"les solutions emploi de Rh\u00f4ne-Alpes\",\"potentialAction\":[{\"@type\":\"SearchAction\",\"target\":{\"@type\":\"EntryPoint\",\"urlTemplate\":\"https:\/\/www.groupe-icare.com\/solutions-emploi\/?s={search_term_string}\"},\"query-input\":\"required name=search_term_string\"}],\"inLanguage\":\"fr-FR\"}]}<\/script>\n<!-- \/ Yoast SEO plugin. -->","yoast_head_json":{"title":"Associations et Collectivit\u00e9s - ICARE ITEM GIROL groupe. Services et emplois en Rh\u00f4ne-Alpes","robots":{"index":"index","follow":"follow","max-snippet":"max-snippet:-1","max-image-preview":"max-image-preview:large","max-video-preview":"max-video-preview:-1"},"canonical":"https:\/\/www.groupe-icare.com\/solutions-emploi\/nos-services-aux-associations-et-collectivites\/","og_locale":"fr_FR","og_type":"article","og_title":"Associations et Collectivit\u00e9s - ICARE ITEM GIROL groupe. Services et emplois en Rh\u00f4ne-Alpes","og_description":"L\u2019association ICARE,\u00a0le partenaire emploi\u00a0des Associations et des Collectivit\u00e9s ICARE apporte une r\u00e9ponse de Qualit\u00e9 : &#8211; aux besoins ponctuels\u00a0de remplacement de personnel &#8211; aux projets de recrutement ICARE favorise le retour \u00e0 l\u2019emploi durable pour le public \u00e9loign\u00e9 de l\u2019emploi que nous accompagnons Au sein du Groupe Icare nous accueillons des personnes sans emploi mais [&hellip;]","og_url":"https:\/\/www.groupe-icare.com\/solutions-emploi\/nos-services-aux-associations-et-collectivites\/","og_site_name":"ICARE ITEM GIROL groupe. Services et emplois en Rh\u00f4ne-Alpes","article_modified_time":"2020-07-08T07:21:16+00:00","og_image":[{"width":1600,"height":436,"url":"https:\/\/i0.wp.com\/www.groupe-icare.com\/solutions-emploi\/wp-content\/uploads\/2016\/07\/mosaique2-01.jpg?fit=1600%2C436&ssl=1","type":"image\/jpeg"}],"twitter_card":"summary_large_image","twitter_misc":{"Dur\u00e9e de lecture estim\u00e9e":"2 minutes"},"schema":{"@context":"https:\/\/schema.org","@graph":[{"@type":"WebPage","@id":"https:\/\/www.groupe-icare.com\/solutions-emploi\/nos-services-aux-associations-et-collectivites\/","url":"https:\/\/www.groupe-icare.com\/solutions-emploi\/nos-services-aux-associations-et-collectivites\/","name":"Associations et Collectivit\u00e9s - ICARE ITEM GIROL groupe. Services et emplois en Rh\u00f4ne-Alpes","isPartOf":{"@id":"https:\/\/www.groupe-icare.com\/solutions-emploi\/#website"},"datePublished":"2015-07-29T12:58:04+00:00","dateModified":"2020-07-08T07:21:16+00:00","breadcrumb":{"@id":"https:\/\/www.groupe-icare.com\/solutions-emploi\/nos-services-aux-associations-et-collectivites\/#breadcrumb"},"inLanguage":"fr-FR","potentialAction":[{"@type":"ReadAction","target":["https:\/\/www.groupe-icare.com\/solutions-emploi\/nos-services-aux-associations-et-collectivites\/"]}]},{"@type":"BreadcrumbList","@id":"https:\/\/www.groupe-icare.com\/solutions-emploi\/nos-services-aux-associations-et-collectivites\/#breadcrumb","itemListElement":[{"@type":"ListItem","position":1,"name":"Accueil","item":"https:\/\/www.groupe-icare.com\/solutions-emploi\/"},{"@type":"ListItem","position":2,"name":"Associations et Collectivit\u00e9s"}]},{"@type":"WebSite","@id":"https:\/\/www.groupe-icare.com\/solutions-emploi\/#website","url":"https:\/\/www.groupe-icare.com\/solutions-emploi\/","name":"ICARE ITEM GIROL groupe. Services et emplois en Rh\u00f4ne-Alpes","description":"les solutions emploi de Rh\u00f4ne-Alpes","potentialAction":[{"@type":"SearchAction","target":{"@type":"EntryPoint","urlTemplate":"https:\/\/www.groupe-icare.com\/solutions-emploi\/?s={search_term_string}"},"query-input":"required name=search_term_string"}],"inLanguage":"fr-FR"}]}},"jetpack_shortlink":"https:\/\/wp.me\/P7CrYq-ny","jetpack-related-posts":[{"id":20,"url":"https:\/\/www.groupe-icare.com\/solutions-emploi\/les-structures\/","url_meta":{"origin":1460,"position":0},"title":"Qui sommes-nous ?","author":"Communication-Icare","date":"17 d\u00e9cembre 2012","format":false,"excerpt":"Le GROUPE ICARE est un acteur lyonnais cherchant constamment \u00e0 apporter des solutions pour l\u2019emploi local. Le groupe ICARE favorise les solutions pour l\u2019emploi local Nos associations de l\u2019insertion par\u2026","rel":"","context":"Article similaire","block_context":{"text":"Article similaire","link":""},"img":{"alt_text":"","src":"https:\/\/i0.wp.com\/www.groupe-icare.com\/solutions-emploi\/wp-content\/uploads\/2016\/10\/groupe-icare-900x560.jpg?fit=900%2C560&ssl=1&resize=350%2C200","width":350,"height":200,"srcset":"https:\/\/i0.wp.com\/www.groupe-icare.com\/solutions-emploi\/wp-content\/uploads\/2016\/10\/groupe-icare-900x560.jpg?fit=900%2C560&ssl=1&resize=350%2C200 1x, https:\/\/i0.wp.com\/www.groupe-icare.com\/solutions-emploi\/wp-content\/uploads\/2016\/10\/groupe-icare-900x560.jpg?fit=900%2C560&ssl=1&resize=525%2C300 1.5x, https:\/\/i0.wp.com\/www.groupe-icare.com\/solutions-emploi\/wp-content\/uploads\/2016\/10\/groupe-icare-900x560.jpg?fit=900%2C560&ssl=1&resize=700%2C400 2x"},"classes":[]},{"id":11,"url":"https:\/\/www.groupe-icare.com\/solutions-emploi\/nos-services-aux-professionnels\/","url_meta":{"origin":1460,"position":1},"title":"Nos services aux entreprises (Girol)","author":"Communication-Icare","date":"10 juin 2015","format":false,"excerpt":"GIROL est l\u2019entreprise de travail temporaire d\u2019insertion (ETTI) du Groupe ICARE GIROL identifie et valorise les comp\u00e9tences et la motivation des publics prioritaires, d\u00e9sireuses de se professionnaliser et de stabiliser durablement leur situation professionnelle, Et apporte leurs comp\u00e9tences et leur expertise au service des employeurs ouverts \u00e0 la diff\u00e9rence. Vous\u2026","rel":"","context":"Article similaire","block_context":{"text":"Article similaire","link":""},"img":{"alt_text":"","src":"","width":0,"height":0},"classes":[]},{"id":22,"url":"https:\/\/www.groupe-icare.com\/solutions-emploi\/les-structures\/le-projet-social\/","url_meta":{"origin":1460,"position":2},"title":"Le projet social et l&rsquo;organisation","author":"Communication-Icare","date":"17 d\u00e9cembre 2012","format":false,"excerpt":"Le GROUPE ICARE est un Groupe d'Economie Solidaire innovant pour d\u00e9velopper son projet : favoriser le retour vers l'emploi durable pour tous. \u00a0 Son projet social Le Groupe Icare travaille sur l'humain. Redonner dignit\u00e9 et confiance \u00e0 l'individu par le retour \u00e0 l'emploi. Prendre en compte les sp\u00e9cificit\u00e9s des uns\u2026","rel":"","context":"Article similaire","block_context":{"text":"Article similaire","link":""},"img":{"alt_text":"","src":"https:\/\/i0.wp.com\/www.groupe-icare.com\/solutions-emploi\/wp-content\/uploads\/2016\/07\/mosaique2-01.jpg?fit=1200%2C327&ssl=1&resize=350%2C200","width":350,"height":200,"srcset":"https:\/\/i0.wp.com\/www.groupe-icare.com\/solutions-emploi\/wp-content\/uploads\/2016\/07\/mosaique2-01.jpg?fit=1200%2C327&ssl=1&resize=350%2C200 1x, https:\/\/i0.wp.com\/www.groupe-icare.com\/solutions-emploi\/wp-content\/uploads\/2016\/07\/mosaique2-01.jpg?fit=1200%2C327&ssl=1&resize=525%2C300 1.5x, https:\/\/i0.wp.com\/www.groupe-icare.com\/solutions-emploi\/wp-content\/uploads\/2016\/07\/mosaique2-01.jpg?fit=1200%2C327&ssl=1&resize=700%2C400 2x, https:\/\/i0.wp.com\/www.groupe-icare.com\/solutions-emploi\/wp-content\/uploads\/2016\/07\/mosaique2-01.jpg?fit=1200%2C327&ssl=1&resize=1050%2C600 3x"},"classes":[]},{"id":1482,"url":"https:\/\/www.groupe-icare.com\/solutions-emploi\/nos-services-aux-associations-et-collectivites\/nos-metiers-pour-les-collectivites\/","url_meta":{"origin":1460,"position":3},"title":"Nos services aux Collectivit\u00e9s","author":"Communication-Icare","date":"29 juillet 2015","format":false,"excerpt":"Pour les Collectivit\u00e9s\u00a0 Nous pouvons mettre \u00e0 votre disposition des profils exp\u00e9riment\u00e9s\u00a0pour vos diff\u00e9rents services tout en vous aidant \u00e0 soutenir l'emploi local. Service \u00e9ducation\u00a0: Profils d\u2019animateurs titulaires du BAFA OU EQUIVALENCE suite \u00e0 l\u2019application du nouvel am\u00e9nagement du temps p\u00e9riscolaire, surveillant de cantine... \u00a0 Restauration collective\u00a0: Des cuisiniers et\u2026","rel":"","context":"Article similaire","block_context":{"text":"Article similaire","link":""},"img":{"alt_text":"","src":"https:\/\/i0.wp.com\/www.groupe-icare.com\/solutions-emploi\/wp-content\/uploads\/2016\/07\/mosaique2-01.jpg?fit=1200%2C327&ssl=1&resize=350%2C200","width":350,"height":200,"srcset":"https:\/\/i0.wp.com\/www.groupe-icare.com\/solutions-emploi\/wp-content\/uploads\/2016\/07\/mosaique2-01.jpg?fit=1200%2C327&ssl=1&resize=350%2C200 1x, https:\/\/i0.wp.com\/www.groupe-icare.com\/solutions-emploi\/wp-content\/uploads\/2016\/07\/mosaique2-01.jpg?fit=1200%2C327&ssl=1&resize=525%2C300 1.5x, https:\/\/i0.wp.com\/www.groupe-icare.com\/solutions-emploi\/wp-content\/uploads\/2016\/07\/mosaique2-01.jpg?fit=1200%2C327&ssl=1&resize=700%2C400 2x, https:\/\/i0.wp.com\/www.groupe-icare.com\/solutions-emploi\/wp-content\/uploads\/2016\/07\/mosaique2-01.jpg?fit=1200%2C327&ssl=1&resize=1050%2C600 3x"},"classes":[]},{"id":6148,"url":"https:\/\/www.groupe-icare.com\/solutions-emploi\/nos-valeurs\/","url_meta":{"origin":1460,"position":4},"title":"Nos valeurs","author":"Communication-Icare","date":"30 juin 2016","format":false,"excerpt":"Groupe d\u2019Economie Solidaire sur le territoire lyonnais, le Groupe ICARE se compose de diff\u00e9rentes structures juridiques ICARE MAIA GIROL ITEM DOMICARE partageant les m\u00eames valeurs de l\u2019\u00e9conomie sociale et solidaire\u00a0: solidarit\u00e9, travail, \u00e9coute et respect. La solidarit\u00e9, la valeur fondatrice du groupe ICARE Par son statut de Groupe d\u2019Economie Solidaire\u2026","rel":"","context":"Article similaire","block_context":{"text":"Article similaire","link":""},"img":{"alt_text":"","src":"https:\/\/i0.wp.com\/www.groupe-icare.com\/solutions-emploi\/wp-content\/uploads\/2016\/06\/equipe-mains.png?fit=1200%2C900&ssl=1&resize=350%2C200","width":350,"height":200,"srcset":"https:\/\/i0.wp.com\/www.groupe-icare.com\/solutions-emploi\/wp-content\/uploads\/2016\/06\/equipe-mains.png?fit=1200%2C900&ssl=1&resize=350%2C200 1x, https:\/\/i0.wp.com\/www.groupe-icare.com\/solutions-emploi\/wp-content\/uploads\/2016\/06\/equipe-mains.png?fit=1200%2C900&ssl=1&resize=525%2C300 1.5x, https:\/\/i0.wp.com\/www.groupe-icare.com\/solutions-emploi\/wp-content\/uploads\/2016\/06\/equipe-mains.png?fit=1200%2C900&ssl=1&resize=700%2C400 2x, https:\/\/i0.wp.com\/www.groupe-icare.com\/solutions-emploi\/wp-content\/uploads\/2016\/06\/equipe-mains.png?fit=1200%2C900&ssl=1&resize=1050%2C600 3x"},"classes":[]},{"id":9468,"url":"https:\/\/www.groupe-icare.com\/solutions-emploi\/vitaair-optimiser-vos-ressources-internes\/","url_meta":{"origin":1460,"position":5},"title":"Vita&rsquo;Air, optimiser vos ressources internes","author":"Webmaster","date":"3 f\u00e9vrier 2022","format":false,"excerpt":" Optimisons ensemblevos\u2026","rel":"","context":"Article similaire","block_context":{"text":"Article similaire","link":""},"img":{"alt_text":"","src":"https:\/\/i0.wp.com\/www.groupe-icare.com\/solutions-emploi\/wp-content\/uploads\/2016\/10\/groupe-icare-900x560.jpg?fit=900%2C560&ssl=1&resize=350%2C200","width":350,"height":200,"srcset":"https:\/\/i0.wp.com\/www.groupe-icare.com\/solutions-emploi\/wp-content\/uploads\/2016\/10\/groupe-icare-900x560.jpg?fit=900%2C560&ssl=1&resize=350%2C200 1x, https:\/\/i0.wp.com\/www.groupe-icare.com\/solutions-emploi\/wp-content\/uploads\/2016\/10\/groupe-icare-900x560.jpg?fit=900%2C560&ssl=1&resize=525%2C300 1.5x, https:\/\/i0.wp.com\/www.groupe-icare.com\/solutions-emploi\/wp-content\/uploads\/2016\/10\/groupe-icare-900x560.jpg?fit=900%2C560&ssl=1&resize=700%2C400 2x"},"classes":[]}],"jetpack_sharing_enabled":true,"_links":{"self":[{"href":"https:\/\/www.groupe-icare.com\/solutions-emploi\/wp-json\/wp\/v2\/pages\/1460"}],"collection":[{"href":"https:\/\/www.groupe-icare.com\/solutions-emploi\/wp-json\/wp\/v2\/pages"}],"about":[{"href":"https:\/\/www.groupe-icare.com\/solutions-emploi\/wp-json\/wp\/v2\/types\/page"}],"author":[{"embeddable":true,"href":"https:\/\/www.groupe-icare.com\/solutions-emploi\/wp-json\/wp\/v2\/users\/11"}],"replies":[{"embeddable":true,"href":"https:\/\/www.groupe-icare.com\/solutions-emploi\/wp-json\/wp\/v2\/comments?post=1460"}],"version-history":[{"count":21,"href":"https:\/\/www.groupe-icare.com\/solutions-emploi\/wp-json\/wp\/v2\/pages\/1460\/revisions"}],"predecessor-version":[{"id":9112,"href":"https:\/\/www.groupe-icare.com\/solutions-emploi\/wp-json\/wp\/v2\/pages\/1460\/revisions\/9112"}],"wp:featuredmedia":[{"embeddable":true,"href":"https:\/\/www.groupe-icare.com\/solutions-emploi\/wp-json\/wp\/v2\/media\/6224"}],"wp:attachment":[{"href":"https:\/\/www.groupe-icare.com\/solutions-emploi\/wp-json\/wp\/v2\/media?parent=1460"}],"curies":[{"name":"wp","href":"https:\/\/api.w.org\/{rel}","templated":true}]}}