{"id":1482,"date":"2015-07-29T15:30:14","date_gmt":"2015-07-29T14:30:14","guid":{"rendered":"http:\/\/www.groupe-icare.com\/?page_id=1482"},"modified":"2020-07-07T18:15:47","modified_gmt":"2020-07-07T16:15:47","slug":"nos-metiers-pour-les-collectivites","status":"publish","type":"page","link":"https:\/\/www.groupe-icare.com\/solutions-emploi\/nos-services-aux-associations-et-collectivites\/nos-metiers-pour-les-collectivites\/","title":{"rendered":"Nos services aux Collectivit\u00e9s"},"content":{"rendered":"<h2><span style=\"color: #dca874;\"><br \/>\nPour les Collectivit\u00e9s\u00a0<\/span><\/h2>\n<p>Nous pouvons mettre \u00e0 votre disposition des profils exp\u00e9riment\u00e9s\u00a0pour vos diff\u00e9rents services tout en vous aidant \u00e0 <strong>soutenir l&#8217;emploi local<\/strong>.<\/p>\n<p><span style=\"color: #0000ff;\">Service \u00e9ducation\u00a0<\/span>:<br \/>\nProfils d\u2019<strong>animateurs<\/strong> titulaires du <strong>BAFA<\/strong> OU EQUIVALENCE suite \u00e0 l\u2019application du nouvel am\u00e9nagement du temps p\u00e9riscolaire, <strong>surveillant de cantine<\/strong>&#8230;<\/p>\n<p>&nbsp;<\/p>\n<p><span style=\"color: #0000ff;\">Restauration collective<\/span>\u00a0:<br \/>\nDes <strong>cuisiniers<\/strong> et <strong>Employ\u00e9s Polyvalent de Restauration<\/strong> (EPR) avec les <strong>normes HACCP<\/strong> pour une<br \/>\ncuisine pour les plus petits (repas et service en cr\u00e8che), pour les s\u00e9niors (en EHPAD..),<br \/>\n<strong>Serveurs<\/strong>\u00a0pour des r\u00e9ceptions (v\u0153ux du maire)\u2026<\/p>\n<p><strong>\u00a0<\/strong><\/p>\n<p><span style=\"color: #0000ff;\">Service petite enfance\u00a0<\/span>:<br \/>\nProfils de <strong>CAP PETITE ENFANCE<\/strong> pour poste aide auxiliaire pu\u00e9riculture\/animation en cr\u00e8che,<br \/>\nDes <strong>agents de service<\/strong> avec <strong>normes HACCP<\/strong> pour nettoyage des structures d\u2019accueil des jeunes<br \/>\nenfants\u00a0(en respectant un protocole et r\u00e9chauffe des repas des enfants),<br \/>\nDes <strong>ling\u00e8res<\/strong>, \u2026<\/p>\n<p>&nbsp;<\/p>\n<p><span style=\"color: #0000ff;\">Service senior<\/span>\u00a0:<br \/>\nMise \u00e0 disposition dans les EHPAD de profils <strong>auxiliaires de vie<\/strong>,<br \/>\n<strong>Agents de service<\/strong>,<br \/>\n<strong>Gouvernantes<\/strong>,<br \/>\n<strong>Cuisiniers\u00a0<\/strong>\/ <strong>EPR\u00a0\/ plongeurs\u00a0<\/strong>pour les foyers restaurants,<br \/>\n<strong>Chauffeurs livreurs<\/strong> pour portage de repas \u00e0 domicile&#8230;<\/p>\n<p>&nbsp;<\/p>\n<p><span style=\"color: #0000ff;\">Service social<\/span> :<br \/>\ndes <strong><a href=\"https:\/\/www.groupe-icare.com\/solutions-emploi\/services-aux-particuliers\/nos-services-aux-particuliers\/\">Auxiliaires de vie, \u00a0une aide pour travaux domestiques<\/a><\/strong>\u00a0pour vos administr\u00e9s,<br \/>\nUn <strong>encadrant technique<\/strong> pour vos chantiers jeunes,<br \/>\nUn <strong>encadrant technique et un accompagnement socioprofessionnel<\/strong> pour aider vos administr\u00e9s \u00e0 construire\u00a0un retour \u00e0 l&#8217;emploi durable&#8230;<\/p>\n<p>&nbsp;<\/p>\n<p><span style=\"color: #0000ff;\">Service entretien des b\u00e2timents de la commune<\/span>\u00a0:<br \/>\n<strong>Agents de nettoyage\u00a0<\/strong>(avec utilisation de mono-brosse\u2026),<br \/>\n<strong>Agent d\u2019entretien d\u2019espaces verts<\/strong> (gestion collectes de petits d\u00e9chets, ramassage de feuilles, tonte, \u2026),..<\/p>\n<p>&nbsp;<\/p>\n<p><span style=\"color: #0000ff;\">Service manifestation et logistique\u00a0<\/span>:<br \/>\n<strong>Manutentionnaires<\/strong>\u00a0pour la mise en place de r\u00e9ceptions\/manifestations,<br \/>\n<strong>H\u00f4tesses d\u2019accueil<\/strong> (bilingue ou pas) pour l\u2019accueil du public de salons ou forums,..<\/p>\n<p>&nbsp;<\/p>\n<p><span style=\"color: #0000ff;\">Nous restons \u00e0 votre \u00e9coute pour \u00e9tudier d&rsquo;autres demandes\u00a0<\/span>:<br \/>\nMise \u00e0 disposition de personnel pour la r\u00e9alisation des <strong>recensements<\/strong>, des <strong>ambassadeurs<\/strong> pour<br \/>\ninformer\/sensibiliser les m\u00e9nages sur le <strong>recyclage des d\u00e9chets<\/strong> \u00e0 l\u2019occasion d\u2019un salon\u2026<\/p>\n<p><span style=\"font-size: 1.17em;\">Contactez-nous, rencontrons-nous, nous et nos salari\u00e9s sommes pr\u00eats \u00e0 nous engager \u00e0 vos c\u00f4t\u00e9s.<\/span><\/p>\n<p>&nbsp;<\/p>\n<h6><a href=\"https:\/\/www.groupe-icare.com\/solutions-emploi\/wp-content\/uploads\/2013\/10\/Plaquette-associations-et-collectivit%C3%A9s..pdf\">&gt; Plaquette ICARE \u00a0Associations et Collectivit\u00e9s<\/a><\/h6>\n<h6><a href=\"https:\/\/www.groupe-icare.com\/solutions-emploi\/wp-content\/uploads\/2016\/11\/Plaquette-ITEM.pdf\">&gt; Plaquette ITEM<\/a><\/h6>\n<h6><a href=\"https:\/\/www.groupe-icare.com\/solutions-emploi\/wp-content\/uploads\/2014\/12\/plaquette-groupe-ICARE.pdf\">&gt; Plaquette GROUPE<\/a> <a href=\"http:\/\/www.groupe-icare.com\/le-groupe-icare\/documentation\/plaquette-groupe-icare\/\">ICARE<\/a><\/h6>\n<p>&nbsp;<\/p>\n<a href=\"mailto:commercial@groupe-icare.fr\" class=\"su-button su-button-style-glass\" style=\"color:#FFFFFF;background-color:#9FB73B;border-color:#809330;border-radius:8px\" target=\"_self\"><span style=\"color:#FFFFFF;padding:7px 22px;font-size:17px;line-height:26px;border-color:#bccd76;border-radius:8px;text-shadow:1px 1px 3px #000000\"><i class=\"sui sui-paper-plane\" style=\"font-size:17px;color:#ffffff\"><\/i> Courriel<\/span><\/a><a href=\"tel:0478928970\" class=\"su-button su-button-style-glass\" style=\"color:#FFFFFF;background-color:#00A3DA;border-color:#0083af;border-radius:8px\" target=\"_self\"><span style=\"color:#FFFFFF;padding:7px 22px;font-size:17px;line-height:26px;border-color:#4dbfe6;border-radius:8px;text-shadow:1px 1px 3px #000000\"><i class=\"sui sui-phone\" style=\"font-size:17px;color:#ffffff\"><\/i> T\u00e9l. 04 78 92 89 70<\/span><\/a><a href=\"https:\/\/www.groupe-icare.com\/solutions-emploi\/nos-services-aux-professionnels\/les-metiers\/\" class=\"su-button su-button-style-glass\" style=\"color:#FFFFFF;background-color:#BAA288;border-color:#95826d;border-radius:8px\" target=\"_self\"><span style=\"color:#FFFFFF;padding:7px 22px;font-size:17px;line-height:26px;border-color:#cfbeac;border-radius:8px;text-shadow:1px 1px 3px #000000\"><i class=\"sui sui-arrow-right\" style=\"font-size:17px;color:#ffffff\"><\/i> Tous nos services professionnels<\/span><\/a>\n","protected":false},"excerpt":{"rendered":"<p>Pour les Collectivit\u00e9s\u00a0 Nous pouvons mettre \u00e0 votre disposition des profils exp\u00e9riment\u00e9s\u00a0pour vos diff\u00e9rents services tout en vous aidant \u00e0 soutenir l&#8217;emploi local. Service \u00e9ducation\u00a0: Profils d\u2019animateurs titulaires du BAFA OU EQUIVALENCE suite \u00e0 l\u2019application du nouvel am\u00e9nagement du temps p\u00e9riscolaire, surveillant de cantine&#8230; &nbsp; Restauration collective\u00a0: Des cuisiniers et Employ\u00e9s Polyvalent de Restauration (EPR) [&hellip;]<\/p>\n","protected":false},"author":11,"featured_media":6224,"parent":1460,"menu_order":0,"comment_status":"open","ping_status":"open","template":"","meta":{"_et_pb_use_builder":"","_et_pb_old_content":"","_et_gb_content_width":"","jetpack_post_was_ever_published":false},"yoast_head":"<!-- This site is optimized with the Yoast SEO plugin v21.1 - https:\/\/yoast.com\/wordpress\/plugins\/seo\/ -->\n<title>Nos services aux Collectivit\u00e9s - ICARE ITEM GIROL groupe. Services et emplois en Rh\u00f4ne-Alpes<\/title>\n<meta name=\"robots\" content=\"index, follow, max-snippet:-1, max-image-preview:large, max-video-preview:-1\" \/>\n<link rel=\"canonical\" href=\"https:\/\/www.groupe-icare.com\/solutions-emploi\/nos-services-aux-associations-et-collectivites\/nos-metiers-pour-les-collectivites\/\" \/>\n<meta property=\"og:locale\" content=\"fr_FR\" \/>\n<meta property=\"og:type\" content=\"article\" \/>\n<meta property=\"og:title\" content=\"Nos services aux Collectivit\u00e9s - ICARE ITEM GIROL groupe. Services et emplois en Rh\u00f4ne-Alpes\" \/>\n<meta property=\"og:description\" content=\"Pour les Collectivit\u00e9s\u00a0 Nous pouvons mettre \u00e0 votre disposition des profils exp\u00e9riment\u00e9s\u00a0pour vos diff\u00e9rents services tout en vous aidant \u00e0 soutenir l&#8217;emploi local. Service \u00e9ducation\u00a0: Profils d\u2019animateurs titulaires du BAFA OU EQUIVALENCE suite \u00e0 l\u2019application du nouvel am\u00e9nagement du temps p\u00e9riscolaire, surveillant de cantine&#8230; &nbsp; Restauration collective\u00a0: Des cuisiniers et Employ\u00e9s Polyvalent de Restauration (EPR) [&hellip;]\" \/>\n<meta property=\"og:url\" content=\"https:\/\/www.groupe-icare.com\/solutions-emploi\/nos-services-aux-associations-et-collectivites\/nos-metiers-pour-les-collectivites\/\" \/>\n<meta property=\"og:site_name\" content=\"ICARE ITEM GIROL groupe. Services et emplois en Rh\u00f4ne-Alpes\" \/>\n<meta property=\"article:modified_time\" content=\"2020-07-07T16:15:47+00:00\" \/>\n<meta property=\"og:image\" content=\"https:\/\/i0.wp.com\/www.groupe-icare.com\/solutions-emploi\/wp-content\/uploads\/2016\/07\/mosaique2-01.jpg?fit=1600%2C436&ssl=1\" \/>\n\t<meta property=\"og:image:width\" content=\"1600\" \/>\n\t<meta property=\"og:image:height\" content=\"436\" \/>\n\t<meta property=\"og:image:type\" content=\"image\/jpeg\" \/>\n<meta name=\"twitter:card\" content=\"summary_large_image\" \/>\n<meta name=\"twitter:label1\" content=\"Dur\u00e9e de lecture estim\u00e9e\" \/>\n\t<meta name=\"twitter:data1\" content=\"2 minutes\" \/>\n<script type=\"application\/ld+json\" class=\"yoast-schema-graph\">{\"@context\":\"https:\/\/schema.org\",\"@graph\":[{\"@type\":\"WebPage\",\"@id\":\"https:\/\/www.groupe-icare.com\/solutions-emploi\/nos-services-aux-associations-et-collectivites\/nos-metiers-pour-les-collectivites\/\",\"url\":\"https:\/\/www.groupe-icare.com\/solutions-emploi\/nos-services-aux-associations-et-collectivites\/nos-metiers-pour-les-collectivites\/\",\"name\":\"Nos services aux Collectivit\u00e9s - ICARE ITEM GIROL groupe. Services et emplois en Rh\u00f4ne-Alpes\",\"isPartOf\":{\"@id\":\"https:\/\/www.groupe-icare.com\/solutions-emploi\/#website\"},\"datePublished\":\"2015-07-29T14:30:14+00:00\",\"dateModified\":\"2020-07-07T16:15:47+00:00\",\"breadcrumb\":{\"@id\":\"https:\/\/www.groupe-icare.com\/solutions-emploi\/nos-services-aux-associations-et-collectivites\/nos-metiers-pour-les-collectivites\/#breadcrumb\"},\"inLanguage\":\"fr-FR\",\"potentialAction\":[{\"@type\":\"ReadAction\",\"target\":[\"https:\/\/www.groupe-icare.com\/solutions-emploi\/nos-services-aux-associations-et-collectivites\/nos-metiers-pour-les-collectivites\/\"]}]},{\"@type\":\"BreadcrumbList\",\"@id\":\"https:\/\/www.groupe-icare.com\/solutions-emploi\/nos-services-aux-associations-et-collectivites\/nos-metiers-pour-les-collectivites\/#breadcrumb\",\"itemListElement\":[{\"@type\":\"ListItem\",\"position\":1,\"name\":\"Accueil\",\"item\":\"https:\/\/www.groupe-icare.com\/solutions-emploi\/\"},{\"@type\":\"ListItem\",\"position\":2,\"name\":\"Associations et Collectivit\u00e9s\",\"item\":\"https:\/\/www.groupe-icare.com\/solutions-emploi\/nos-services-aux-associations-et-collectivites\/\"},{\"@type\":\"ListItem\",\"position\":3,\"name\":\"Nos services aux Collectivit\u00e9s\"}]},{\"@type\":\"WebSite\",\"@id\":\"https:\/\/www.groupe-icare.com\/solutions-emploi\/#website\",\"url\":\"https:\/\/www.groupe-icare.com\/solutions-emploi\/\",\"name\":\"ICARE ITEM GIROL groupe. Services et emplois en Rh\u00f4ne-Alpes\",\"description\":\"les solutions emploi de Rh\u00f4ne-Alpes\",\"potentialAction\":[{\"@type\":\"SearchAction\",\"target\":{\"@type\":\"EntryPoint\",\"urlTemplate\":\"https:\/\/www.groupe-icare.com\/solutions-emploi\/?s={search_term_string}\"},\"query-input\":\"required name=search_term_string\"}],\"inLanguage\":\"fr-FR\"}]}<\/script>\n<!-- \/ Yoast SEO plugin. -->","yoast_head_json":{"title":"Nos services aux Collectivit\u00e9s - ICARE ITEM GIROL groupe. Services et emplois en Rh\u00f4ne-Alpes","robots":{"index":"index","follow":"follow","max-snippet":"max-snippet:-1","max-image-preview":"max-image-preview:large","max-video-preview":"max-video-preview:-1"},"canonical":"https:\/\/www.groupe-icare.com\/solutions-emploi\/nos-services-aux-associations-et-collectivites\/nos-metiers-pour-les-collectivites\/","og_locale":"fr_FR","og_type":"article","og_title":"Nos services aux Collectivit\u00e9s - ICARE ITEM GIROL groupe. Services et emplois en Rh\u00f4ne-Alpes","og_description":"Pour les Collectivit\u00e9s\u00a0 Nous pouvons mettre \u00e0 votre disposition des profils exp\u00e9riment\u00e9s\u00a0pour vos diff\u00e9rents services tout en vous aidant \u00e0 soutenir l&#8217;emploi local. Service \u00e9ducation\u00a0: Profils d\u2019animateurs titulaires du BAFA OU EQUIVALENCE suite \u00e0 l\u2019application du nouvel am\u00e9nagement du temps p\u00e9riscolaire, surveillant de cantine&#8230; &nbsp; Restauration collective\u00a0: Des cuisiniers et Employ\u00e9s Polyvalent de Restauration (EPR) [&hellip;]","og_url":"https:\/\/www.groupe-icare.com\/solutions-emploi\/nos-services-aux-associations-et-collectivites\/nos-metiers-pour-les-collectivites\/","og_site_name":"ICARE ITEM GIROL groupe. Services et emplois en Rh\u00f4ne-Alpes","article_modified_time":"2020-07-07T16:15:47+00:00","og_image":[{"width":1600,"height":436,"url":"https:\/\/i0.wp.com\/www.groupe-icare.com\/solutions-emploi\/wp-content\/uploads\/2016\/07\/mosaique2-01.jpg?fit=1600%2C436&ssl=1","type":"image\/jpeg"}],"twitter_card":"summary_large_image","twitter_misc":{"Dur\u00e9e de lecture estim\u00e9e":"2 minutes"},"schema":{"@context":"https:\/\/schema.org","@graph":[{"@type":"WebPage","@id":"https:\/\/www.groupe-icare.com\/solutions-emploi\/nos-services-aux-associations-et-collectivites\/nos-metiers-pour-les-collectivites\/","url":"https:\/\/www.groupe-icare.com\/solutions-emploi\/nos-services-aux-associations-et-collectivites\/nos-metiers-pour-les-collectivites\/","name":"Nos services aux Collectivit\u00e9s - ICARE ITEM GIROL groupe. Services et emplois en Rh\u00f4ne-Alpes","isPartOf":{"@id":"https:\/\/www.groupe-icare.com\/solutions-emploi\/#website"},"datePublished":"2015-07-29T14:30:14+00:00","dateModified":"2020-07-07T16:15:47+00:00","breadcrumb":{"@id":"https:\/\/www.groupe-icare.com\/solutions-emploi\/nos-services-aux-associations-et-collectivites\/nos-metiers-pour-les-collectivites\/#breadcrumb"},"inLanguage":"fr-FR","potentialAction":[{"@type":"ReadAction","target":["https:\/\/www.groupe-icare.com\/solutions-emploi\/nos-services-aux-associations-et-collectivites\/nos-metiers-pour-les-collectivites\/"]}]},{"@type":"BreadcrumbList","@id":"https:\/\/www.groupe-icare.com\/solutions-emploi\/nos-services-aux-associations-et-collectivites\/nos-metiers-pour-les-collectivites\/#breadcrumb","itemListElement":[{"@type":"ListItem","position":1,"name":"Accueil","item":"https:\/\/www.groupe-icare.com\/solutions-emploi\/"},{"@type":"ListItem","position":2,"name":"Associations et Collectivit\u00e9s","item":"https:\/\/www.groupe-icare.com\/solutions-emploi\/nos-services-aux-associations-et-collectivites\/"},{"@type":"ListItem","position":3,"name":"Nos services aux Collectivit\u00e9s"}]},{"@type":"WebSite","@id":"https:\/\/www.groupe-icare.com\/solutions-emploi\/#website","url":"https:\/\/www.groupe-icare.com\/solutions-emploi\/","name":"ICARE ITEM GIROL groupe. Services et emplois en Rh\u00f4ne-Alpes","description":"les solutions emploi de Rh\u00f4ne-Alpes","potentialAction":[{"@type":"SearchAction","target":{"@type":"EntryPoint","urlTemplate":"https:\/\/www.groupe-icare.com\/solutions-emploi\/?s={search_term_string}"},"query-input":"required name=search_term_string"}],"inLanguage":"fr-FR"}]}},"jetpack_shortlink":"https:\/\/wp.me\/P7CrYq-nU","jetpack-related-posts":[{"id":1494,"url":"https:\/\/www.groupe-icare.com\/solutions-emploi\/nos-services-aux-associations-et-collectivites\/nos-services-pour-les-asssociations\/","url_meta":{"origin":1482,"position":0},"title":"Nos services aux associations","author":"Communication-Icare","date":"29 juillet 2015","format":false,"excerpt":"Pour les Associations\u00a0 Nous pouvons mettre \u00e0 votre disposition pour quelques heures ou plus des personnes comp\u00e9tentes\u00a0et attir\u00e9es par votre secteur . Domaine Culturel, Sportif et Touristique : - Animateurs titulaires du BAFA OU EQUIVALENCE suite \u00e0 l\u2019application du nouvel am\u00e9nagement du temps \u00a0p\u00e9riscolaire, - Manutentionnaires pour la mise en\u2026","rel":"","context":"Article similaire","block_context":{"text":"Article similaire","link":""},"img":{"alt_text":"","src":"https:\/\/i0.wp.com\/www.groupe-icare.com\/solutions-emploi\/wp-content\/uploads\/2016\/07\/mosaique2-01.jpg?fit=1200%2C327&ssl=1&resize=350%2C200","width":350,"height":200,"srcset":"https:\/\/i0.wp.com\/www.groupe-icare.com\/solutions-emploi\/wp-content\/uploads\/2016\/07\/mosaique2-01.jpg?fit=1200%2C327&ssl=1&resize=350%2C200 1x, https:\/\/i0.wp.com\/www.groupe-icare.com\/solutions-emploi\/wp-content\/uploads\/2016\/07\/mosaique2-01.jpg?fit=1200%2C327&ssl=1&resize=525%2C300 1.5x, https:\/\/i0.wp.com\/www.groupe-icare.com\/solutions-emploi\/wp-content\/uploads\/2016\/07\/mosaique2-01.jpg?fit=1200%2C327&ssl=1&resize=700%2C400 2x, https:\/\/i0.wp.com\/www.groupe-icare.com\/solutions-emploi\/wp-content\/uploads\/2016\/07\/mosaique2-01.jpg?fit=1200%2C327&ssl=1&resize=1050%2C600 3x"},"classes":[]},{"id":1460,"url":"https:\/\/www.groupe-icare.com\/solutions-emploi\/nos-services-aux-associations-et-collectivites\/","url_meta":{"origin":1482,"position":1},"title":"Associations et Collectivit\u00e9s","author":"Communication-Icare","date":"29 juillet 2015","format":false,"excerpt":"L\u2019association ICARE,\u00a0le partenaire emploi\u00a0des Associations et des Collectivit\u00e9s ICARE apporte une r\u00e9ponse de Qualit\u00e9 : - aux besoins ponctuels\u00a0de remplacement de personnel - aux projets de recrutement ICARE favorise le retour \u00e0 l\u2019emploi durable pour le public \u00e9loign\u00e9 de l\u2019emploi que nous accompagnons Au sein du Groupe Icare nous accueillons\u2026","rel":"","context":"Article similaire","block_context":{"text":"Article similaire","link":""},"img":{"alt_text":"","src":"https:\/\/i0.wp.com\/www.groupe-icare.com\/solutions-emploi\/wp-content\/uploads\/2016\/07\/mosaique2-01.jpg?fit=1200%2C327&ssl=1&resize=350%2C200","width":350,"height":200,"srcset":"https:\/\/i0.wp.com\/www.groupe-icare.com\/solutions-emploi\/wp-content\/uploads\/2016\/07\/mosaique2-01.jpg?fit=1200%2C327&ssl=1&resize=350%2C200 1x, https:\/\/i0.wp.com\/www.groupe-icare.com\/solutions-emploi\/wp-content\/uploads\/2016\/07\/mosaique2-01.jpg?fit=1200%2C327&ssl=1&resize=525%2C300 1.5x, https:\/\/i0.wp.com\/www.groupe-icare.com\/solutions-emploi\/wp-content\/uploads\/2016\/07\/mosaique2-01.jpg?fit=1200%2C327&ssl=1&resize=700%2C400 2x, https:\/\/i0.wp.com\/www.groupe-icare.com\/solutions-emploi\/wp-content\/uploads\/2016\/07\/mosaique2-01.jpg?fit=1200%2C327&ssl=1&resize=1050%2C600 3x"},"classes":[]},{"id":12,"url":"https:\/\/www.groupe-icare.com\/solutions-emploi\/nos-services-aux-professionnels\/les-metiers\/","url_meta":{"origin":1482,"position":2},"title":"Nos offres de services pour les professionnels","author":"Communication-Icare","date":"17 d\u00e9cembre 2019","format":false,"excerpt":"Nous assurons la mise \u00e0 disposition d'un personnel form\u00e9 \u00e0 diff\u00e9rents m\u00e9tiers et\u2026","rel":"","context":"Article similaire","block_context":{"text":"Article similaire","link":""},"img":{"alt_text":"","src":"","width":0,"height":0},"classes":[]},{"id":20,"url":"https:\/\/www.groupe-icare.com\/solutions-emploi\/les-structures\/","url_meta":{"origin":1482,"position":3},"title":"Qui sommes-nous ?","author":"Communication-Icare","date":"17 d\u00e9cembre 2012","format":false,"excerpt":"","rel":"","context":"Article similaire","block_context":{"text":"Article similaire","link":""},"img":{"alt_text":"","src":"https:\/\/i0.wp.com\/www.groupe-icare.com\/solutions-emploi\/wp-content\/uploads\/2016\/10\/groupe-icare-900x560.jpg?fit=900%2C560&ssl=1&resize=350%2C200","width":350,"height":200,"srcset":"https:\/\/i0.wp.com\/www.groupe-icare.com\/solutions-emploi\/wp-content\/uploads\/2016\/10\/groupe-icare-900x560.jpg?fit=900%2C560&ssl=1&resize=350%2C200 1x, https:\/\/i0.wp.com\/www.groupe-icare.com\/solutions-emploi\/wp-content\/uploads\/2016\/10\/groupe-icare-900x560.jpg?fit=900%2C560&ssl=1&resize=525%2C300 1.5x, https:\/\/i0.wp.com\/www.groupe-icare.com\/solutions-emploi\/wp-content\/uploads\/2016\/10\/groupe-icare-900x560.jpg?fit=900%2C560&ssl=1&resize=700%2C400 2x"},"classes":[]},{"id":22,"url":"https:\/\/www.groupe-icare.com\/solutions-emploi\/les-structures\/le-projet-social\/","url_meta":{"origin":1482,"position":4},"title":"Le projet social et l&rsquo;organisation","author":"Communication-Icare","date":"17 d\u00e9cembre 2012","format":false,"excerpt":"Le GROUPE ICARE est un Groupe d'Economie Solidaire innovant pour d\u00e9velopper son projet : favoriser le retour vers l'emploi durable pour tous. \u00a0 Son projet social Le Groupe Icare travaille sur l'humain. Redonner dignit\u00e9 et confiance \u00e0 l'individu par le retour \u00e0 l'emploi. Prendre en compte les sp\u00e9cificit\u00e9s des uns\u2026","rel":"","context":"Article similaire","block_context":{"text":"Article similaire","link":""},"img":{"alt_text":"","src":"https:\/\/i0.wp.com\/www.groupe-icare.com\/solutions-emploi\/wp-content\/uploads\/2016\/07\/mosaique2-01.jpg?fit=1200%2C327&ssl=1&resize=350%2C200","width":350,"height":200,"srcset":"https:\/\/i0.wp.com\/www.groupe-icare.com\/solutions-emploi\/wp-content\/uploads\/2016\/07\/mosaique2-01.jpg?fit=1200%2C327&ssl=1&resize=350%2C200 1x, https:\/\/i0.wp.com\/www.groupe-icare.com\/solutions-emploi\/wp-content\/uploads\/2016\/07\/mosaique2-01.jpg?fit=1200%2C327&ssl=1&resize=525%2C300 1.5x, https:\/\/i0.wp.com\/www.groupe-icare.com\/solutions-emploi\/wp-content\/uploads\/2016\/07\/mosaique2-01.jpg?fit=1200%2C327&ssl=1&resize=700%2C400 2x, https:\/\/i0.wp.com\/www.groupe-icare.com\/solutions-emploi\/wp-content\/uploads\/2016\/07\/mosaique2-01.jpg?fit=1200%2C327&ssl=1&resize=1050%2C600 3x"},"classes":[]},{"id":35,"url":"https:\/\/www.groupe-icare.com\/solutions-emploi\/vous-etes-demandeur-demploi\/les-offres-demploi-2-2\/","url_meta":{"origin":1482,"position":5},"title":"Les offres d&#8217;emploi","author":"Communication-Icare","date":"17 d\u00e9cembre 2012","format":false,"excerpt":"","rel":"","context":"Article similaire","block_context":{"text":"Article similaire","link":""},"img":{"alt_text":"","src":"https:\/\/i0.wp.com\/www.groupe-icare.com\/solutions-emploi\/wp-content\/uploads\/2016\/10\/groupe-icare-900x560.jpg?fit=900%2C560&ssl=1&resize=350%2C200","width":350,"height":200,"srcset":"https:\/\/i0.wp.com\/www.groupe-icare.com\/solutions-emploi\/wp-content\/uploads\/2016\/10\/groupe-icare-900x560.jpg?fit=900%2C560&ssl=1&resize=350%2C200 1x, https:\/\/i0.wp.com\/www.groupe-icare.com\/solutions-emploi\/wp-content\/uploads\/2016\/10\/groupe-icare-900x560.jpg?fit=900%2C560&ssl=1&resize=525%2C300 1.5x, https:\/\/i0.wp.com\/www.groupe-icare.com\/solutions-emploi\/wp-content\/uploads\/2016\/10\/groupe-icare-900x560.jpg?fit=900%2C560&ssl=1&resize=700%2C400 2x"},"classes":[]}],"jetpack_sharing_enabled":true,"_links":{"self":[{"href":"https:\/\/www.groupe-icare.com\/solutions-emploi\/wp-json\/wp\/v2\/pages\/1482"}],"collection":[{"href":"https:\/\/www.groupe-icare.com\/solutions-emploi\/wp-json\/wp\/v2\/pages"}],"about":[{"href":"https:\/\/www.groupe-icare.com\/solutions-emploi\/wp-json\/wp\/v2\/types\/page"}],"author":[{"embeddable":true,"href":"https:\/\/www.groupe-icare.com\/solutions-emploi\/wp-json\/wp\/v2\/users\/11"}],"replies":[{"embeddable":true,"href":"https:\/\/www.groupe-icare.com\/solutions-emploi\/wp-json\/wp\/v2\/comments?post=1482"}],"version-history":[{"count":9,"href":"https:\/\/www.groupe-icare.com\/solutions-emploi\/wp-json\/wp\/v2\/pages\/1482\/revisions"}],"predecessor-version":[{"id":9102,"href":"https:\/\/www.groupe-icare.com\/solutions-emploi\/wp-json\/wp\/v2\/pages\/1482\/revisions\/9102"}],"up":[{"embeddable":true,"href":"https:\/\/www.groupe-icare.com\/solutions-emploi\/wp-json\/wp\/v2\/pages\/1460"}],"wp:featuredmedia":[{"embeddable":true,"href":"https:\/\/www.groupe-icare.com\/solutions-emploi\/wp-json\/wp\/v2\/media\/6224"}],"wp:attachment":[{"href":"https:\/\/www.groupe-icare.com\/solutions-emploi\/wp-json\/wp\/v2\/media?parent=1482"}],"curies":[{"name":"wp","href":"https:\/\/api.w.org\/{rel}","templated":true}]}}