{"id":16,"date":"2012-12-17T12:03:24","date_gmt":"2012-12-17T11:03:24","guid":{"rendered":"http:\/\/www.groupe-icare.com\/?page_id=16"},"modified":"2017-02-09T14:25:51","modified_gmt":"2017-02-09T13:25:51","slug":"les-clauses-dinsertion","status":"publish","type":"page","link":"https:\/\/www.groupe-icare.com\/solutions-emploi\/nos-services-aux-professionnels\/les-clauses-dinsertion\/","title":{"rendered":"Les clauses d&rsquo;insertion"},"content":{"rendered":"<h2><strong><span style=\"font-size: 13px;\">\u00a0<\/span><strong><span style=\"font-size: 1.5em;\">facilitez vous :<\/span><\/strong><\/strong><\/h2>\n<ul>\n<li><strong><span style=\"font-size: 1.5em;\">\u00a0La r\u00e9ponse aux march\u00e9s avec les clauses sociales<\/span><\/strong><\/li>\n<\/ul>\n<p style=\"padding-left: 60px;\"><strong>Article 14 \u00a0:<\/strong><\/p>\n<p style=\"padding-left: 60px;\">Valider l\u2019engagement de collaboration avec l\u2019ETTI GIROL pour la mise \u00e0 disposition de personnel adapt\u00e9 \u00e0 vos besoins du march\u00e9<\/p>\n<p style=\"padding-left: 60px;\"><strong>Article 53 :<\/strong><\/p>\n<p style=\"padding-left: 60px;\">\u2022 Co-construction sur la mise en \u0153uvre de la clause sociale du march\u00e9 ; recrutement, formation, accompagnement, \u2026<\/p>\n<ul>\n<li><strong><span style=\"font-size: 1.5em;\">\u00a0La gestion des clauses :<\/span><\/strong><\/li>\n<\/ul>\n<p style=\"padding-left: 60px;\">Identification du march\u00e9<br \/>\nLien avec l\u2019assistant \u00e0 ma\u00eetrise d\u2019ouvrage insertion concern\u00e9<br \/>\nRecrutement\/validation<br \/>\nSuivi et bilan chiffr\u00e9 de la clause<\/p>\n<p><strong>En cumulant int\u00e9rim d&rsquo;insertion et v\u00e9ritable parcours d&rsquo;insertion, nous sommes l&rsquo;interlocuteur privil\u00e9gi\u00e9 des donneurs d&rsquo;ordre.<\/strong><br \/>\nPour en savoir plus contactez-nous :<br \/>\n<a href=\"mailto:commercial@groupe-icare.fr\" class=\"su-button su-button-style-glass\" style=\"color:#FFFFFF;background-color:#9FB73B;border-color:#809330;border-radius:8px\" target=\"_self\"><span style=\"color:#FFFFFF;padding:7px 22px;font-size:17px;line-height:26px;border-color:#bccd76;border-radius:8px;text-shadow:1px 1px 3px #000000\"><i class=\"sui sui-paper-plane\" style=\"font-size:17px;color:#ffffff\"><\/i> Courriel<\/span><\/a><a href=\"tel:0478928970\" class=\"su-button su-button-style-glass\" style=\"color:#FFFFFF;background-color:#00A3DA;border-color:#0083af;border-radius:8px\" target=\"_self\"><span style=\"color:#FFFFFF;padding:7px 22px;font-size:17px;line-height:26px;border-color:#4dbfe6;border-radius:8px;text-shadow:1px 1px 3px #000000\"><i class=\"sui sui-phone\" style=\"font-size:17px;color:#ffffff\"><\/i> T\u00e9l. 04 78 92 89 70<\/span><\/a><a href=\"https:\/\/www.groupe-icare.com\/solutions-emploi\/nos-services-aux-professionnels\/les-metiers\/\" class=\"su-button su-button-style-glass\" style=\"color:#FFFFFF;background-color:#BAA288;border-color:#95826d;border-radius:8px\" target=\"_self\"><span style=\"color:#FFFFFF;padding:7px 22px;font-size:17px;line-height:26px;border-color:#cfbeac;border-radius:8px;text-shadow:1px 1px 3px #000000\"><i class=\"sui sui-arrow-right\" style=\"font-size:17px;color:#ffffff\"><\/i> Tous nos services professionnels<\/span><\/a>\n","protected":false},"excerpt":{"rendered":"<p>\u00a0facilitez vous : \u00a0La r\u00e9ponse aux march\u00e9s avec les clauses sociales Article 14 \u00a0: Valider l\u2019engagement de collaboration avec l\u2019ETTI GIROL pour la mise \u00e0 disposition de personnel adapt\u00e9 \u00e0 vos besoins du march\u00e9 Article 53 : \u2022 Co-construction sur la mise en \u0153uvre de la clause sociale du march\u00e9 ; recrutement, formation, accompagnement, \u2026 [&hellip;]<\/p>\n","protected":false},"author":11,"featured_media":6886,"parent":11,"menu_order":12,"comment_status":"open","ping_status":"closed","template":"","meta":{"_et_pb_use_builder":"","_et_pb_old_content":"","_et_gb_content_width":"","jetpack_post_was_ever_published":false},"yoast_head":"<!-- This site is optimized with the Yoast SEO plugin v21.1 - https:\/\/yoast.com\/wordpress\/plugins\/seo\/ -->\n<title>Les clauses d&#039;insertion - ICARE ITEM GIROL groupe. Services et emplois en Rh\u00f4ne-Alpes<\/title>\n<meta name=\"robots\" content=\"index, follow, max-snippet:-1, max-image-preview:large, max-video-preview:-1\" \/>\n<link rel=\"canonical\" href=\"https:\/\/www.groupe-icare.com\/solutions-emploi\/nos-services-aux-professionnels\/les-clauses-dinsertion\/\" \/>\n<meta property=\"og:locale\" content=\"fr_FR\" \/>\n<meta property=\"og:type\" content=\"article\" \/>\n<meta property=\"og:title\" content=\"Les clauses d&#039;insertion - ICARE ITEM GIROL groupe. Services et emplois en Rh\u00f4ne-Alpes\" \/>\n<meta property=\"og:description\" content=\"\u00a0facilitez vous : \u00a0La r\u00e9ponse aux march\u00e9s avec les clauses sociales Article 14 \u00a0: Valider l\u2019engagement de collaboration avec l\u2019ETTI GIROL pour la mise \u00e0 disposition de personnel adapt\u00e9 \u00e0 vos besoins du march\u00e9 Article 53 : \u2022 Co-construction sur la mise en \u0153uvre de la clause sociale du march\u00e9 ; recrutement, formation, accompagnement, \u2026 [&hellip;]\" \/>\n<meta property=\"og:url\" content=\"https:\/\/www.groupe-icare.com\/solutions-emploi\/nos-services-aux-professionnels\/les-clauses-dinsertion\/\" \/>\n<meta property=\"og:site_name\" content=\"ICARE ITEM GIROL groupe. Services et emplois en Rh\u00f4ne-Alpes\" \/>\n<meta property=\"article:modified_time\" content=\"2017-02-09T13:25:51+00:00\" \/>\n<meta property=\"og:image\" content=\"https:\/\/i0.wp.com\/www.groupe-icare.com\/solutions-emploi\/wp-content\/uploads\/2016\/12\/March\u00e9s-publics.jpg?fit=1484%2C940&ssl=1\" \/>\n\t<meta property=\"og:image:width\" content=\"1484\" \/>\n\t<meta property=\"og:image:height\" content=\"940\" \/>\n\t<meta property=\"og:image:type\" content=\"image\/jpeg\" \/>\n<meta name=\"twitter:card\" content=\"summary_large_image\" \/>\n<meta name=\"twitter:label1\" content=\"Dur\u00e9e de lecture estim\u00e9e\" \/>\n\t<meta name=\"twitter:data1\" content=\"1 minute\" \/>\n<script type=\"application\/ld+json\" class=\"yoast-schema-graph\">{\"@context\":\"https:\/\/schema.org\",\"@graph\":[{\"@type\":\"WebPage\",\"@id\":\"https:\/\/www.groupe-icare.com\/solutions-emploi\/nos-services-aux-professionnels\/les-clauses-dinsertion\/\",\"url\":\"https:\/\/www.groupe-icare.com\/solutions-emploi\/nos-services-aux-professionnels\/les-clauses-dinsertion\/\",\"name\":\"Les clauses d'insertion - ICARE ITEM GIROL groupe. Services et emplois en Rh\u00f4ne-Alpes\",\"isPartOf\":{\"@id\":\"https:\/\/www.groupe-icare.com\/solutions-emploi\/#website\"},\"datePublished\":\"2012-12-17T11:03:24+00:00\",\"dateModified\":\"2017-02-09T13:25:51+00:00\",\"breadcrumb\":{\"@id\":\"https:\/\/www.groupe-icare.com\/solutions-emploi\/nos-services-aux-professionnels\/les-clauses-dinsertion\/#breadcrumb\"},\"inLanguage\":\"fr-FR\",\"potentialAction\":[{\"@type\":\"ReadAction\",\"target\":[\"https:\/\/www.groupe-icare.com\/solutions-emploi\/nos-services-aux-professionnels\/les-clauses-dinsertion\/\"]}]},{\"@type\":\"BreadcrumbList\",\"@id\":\"https:\/\/www.groupe-icare.com\/solutions-emploi\/nos-services-aux-professionnels\/les-clauses-dinsertion\/#breadcrumb\",\"itemListElement\":[{\"@type\":\"ListItem\",\"position\":1,\"name\":\"Accueil\",\"item\":\"https:\/\/www.groupe-icare.com\/solutions-emploi\/\"},{\"@type\":\"ListItem\",\"position\":2,\"name\":\"Nos services aux entreprises (Girol)\",\"item\":\"https:\/\/www.groupe-icare.com\/solutions-emploi\/nos-services-aux-professionnels\/\"},{\"@type\":\"ListItem\",\"position\":3,\"name\":\"Les clauses d&rsquo;insertion\"}]},{\"@type\":\"WebSite\",\"@id\":\"https:\/\/www.groupe-icare.com\/solutions-emploi\/#website\",\"url\":\"https:\/\/www.groupe-icare.com\/solutions-emploi\/\",\"name\":\"ICARE ITEM GIROL groupe. Services et emplois en Rh\u00f4ne-Alpes\",\"description\":\"les solutions emploi de Rh\u00f4ne-Alpes\",\"potentialAction\":[{\"@type\":\"SearchAction\",\"target\":{\"@type\":\"EntryPoint\",\"urlTemplate\":\"https:\/\/www.groupe-icare.com\/solutions-emploi\/?s={search_term_string}\"},\"query-input\":\"required name=search_term_string\"}],\"inLanguage\":\"fr-FR\"}]}<\/script>\n<!-- \/ Yoast SEO plugin. -->","yoast_head_json":{"title":"Les clauses d'insertion - ICARE ITEM GIROL groupe. Services et emplois en Rh\u00f4ne-Alpes","robots":{"index":"index","follow":"follow","max-snippet":"max-snippet:-1","max-image-preview":"max-image-preview:large","max-video-preview":"max-video-preview:-1"},"canonical":"https:\/\/www.groupe-icare.com\/solutions-emploi\/nos-services-aux-professionnels\/les-clauses-dinsertion\/","og_locale":"fr_FR","og_type":"article","og_title":"Les clauses d'insertion - ICARE ITEM GIROL groupe. Services et emplois en Rh\u00f4ne-Alpes","og_description":"\u00a0facilitez vous : \u00a0La r\u00e9ponse aux march\u00e9s avec les clauses sociales Article 14 \u00a0: Valider l\u2019engagement de collaboration avec l\u2019ETTI GIROL pour la mise \u00e0 disposition de personnel adapt\u00e9 \u00e0 vos besoins du march\u00e9 Article 53 : \u2022 Co-construction sur la mise en \u0153uvre de la clause sociale du march\u00e9 ; recrutement, formation, accompagnement, \u2026 [&hellip;]","og_url":"https:\/\/www.groupe-icare.com\/solutions-emploi\/nos-services-aux-professionnels\/les-clauses-dinsertion\/","og_site_name":"ICARE ITEM GIROL groupe. Services et emplois en Rh\u00f4ne-Alpes","article_modified_time":"2017-02-09T13:25:51+00:00","og_image":[{"width":1484,"height":940,"url":"https:\/\/i0.wp.com\/www.groupe-icare.com\/solutions-emploi\/wp-content\/uploads\/2016\/12\/March\u00e9s-publics.jpg?fit=1484%2C940&ssl=1","type":"image\/jpeg"}],"twitter_card":"summary_large_image","twitter_misc":{"Dur\u00e9e de lecture estim\u00e9e":"1 minute"},"schema":{"@context":"https:\/\/schema.org","@graph":[{"@type":"WebPage","@id":"https:\/\/www.groupe-icare.com\/solutions-emploi\/nos-services-aux-professionnels\/les-clauses-dinsertion\/","url":"https:\/\/www.groupe-icare.com\/solutions-emploi\/nos-services-aux-professionnels\/les-clauses-dinsertion\/","name":"Les clauses d'insertion - ICARE ITEM GIROL groupe. Services et emplois en Rh\u00f4ne-Alpes","isPartOf":{"@id":"https:\/\/www.groupe-icare.com\/solutions-emploi\/#website"},"datePublished":"2012-12-17T11:03:24+00:00","dateModified":"2017-02-09T13:25:51+00:00","breadcrumb":{"@id":"https:\/\/www.groupe-icare.com\/solutions-emploi\/nos-services-aux-professionnels\/les-clauses-dinsertion\/#breadcrumb"},"inLanguage":"fr-FR","potentialAction":[{"@type":"ReadAction","target":["https:\/\/www.groupe-icare.com\/solutions-emploi\/nos-services-aux-professionnels\/les-clauses-dinsertion\/"]}]},{"@type":"BreadcrumbList","@id":"https:\/\/www.groupe-icare.com\/solutions-emploi\/nos-services-aux-professionnels\/les-clauses-dinsertion\/#breadcrumb","itemListElement":[{"@type":"ListItem","position":1,"name":"Accueil","item":"https:\/\/www.groupe-icare.com\/solutions-emploi\/"},{"@type":"ListItem","position":2,"name":"Nos services aux entreprises (Girol)","item":"https:\/\/www.groupe-icare.com\/solutions-emploi\/nos-services-aux-professionnels\/"},{"@type":"ListItem","position":3,"name":"Les clauses d&rsquo;insertion"}]},{"@type":"WebSite","@id":"https:\/\/www.groupe-icare.com\/solutions-emploi\/#website","url":"https:\/\/www.groupe-icare.com\/solutions-emploi\/","name":"ICARE ITEM GIROL groupe. Services et emplois en Rh\u00f4ne-Alpes","description":"les solutions emploi de Rh\u00f4ne-Alpes","potentialAction":[{"@type":"SearchAction","target":{"@type":"EntryPoint","urlTemplate":"https:\/\/www.groupe-icare.com\/solutions-emploi\/?s={search_term_string}"},"query-input":"required name=search_term_string"}],"inLanguage":"fr-FR"}]}},"jetpack_shortlink":"https:\/\/wp.me\/P7CrYq-g","jetpack-related-posts":[{"id":20,"url":"https:\/\/www.groupe-icare.com\/solutions-emploi\/les-structures\/","url_meta":{"origin":16,"position":0},"title":"Qui sommes-nous ?","author":"Communication-Icare","date":"17 d\u00e9cembre 2012","format":false,"excerpt":"Le GROUPE ICARE est un acteur lyonnais cherchant constamment \u00e0 apporter des solutions pour l\u2019emploi local. Le groupe ICARE favorise les solutions pour l\u2019emploi local Nos associations de l\u2019insertion par\u2026","rel":"","context":"Article similaire","block_context":{"text":"Article similaire","link":""},"img":{"alt_text":"","src":"https:\/\/i0.wp.com\/www.groupe-icare.com\/solutions-emploi\/wp-content\/uploads\/2016\/10\/groupe-icare-900x560.jpg?fit=900%2C560&ssl=1&resize=350%2C200","width":350,"height":200,"srcset":"https:\/\/i0.wp.com\/www.groupe-icare.com\/solutions-emploi\/wp-content\/uploads\/2016\/10\/groupe-icare-900x560.jpg?fit=900%2C560&ssl=1&resize=350%2C200 1x, https:\/\/i0.wp.com\/www.groupe-icare.com\/solutions-emploi\/wp-content\/uploads\/2016\/10\/groupe-icare-900x560.jpg?fit=900%2C560&ssl=1&resize=525%2C300 1.5x, https:\/\/i0.wp.com\/www.groupe-icare.com\/solutions-emploi\/wp-content\/uploads\/2016\/10\/groupe-icare-900x560.jpg?fit=900%2C560&ssl=1&resize=700%2C400 2x"},"classes":[]},{"id":35,"url":"https:\/\/www.groupe-icare.com\/solutions-emploi\/vous-etes-demandeur-demploi\/les-offres-demploi-2-2\/","url_meta":{"origin":16,"position":1},"title":"Les offres d&#8217;emploi","author":"Communication-Icare","date":"17 d\u00e9cembre 2012","format":false,"excerpt":"[et_pb_accordion admin_label=\"Les offres d'emploi\u2026","rel":"","context":"Article similaire","block_context":{"text":"Article similaire","link":""},"img":{"alt_text":"","src":"https:\/\/i0.wp.com\/www.groupe-icare.com\/solutions-emploi\/wp-content\/uploads\/2016\/10\/groupe-icare-900x560.jpg?fit=900%2C560&ssl=1&resize=350%2C200","width":350,"height":200,"srcset":"https:\/\/i0.wp.com\/www.groupe-icare.com\/solutions-emploi\/wp-content\/uploads\/2016\/10\/groupe-icare-900x560.jpg?fit=900%2C560&ssl=1&resize=350%2C200 1x, https:\/\/i0.wp.com\/www.groupe-icare.com\/solutions-emploi\/wp-content\/uploads\/2016\/10\/groupe-icare-900x560.jpg?fit=900%2C560&ssl=1&resize=525%2C300 1.5x, https:\/\/i0.wp.com\/www.groupe-icare.com\/solutions-emploi\/wp-content\/uploads\/2016\/10\/groupe-icare-900x560.jpg?fit=900%2C560&ssl=1&resize=700%2C400 2x"},"classes":[]},{"id":33,"url":"https:\/\/www.groupe-icare.com\/solutions-emploi\/vous-etes-demandeur-demploi\/fonctionnement\/","url_meta":{"origin":16,"position":2},"title":"Fonctionnement","author":"Communication-Icare","date":"17 d\u00e9cembre 2012","format":false,"excerpt":"LES \u00c9TAPES DU RETOUR \u00c0 L'EMPLOI 1\u2022 Contactez une agence du Groupe Icare. Vous \u00eates \u00e0 la recherche d\u2019un emploi, vous ne travaillez pas par ailleurs et vous souhaitez acc\u00e9der \u00e0 des missions de travail tout en \u00e9tant accompagn\u00e9 dans vos d\u00e9marches de recherche d\u2019emploi\u2026 Il vous suffit de pousser\u2026","rel":"","context":"Article similaire","block_context":{"text":"Article similaire","link":""},"img":{"alt_text":"","src":"https:\/\/i0.wp.com\/www.groupe-icare.com\/solutions-emploi\/wp-content\/uploads\/2018\/07\/parcours.jpg?fit=940%2C940&ssl=1&resize=350%2C200","width":350,"height":200,"srcset":"https:\/\/i0.wp.com\/www.groupe-icare.com\/solutions-emploi\/wp-content\/uploads\/2018\/07\/parcours.jpg?fit=940%2C940&ssl=1&resize=350%2C200 1x, https:\/\/i0.wp.com\/www.groupe-icare.com\/solutions-emploi\/wp-content\/uploads\/2018\/07\/parcours.jpg?fit=940%2C940&ssl=1&resize=525%2C300 1.5x, https:\/\/i0.wp.com\/www.groupe-icare.com\/solutions-emploi\/wp-content\/uploads\/2018\/07\/parcours.jpg?fit=940%2C940&ssl=1&resize=700%2C400 2x"},"classes":[]},{"id":11,"url":"https:\/\/www.groupe-icare.com\/solutions-emploi\/nos-services-aux-professionnels\/","url_meta":{"origin":16,"position":3},"title":"Nos services aux entreprises (Girol)","author":"Communication-Icare","date":"10 juin 2015","format":false,"excerpt":"GIROL est l\u2019entreprise de travail temporaire d\u2019insertion (ETTI) du Groupe ICARE GIROL identifie et valorise les comp\u00e9tences et la motivation des publics prioritaires, d\u00e9sireuses de se professionnaliser et de stabiliser durablement leur situation professionnelle, Et apporte leurs comp\u00e9tences et leur expertise au service des employeurs ouverts \u00e0 la diff\u00e9rence. Vous\u2026","rel":"","context":"Article similaire","block_context":{"text":"Article similaire","link":""},"img":{"alt_text":"","src":"","width":0,"height":0},"classes":[]},{"id":12,"url":"https:\/\/www.groupe-icare.com\/solutions-emploi\/nos-services-aux-professionnels\/les-metiers\/","url_meta":{"origin":16,"position":4},"title":"Nos offres de services pour les professionnels","author":"Communication-Icare","date":"17 d\u00e9cembre 2019","format":false,"excerpt":"Nous assurons la mise \u00e0 disposition d'un personnel form\u00e9 \u00e0 diff\u00e9rents m\u00e9tiers et\u2026","rel":"","context":"Article similaire","block_context":{"text":"Article similaire","link":""},"img":{"alt_text":"","src":"","width":0,"height":0},"classes":[]},{"id":9468,"url":"https:\/\/www.groupe-icare.com\/solutions-emploi\/vitaair-optimiser-vos-ressources-internes\/","url_meta":{"origin":16,"position":5},"title":"Vita&rsquo;Air, optimiser vos ressources internes","author":"Webmaster","date":"3 f\u00e9vrier 2022","format":false,"excerpt":"","rel":"","context":"Article similaire","block_context":{"text":"Article similaire","link":""},"img":{"alt_text":"","src":"https:\/\/i0.wp.com\/www.groupe-icare.com\/solutions-emploi\/wp-content\/uploads\/2016\/10\/groupe-icare-900x560.jpg?fit=900%2C560&ssl=1&resize=350%2C200","width":350,"height":200,"srcset":"https:\/\/i0.wp.com\/www.groupe-icare.com\/solutions-emploi\/wp-content\/uploads\/2016\/10\/groupe-icare-900x560.jpg?fit=900%2C560&ssl=1&resize=350%2C200 1x, https:\/\/i0.wp.com\/www.groupe-icare.com\/solutions-emploi\/wp-content\/uploads\/2016\/10\/groupe-icare-900x560.jpg?fit=900%2C560&ssl=1&resize=525%2C300 1.5x, https:\/\/i0.wp.com\/www.groupe-icare.com\/solutions-emploi\/wp-content\/uploads\/2016\/10\/groupe-icare-900x560.jpg?fit=900%2C560&ssl=1&resize=700%2C400 2x"},"classes":[]}],"jetpack_sharing_enabled":true,"_links":{"self":[{"href":"https:\/\/www.groupe-icare.com\/solutions-emploi\/wp-json\/wp\/v2\/pages\/16"}],"collection":[{"href":"https:\/\/www.groupe-icare.com\/solutions-emploi\/wp-json\/wp\/v2\/pages"}],"about":[{"href":"https:\/\/www.groupe-icare.com\/solutions-emploi\/wp-json\/wp\/v2\/types\/page"}],"author":[{"embeddable":true,"href":"https:\/\/www.groupe-icare.com\/solutions-emploi\/wp-json\/wp\/v2\/users\/11"}],"replies":[{"embeddable":true,"href":"https:\/\/www.groupe-icare.com\/solutions-emploi\/wp-json\/wp\/v2\/comments?post=16"}],"version-history":[{"count":4,"href":"https:\/\/www.groupe-icare.com\/solutions-emploi\/wp-json\/wp\/v2\/pages\/16\/revisions"}],"predecessor-version":[{"id":6547,"href":"https:\/\/www.groupe-icare.com\/solutions-emploi\/wp-json\/wp\/v2\/pages\/16\/revisions\/6547"}],"up":[{"embeddable":true,"href":"https:\/\/www.groupe-icare.com\/solutions-emploi\/wp-json\/wp\/v2\/pages\/11"}],"wp:featuredmedia":[{"embeddable":true,"href":"https:\/\/www.groupe-icare.com\/solutions-emploi\/wp-json\/wp\/v2\/media\/6886"}],"wp:attachment":[{"href":"https:\/\/www.groupe-icare.com\/solutions-emploi\/wp-json\/wp\/v2\/media?parent=16"}],"curies":[{"name":"wp","href":"https:\/\/api.w.org\/{rel}","templated":true}]}}