{"id":32,"date":"2015-06-10T12:05:29","date_gmt":"2015-06-10T11:05:29","guid":{"rendered":"http:\/\/www.groupe-icare.com\/?page_id=32"},"modified":"2023-04-03T17:53:10","modified_gmt":"2023-04-03T15:53:10","slug":"vous-etes-demandeur-demploi","status":"publish","type":"page","link":"https:\/\/www.groupe-icare.com\/solutions-emploi\/vous-etes-demandeur-demploi\/","title":{"rendered":"Vous \u00eates demandeur d&#8217;emploi ?"},"content":{"rendered":"<h2><\/h2>\n<h2>Groupe ICARE est au service des demandeurs d\u2019emploi<\/h2>\n<h4>(sous r\u00e9serve de crit\u00e8res d\u2019\u00e9ligibilit\u00e9 particuliers)<\/h4>\n<ol>\n<li>Vous souhaitez travailler dans le <a href=\"https:\/\/www.groupe-icare.com\/solutions-emploi\/services-aux-particuliers\/nos-services-aux-particuliers\/\"><strong>Service \u00e0 la Personne<\/strong><\/a><\/li>\n<li>Vous souhaitez travailler aupr\u00e8s des <a href=\"https:\/\/www.groupe-icare.com\/solutions-emploi\/nos-services-aux-professionnels\/les-metiers\/\"><strong>associations et collectivit\u00e9s<\/strong><\/a><\/li>\n<li>Vous souhaitez travailler aupr\u00e8s des <a href=\"https:\/\/www.groupe-icare.com\/solutions-emploi\/nos-services-aux-professionnels\/les-metiers\/\"><strong>entreprises<\/strong><\/a><\/li>\n<\/ol>\n<ul>\n<li>Si vous souhaitez <strong>vous inscrire<\/strong>, vous\u00a0contactez <a href=\"https:\/\/www.groupe-icare.com\/solutions-emploi\/nos-agences\/\">une agence de proximit\u00e9<\/a> du Groupe ICARE\u00a0pour leur faire part de votre situation et de votre demande.<\/li>\n<\/ul>\n<ul>\n<li>Si vous habitez Lyon, vous pouvez \u00e9galement \u00eatre accompagn\u00e9s par des r\u00e9f\u00e9rents\u00a0professionnels dans\u00a0la <a href=\"https:\/\/www.groupe-icare.com\/solutions-emploi\/les-structures\/le-projet-social\/\"><strong>construction de votre\u00a0projet professionnel<\/strong> <\/a>(lien avec fili\u00e8re accompagnement).<\/li>\n<\/ul>\n<p><img decoding=\"async\" loading=\"lazy\" data-attachment-id=\"8462\" data-permalink=\"https:\/\/www.groupe-icare.com\/solutions-emploi\/vous-etes-demandeur-demploi\/aspirateur\/\" data-orig-file=\"https:\/\/i0.wp.com\/www.groupe-icare.com\/solutions-emploi\/wp-content\/uploads\/2018\/07\/aspirateur.jpg?fit=1280%2C857&amp;ssl=1\" data-orig-size=\"1280,857\" data-comments-opened=\"1\" data-image-meta=\"{&quot;aperture&quot;:&quot;0&quot;,&quot;credit&quot;:&quot;&quot;,&quot;camera&quot;:&quot;&quot;,&quot;caption&quot;:&quot;&quot;,&quot;created_timestamp&quot;:&quot;0&quot;,&quot;copyright&quot;:&quot;&quot;,&quot;focal_length&quot;:&quot;0&quot;,&quot;iso&quot;:&quot;0&quot;,&quot;shutter_speed&quot;:&quot;0&quot;,&quot;title&quot;:&quot;&quot;,&quot;orientation&quot;:&quot;0&quot;}\" data-image-title=\"aspirateur\" data-image-description=\"\" data-image-caption=\"\" data-medium-file=\"https:\/\/i0.wp.com\/www.groupe-icare.com\/solutions-emploi\/wp-content\/uploads\/2018\/07\/aspirateur.jpg?fit=300%2C201&amp;ssl=1\" data-large-file=\"https:\/\/i0.wp.com\/www.groupe-icare.com\/solutions-emploi\/wp-content\/uploads\/2018\/07\/aspirateur.jpg?fit=866%2C580&amp;ssl=1\" class=\"alignnone wp-image-8462\" src=\"https:\/\/i0.wp.com\/www.groupe-icare.com\/solutions-emploi\/wp-content\/uploads\/2018\/07\/aspirateur.jpg?resize=252%2C169&#038;ssl=1\" alt=\"\" width=\"252\" height=\"169\" srcset=\"https:\/\/i0.wp.com\/www.groupe-icare.com\/solutions-emploi\/wp-content\/uploads\/2018\/07\/aspirateur.jpg?resize=866%2C580&amp;ssl=1 866w, https:\/\/i0.wp.com\/www.groupe-icare.com\/solutions-emploi\/wp-content\/uploads\/2018\/07\/aspirateur.jpg?resize=300%2C201&amp;ssl=1 300w, https:\/\/i0.wp.com\/www.groupe-icare.com\/solutions-emploi\/wp-content\/uploads\/2018\/07\/aspirateur.jpg?resize=768%2C514&amp;ssl=1 768w, https:\/\/i0.wp.com\/www.groupe-icare.com\/solutions-emploi\/wp-content\/uploads\/2018\/07\/aspirateur.jpg?resize=600%2C402&amp;ssl=1 600w, https:\/\/i0.wp.com\/www.groupe-icare.com\/solutions-emploi\/wp-content\/uploads\/2018\/07\/aspirateur.jpg?resize=1080%2C723&amp;ssl=1 1080w, https:\/\/i0.wp.com\/www.groupe-icare.com\/solutions-emploi\/wp-content\/uploads\/2018\/07\/aspirateur.jpg?w=1280&amp;ssl=1 1280w\" sizes=\"(max-width: 252px) 100vw, 252px\" data-recalc-dims=\"1\" \/>\u00a0\u00a0\u00a0\u00a0\u00a0\u00a0\u00a0\u00a0\u00a0\u00a0\u00a0\u00a0\u00a0 <img decoding=\"async\" loading=\"lazy\" data-attachment-id=\"8463\" data-permalink=\"https:\/\/www.groupe-icare.com\/solutions-emploi\/vous-etes-demandeur-demploi\/epr\/\" data-orig-file=\"https:\/\/i0.wp.com\/www.groupe-icare.com\/solutions-emploi\/wp-content\/uploads\/2018\/07\/epr.jpg?fit=640%2C428&amp;ssl=1\" data-orig-size=\"640,428\" data-comments-opened=\"1\" data-image-meta=\"{&quot;aperture&quot;:&quot;3.5&quot;,&quot;credit&quot;:&quot;&quot;,&quot;camera&quot;:&quot;NIKON D40X&quot;,&quot;caption&quot;:&quot;&quot;,&quot;created_timestamp&quot;:&quot;1265889285&quot;,&quot;copyright&quot;:&quot;&quot;,&quot;focal_length&quot;:&quot;18&quot;,&quot;iso&quot;:&quot;320&quot;,&quot;shutter_speed&quot;:&quot;0.033333333333333&quot;,&quot;title&quot;:&quot;&quot;,&quot;orientation&quot;:&quot;1&quot;}\" data-image-title=\"epr\" data-image-description=\"\" data-image-caption=\"\" data-medium-file=\"https:\/\/i0.wp.com\/www.groupe-icare.com\/solutions-emploi\/wp-content\/uploads\/2018\/07\/epr.jpg?fit=300%2C201&amp;ssl=1\" data-large-file=\"https:\/\/i0.wp.com\/www.groupe-icare.com\/solutions-emploi\/wp-content\/uploads\/2018\/07\/epr.jpg?fit=640%2C428&amp;ssl=1\" class=\"alignnone wp-image-8463\" src=\"https:\/\/i0.wp.com\/www.groupe-icare.com\/solutions-emploi\/wp-content\/uploads\/2018\/07\/epr.jpg?resize=254%2C170&#038;ssl=1\" alt=\"\" width=\"254\" height=\"170\" srcset=\"https:\/\/i0.wp.com\/www.groupe-icare.com\/solutions-emploi\/wp-content\/uploads\/2018\/07\/epr.jpg?w=640&amp;ssl=1 640w, https:\/\/i0.wp.com\/www.groupe-icare.com\/solutions-emploi\/wp-content\/uploads\/2018\/07\/epr.jpg?resize=300%2C201&amp;ssl=1 300w, https:\/\/i0.wp.com\/www.groupe-icare.com\/solutions-emploi\/wp-content\/uploads\/2018\/07\/epr.jpg?resize=600%2C401&amp;ssl=1 600w\" sizes=\"(max-width: 254px) 100vw, 254px\" data-recalc-dims=\"1\" \/><\/p>\n","protected":false},"excerpt":{"rendered":"<p>Groupe ICARE est au service des demandeurs d\u2019emploi (sous r\u00e9serve de crit\u00e8res d\u2019\u00e9ligibilit\u00e9 particuliers) Vous souhaitez travailler dans le Service \u00e0 la Personne Vous souhaitez travailler aupr\u00e8s des associations et collectivit\u00e9s Vous souhaitez travailler aupr\u00e8s des entreprises Si vous souhaitez vous inscrire, vous\u00a0contactez une agence de proximit\u00e9 du Groupe ICARE\u00a0pour leur faire part de votre [&hellip;]<\/p>\n","protected":false},"author":11,"featured_media":9924,"parent":0,"menu_order":0,"comment_status":"open","ping_status":"closed","template":"","meta":{"_et_pb_use_builder":"","_et_pb_old_content":"","_et_gb_content_width":"","jetpack_post_was_ever_published":false},"yoast_head":"<!-- This site is optimized with the Yoast SEO plugin v21.1 - https:\/\/yoast.com\/wordpress\/plugins\/seo\/ -->\n<title>Vous \u00eates demandeur d&#039;emploi ? - ICARE ITEM GIROL groupe. Services et emplois en Rh\u00f4ne-Alpes<\/title>\n<meta name=\"robots\" content=\"index, follow, max-snippet:-1, max-image-preview:large, max-video-preview:-1\" \/>\n<link rel=\"canonical\" href=\"https:\/\/www.groupe-icare.com\/solutions-emploi\/vous-etes-demandeur-demploi\/\" \/>\n<meta property=\"og:locale\" content=\"fr_FR\" \/>\n<meta property=\"og:type\" content=\"article\" \/>\n<meta property=\"og:title\" content=\"Vous \u00eates demandeur d&#039;emploi ? - ICARE ITEM GIROL groupe. Services et emplois en Rh\u00f4ne-Alpes\" \/>\n<meta property=\"og:description\" content=\"Groupe ICARE est au service des demandeurs d\u2019emploi (sous r\u00e9serve de crit\u00e8res d\u2019\u00e9ligibilit\u00e9 particuliers) Vous souhaitez travailler dans le Service \u00e0 la Personne Vous souhaitez travailler aupr\u00e8s des associations et collectivit\u00e9s Vous souhaitez travailler aupr\u00e8s des entreprises Si vous souhaitez vous inscrire, vous\u00a0contactez une agence de proximit\u00e9 du Groupe ICARE\u00a0pour leur faire part de votre [&hellip;]\" \/>\n<meta property=\"og:url\" content=\"https:\/\/www.groupe-icare.com\/solutions-emploi\/vous-etes-demandeur-demploi\/\" \/>\n<meta property=\"og:site_name\" content=\"ICARE ITEM GIROL groupe. Services et emplois en Rh\u00f4ne-Alpes\" \/>\n<meta property=\"article:modified_time\" content=\"2023-04-03T15:53:10+00:00\" \/>\n<meta property=\"og:image\" content=\"https:\/\/www.groupe-icare.com\/solutions-emploi\/wp-content\/uploads\/2023\/04\/grouep-icar-emploi.jpg\" \/>\n\t<meta property=\"og:image:width\" content=\"498\" \/>\n\t<meta property=\"og:image:height\" content=\"497\" \/>\n\t<meta property=\"og:image:type\" content=\"image\/jpeg\" \/>\n<meta name=\"twitter:card\" content=\"summary_large_image\" \/>\n<meta name=\"twitter:label1\" content=\"Dur\u00e9e de lecture estim\u00e9e\" \/>\n\t<meta name=\"twitter:data1\" content=\"1 minute\" \/>\n<script type=\"application\/ld+json\" class=\"yoast-schema-graph\">{\"@context\":\"https:\/\/schema.org\",\"@graph\":[{\"@type\":\"WebPage\",\"@id\":\"https:\/\/www.groupe-icare.com\/solutions-emploi\/vous-etes-demandeur-demploi\/\",\"url\":\"https:\/\/www.groupe-icare.com\/solutions-emploi\/vous-etes-demandeur-demploi\/\",\"name\":\"Vous \u00eates demandeur d'emploi ? - ICARE ITEM GIROL groupe. Services et emplois en Rh\u00f4ne-Alpes\",\"isPartOf\":{\"@id\":\"https:\/\/www.groupe-icare.com\/solutions-emploi\/#website\"},\"datePublished\":\"2015-06-10T11:05:29+00:00\",\"dateModified\":\"2023-04-03T15:53:10+00:00\",\"breadcrumb\":{\"@id\":\"https:\/\/www.groupe-icare.com\/solutions-emploi\/vous-etes-demandeur-demploi\/#breadcrumb\"},\"inLanguage\":\"fr-FR\",\"potentialAction\":[{\"@type\":\"ReadAction\",\"target\":[\"https:\/\/www.groupe-icare.com\/solutions-emploi\/vous-etes-demandeur-demploi\/\"]}]},{\"@type\":\"BreadcrumbList\",\"@id\":\"https:\/\/www.groupe-icare.com\/solutions-emploi\/vous-etes-demandeur-demploi\/#breadcrumb\",\"itemListElement\":[{\"@type\":\"ListItem\",\"position\":1,\"name\":\"Accueil\",\"item\":\"https:\/\/www.groupe-icare.com\/solutions-emploi\/\"},{\"@type\":\"ListItem\",\"position\":2,\"name\":\"Vous \u00eates demandeur d&#8217;emploi ?\"}]},{\"@type\":\"WebSite\",\"@id\":\"https:\/\/www.groupe-icare.com\/solutions-emploi\/#website\",\"url\":\"https:\/\/www.groupe-icare.com\/solutions-emploi\/\",\"name\":\"ICARE ITEM GIROL groupe. Services et emplois en Rh\u00f4ne-Alpes\",\"description\":\"les solutions emploi de Rh\u00f4ne-Alpes\",\"potentialAction\":[{\"@type\":\"SearchAction\",\"target\":{\"@type\":\"EntryPoint\",\"urlTemplate\":\"https:\/\/www.groupe-icare.com\/solutions-emploi\/?s={search_term_string}\"},\"query-input\":\"required name=search_term_string\"}],\"inLanguage\":\"fr-FR\"}]}<\/script>\n<!-- \/ Yoast SEO plugin. -->","yoast_head_json":{"title":"Vous \u00eates demandeur d'emploi ? - ICARE ITEM GIROL groupe. Services et emplois en Rh\u00f4ne-Alpes","robots":{"index":"index","follow":"follow","max-snippet":"max-snippet:-1","max-image-preview":"max-image-preview:large","max-video-preview":"max-video-preview:-1"},"canonical":"https:\/\/www.groupe-icare.com\/solutions-emploi\/vous-etes-demandeur-demploi\/","og_locale":"fr_FR","og_type":"article","og_title":"Vous \u00eates demandeur d'emploi ? - ICARE ITEM GIROL groupe. Services et emplois en Rh\u00f4ne-Alpes","og_description":"Groupe ICARE est au service des demandeurs d\u2019emploi (sous r\u00e9serve de crit\u00e8res d\u2019\u00e9ligibilit\u00e9 particuliers) Vous souhaitez travailler dans le Service \u00e0 la Personne Vous souhaitez travailler aupr\u00e8s des associations et collectivit\u00e9s Vous souhaitez travailler aupr\u00e8s des entreprises Si vous souhaitez vous inscrire, vous\u00a0contactez une agence de proximit\u00e9 du Groupe ICARE\u00a0pour leur faire part de votre [&hellip;]","og_url":"https:\/\/www.groupe-icare.com\/solutions-emploi\/vous-etes-demandeur-demploi\/","og_site_name":"ICARE ITEM GIROL groupe. Services et emplois en Rh\u00f4ne-Alpes","article_modified_time":"2023-04-03T15:53:10+00:00","og_image":[{"width":498,"height":497,"url":"https:\/\/www.groupe-icare.com\/solutions-emploi\/wp-content\/uploads\/2023\/04\/grouep-icar-emploi.jpg","type":"image\/jpeg"}],"twitter_card":"summary_large_image","twitter_misc":{"Dur\u00e9e de lecture estim\u00e9e":"1 minute"},"schema":{"@context":"https:\/\/schema.org","@graph":[{"@type":"WebPage","@id":"https:\/\/www.groupe-icare.com\/solutions-emploi\/vous-etes-demandeur-demploi\/","url":"https:\/\/www.groupe-icare.com\/solutions-emploi\/vous-etes-demandeur-demploi\/","name":"Vous \u00eates demandeur d'emploi ? - ICARE ITEM GIROL groupe. Services et emplois en Rh\u00f4ne-Alpes","isPartOf":{"@id":"https:\/\/www.groupe-icare.com\/solutions-emploi\/#website"},"datePublished":"2015-06-10T11:05:29+00:00","dateModified":"2023-04-03T15:53:10+00:00","breadcrumb":{"@id":"https:\/\/www.groupe-icare.com\/solutions-emploi\/vous-etes-demandeur-demploi\/#breadcrumb"},"inLanguage":"fr-FR","potentialAction":[{"@type":"ReadAction","target":["https:\/\/www.groupe-icare.com\/solutions-emploi\/vous-etes-demandeur-demploi\/"]}]},{"@type":"BreadcrumbList","@id":"https:\/\/www.groupe-icare.com\/solutions-emploi\/vous-etes-demandeur-demploi\/#breadcrumb","itemListElement":[{"@type":"ListItem","position":1,"name":"Accueil","item":"https:\/\/www.groupe-icare.com\/solutions-emploi\/"},{"@type":"ListItem","position":2,"name":"Vous \u00eates demandeur d&#8217;emploi ?"}]},{"@type":"WebSite","@id":"https:\/\/www.groupe-icare.com\/solutions-emploi\/#website","url":"https:\/\/www.groupe-icare.com\/solutions-emploi\/","name":"ICARE ITEM GIROL groupe. Services et emplois en Rh\u00f4ne-Alpes","description":"les solutions emploi de Rh\u00f4ne-Alpes","potentialAction":[{"@type":"SearchAction","target":{"@type":"EntryPoint","urlTemplate":"https:\/\/www.groupe-icare.com\/solutions-emploi\/?s={search_term_string}"},"query-input":"required name=search_term_string"}],"inLanguage":"fr-FR"}]}},"jetpack_shortlink":"https:\/\/wp.me\/P7CrYq-w","jetpack-related-posts":[{"id":33,"url":"https:\/\/www.groupe-icare.com\/solutions-emploi\/vous-etes-demandeur-demploi\/fonctionnement\/","url_meta":{"origin":32,"position":0},"title":"Fonctionnement","author":"Communication-Icare","date":"17 d\u00e9cembre 2012","format":false,"excerpt":"LES \u00c9TAPES DU RETOUR \u00c0 L'EMPLOI 1\u2022 Contactez une agence du Groupe Icare. Vous \u00eates \u00e0 la recherche d\u2019un emploi, vous ne travaillez pas par ailleurs et vous souhaitez acc\u00e9der \u00e0 des missions de travail tout en \u00e9tant accompagn\u00e9 dans vos d\u00e9marches de recherche d\u2019emploi\u2026 Il vous suffit de pousser\u2026","rel":"","context":"Article similaire","block_context":{"text":"Article similaire","link":""},"img":{"alt_text":"","src":"https:\/\/i0.wp.com\/www.groupe-icare.com\/solutions-emploi\/wp-content\/uploads\/2018\/07\/parcours.jpg?fit=940%2C940&ssl=1&resize=350%2C200","width":350,"height":200,"srcset":"https:\/\/i0.wp.com\/www.groupe-icare.com\/solutions-emploi\/wp-content\/uploads\/2018\/07\/parcours.jpg?fit=940%2C940&ssl=1&resize=350%2C200 1x, https:\/\/i0.wp.com\/www.groupe-icare.com\/solutions-emploi\/wp-content\/uploads\/2018\/07\/parcours.jpg?fit=940%2C940&ssl=1&resize=525%2C300 1.5x, https:\/\/i0.wp.com\/www.groupe-icare.com\/solutions-emploi\/wp-content\/uploads\/2018\/07\/parcours.jpg?fit=940%2C940&ssl=1&resize=700%2C400 2x"},"classes":[]},{"id":37,"url":"https:\/\/www.groupe-icare.com\/solutions-emploi\/vous-etes-demandeur-demploi\/sinscrire\/","url_meta":{"origin":32,"position":1},"title":"Comment trouve t-on un emploi avec le groupe Icare?","author":"Communication-Icare","date":"17 d\u00e9cembre 2012","format":false,"excerpt":"Candidater \u00e0 nos offres Consultez les offres d'emploi S\u00e9lectionnez le ou les offres qui vous int\u00e9ressent Postulez en envoyant votre CV directement au r\u00e9f\u00e9rent de l'offre S'inscrire pour devenir salari\u00e9 Se rendre ou contactez\u00a0l'une de nos 7 agences Qui peut s'inscrire au sein du Groupe ICARE ? Les personnes sans\u2026","rel":"","context":"Article similaire","block_context":{"text":"Article similaire","link":""},"img":{"alt_text":"","src":"https:\/\/i0.wp.com\/www.groupe-icare.com\/solutions-emploi\/wp-content\/uploads\/2016\/10\/groupe-icare-900x560.jpg?fit=900%2C560&ssl=1&resize=350%2C200","width":350,"height":200,"srcset":"https:\/\/i0.wp.com\/www.groupe-icare.com\/solutions-emploi\/wp-content\/uploads\/2016\/10\/groupe-icare-900x560.jpg?fit=900%2C560&ssl=1&resize=350%2C200 1x, https:\/\/i0.wp.com\/www.groupe-icare.com\/solutions-emploi\/wp-content\/uploads\/2016\/10\/groupe-icare-900x560.jpg?fit=900%2C560&ssl=1&resize=525%2C300 1.5x, https:\/\/i0.wp.com\/www.groupe-icare.com\/solutions-emploi\/wp-content\/uploads\/2016\/10\/groupe-icare-900x560.jpg?fit=900%2C560&ssl=1&resize=700%2C400 2x"},"classes":[]},{"id":35,"url":"https:\/\/www.groupe-icare.com\/solutions-emploi\/vous-etes-demandeur-demploi\/les-offres-demploi-2-2\/","url_meta":{"origin":32,"position":2},"title":"Les offres d&#8217;emploi","author":"Communication-Icare","date":"17 d\u00e9cembre 2012","format":false,"excerpt":"[et_pb_accordion admin_label=\"Les offres d'emploi\u2026","rel":"","context":"Article similaire","block_context":{"text":"Article similaire","link":""},"img":{"alt_text":"","src":"https:\/\/i0.wp.com\/www.groupe-icare.com\/solutions-emploi\/wp-content\/uploads\/2016\/10\/groupe-icare-900x560.jpg?fit=900%2C560&ssl=1&resize=350%2C200","width":350,"height":200,"srcset":"https:\/\/i0.wp.com\/www.groupe-icare.com\/solutions-emploi\/wp-content\/uploads\/2016\/10\/groupe-icare-900x560.jpg?fit=900%2C560&ssl=1&resize=350%2C200 1x, https:\/\/i0.wp.com\/www.groupe-icare.com\/solutions-emploi\/wp-content\/uploads\/2016\/10\/groupe-icare-900x560.jpg?fit=900%2C560&ssl=1&resize=525%2C300 1.5x, https:\/\/i0.wp.com\/www.groupe-icare.com\/solutions-emploi\/wp-content\/uploads\/2016\/10\/groupe-icare-900x560.jpg?fit=900%2C560&ssl=1&resize=700%2C400 2x"},"classes":[]},{"id":11,"url":"https:\/\/www.groupe-icare.com\/solutions-emploi\/nos-services-aux-professionnels\/","url_meta":{"origin":32,"position":3},"title":"Nos services aux entreprises (Girol)","author":"Communication-Icare","date":"10 juin 2015","format":false,"excerpt":"GIROL est l\u2019entreprise de travail temporaire d\u2019insertion (ETTI) du Groupe ICARE GIROL identifie et valorise les comp\u00e9tences et la motivation des publics prioritaires, d\u00e9sireuses de se professionnaliser et de stabiliser durablement leur situation professionnelle, Et apporte leurs comp\u00e9tences et leur expertise au service des employeurs ouverts \u00e0 la diff\u00e9rence. Vous\u2026","rel":"","context":"Article similaire","block_context":{"text":"Article similaire","link":""},"img":{"alt_text":"","src":"","width":0,"height":0},"classes":[]},{"id":688,"url":"https:\/\/www.groupe-icare.com\/solutions-emploi\/services-aux-particuliers\/nos-services-aux-particuliers\/domicare-2\/","url_meta":{"origin":32,"position":4},"title":"Aide et Maintien \u00e0 Domicile","author":"Communication-Icare","date":"2 juillet 2013","format":false,"excerpt":"Notre Groupe Icare est votre soci\u00e9t\u00e9 d\u2019aide \u00e0 la personne \u00e0 Tassin-la-Demi-Lune depuis 25 ans. Notre exp\u00e9rience nous a permis de cr\u00e9er DOMICARE pour intervenir directement aupr\u00e8s des personnes en perte d\u2019autonomie. Nous vous garantissons des prestations sur-mesure promulgu\u00e9es par des auxiliaires de vie qualifi\u00e9s dans l'Ouest Lyonnais: \u00e0 Lyon,\u2026","rel":"","context":"Article similaire","block_context":{"text":"Article similaire","link":""},"img":{"alt_text":"","src":"https:\/\/i0.wp.com\/www.groupe-icare.com\/solutions-emploi\/wp-content\/uploads\/2016\/10\/groupe-icare-900x560.jpg?fit=900%2C560&ssl=1&resize=350%2C200","width":350,"height":200,"srcset":"https:\/\/i0.wp.com\/www.groupe-icare.com\/solutions-emploi\/wp-content\/uploads\/2016\/10\/groupe-icare-900x560.jpg?fit=900%2C560&ssl=1&resize=350%2C200 1x, https:\/\/i0.wp.com\/www.groupe-icare.com\/solutions-emploi\/wp-content\/uploads\/2016\/10\/groupe-icare-900x560.jpg?fit=900%2C560&ssl=1&resize=525%2C300 1.5x, https:\/\/i0.wp.com\/www.groupe-icare.com\/solutions-emploi\/wp-content\/uploads\/2016\/10\/groupe-icare-900x560.jpg?fit=900%2C560&ssl=1&resize=700%2C400 2x"},"classes":[]},{"id":261,"url":"https:\/\/www.groupe-icare.com\/solutions-emploi\/","url_meta":{"origin":32,"position":5},"title":"Bienvenue &#8211; Site de Icare Groupe &#8211; emploi en Rh\u00f4ne-Alpes- recrutement","author":"Communication-Icare","date":"4 f\u00e9vrier 2013","format":false,"excerpt":"En d\u00e9veloppant des emplois localement et en facilitant l\u2019acc\u00e8s au travail et \u00e0 la qualification, le groupe ICARE participe au d\u00e9veloppement du territoire. Le groupe assure \u00e0 ses clients proximit\u00e9, r\u00e9activit\u00e9 et professionnalisme. Le groupe ICARE est employeur de toutes personnes d\u00e9l\u00e9gu\u00e9es et assure toute la gestion administrative et contractuelle\u2026","rel":"","context":"Article similaire","block_context":{"text":"Article similaire","link":""},"img":{"alt_text":"","src":"https:\/\/i0.wp.com\/www.groupe-icare.com\/solutions-emploi\/wp-content\/uploads\/2016\/10\/groupe-icare-900x560.jpg?fit=900%2C560&ssl=1&resize=350%2C200","width":350,"height":200,"srcset":"https:\/\/i0.wp.com\/www.groupe-icare.com\/solutions-emploi\/wp-content\/uploads\/2016\/10\/groupe-icare-900x560.jpg?fit=900%2C560&ssl=1&resize=350%2C200 1x, https:\/\/i0.wp.com\/www.groupe-icare.com\/solutions-emploi\/wp-content\/uploads\/2016\/10\/groupe-icare-900x560.jpg?fit=900%2C560&ssl=1&resize=525%2C300 1.5x, https:\/\/i0.wp.com\/www.groupe-icare.com\/solutions-emploi\/wp-content\/uploads\/2016\/10\/groupe-icare-900x560.jpg?fit=900%2C560&ssl=1&resize=700%2C400 2x"},"classes":[]}],"jetpack_sharing_enabled":true,"_links":{"self":[{"href":"https:\/\/www.groupe-icare.com\/solutions-emploi\/wp-json\/wp\/v2\/pages\/32"}],"collection":[{"href":"https:\/\/www.groupe-icare.com\/solutions-emploi\/wp-json\/wp\/v2\/pages"}],"about":[{"href":"https:\/\/www.groupe-icare.com\/solutions-emploi\/wp-json\/wp\/v2\/types\/page"}],"author":[{"embeddable":true,"href":"https:\/\/www.groupe-icare.com\/solutions-emploi\/wp-json\/wp\/v2\/users\/11"}],"replies":[{"embeddable":true,"href":"https:\/\/www.groupe-icare.com\/solutions-emploi\/wp-json\/wp\/v2\/comments?post=32"}],"version-history":[{"count":9,"href":"https:\/\/www.groupe-icare.com\/solutions-emploi\/wp-json\/wp\/v2\/pages\/32\/revisions"}],"predecessor-version":[{"id":9929,"href":"https:\/\/www.groupe-icare.com\/solutions-emploi\/wp-json\/wp\/v2\/pages\/32\/revisions\/9929"}],"wp:featuredmedia":[{"embeddable":true,"href":"https:\/\/www.groupe-icare.com\/solutions-emploi\/wp-json\/wp\/v2\/media\/9924"}],"wp:attachment":[{"href":"https:\/\/www.groupe-icare.com\/solutions-emploi\/wp-json\/wp\/v2\/media?parent=32"}],"curies":[{"name":"wp","href":"https:\/\/api.w.org\/{rel}","templated":true}]}}