{"id":33,"date":"2012-12-17T12:05:51","date_gmt":"2012-12-17T11:05:51","guid":{"rendered":"http:\/\/www.groupe-icare.com\/?page_id=33"},"modified":"2020-07-08T09:24:53","modified_gmt":"2020-07-08T07:24:53","slug":"fonctionnement","status":"publish","type":"page","link":"https:\/\/www.groupe-icare.com\/solutions-emploi\/vous-etes-demandeur-demploi\/fonctionnement\/","title":{"rendered":"Fonctionnement"},"content":{"rendered":"<h3>LES \u00c9TAPES DU RETOUR \u00c0 L&rsquo;EMPLOI<\/h3>\n<h3>1\u2022 Contactez une agence du Groupe Icare.<\/h3>\n<p>Vous \u00eates \u00e0 la <strong>recherche d\u2019un emploi<\/strong>, vous ne travaillez pas par ailleurs et vous souhaitez acc\u00e9der \u00e0 des missions de travail tout en \u00e9tant accompagn\u00e9 dans vos d\u00e9marches de recherche d\u2019emploi\u2026<\/p>\n<p>Il vous suffit de <strong>pousser la porte<\/strong> de <a href=\"https:\/\/www.groupe-icare.com\/solutions-emploi\/nos-agences\/\" target=\"_blank\" rel=\"noopener noreferrer\">l\u2019une de nos 7 agences<\/a> pour avoir <strong>un rendez-vous<\/strong> avec l\u2019un(e) de nos conseillers(\u00e8res) d\u2019insertion professionnelle.<\/p>\n<h3>2 \u2022 L&rsquo;entretien personnalis\u00e9.<\/h3>\n<p>Vous avez rendez-vous avec une conseill\u00e8re de recrutement qui sera votre r\u00e9f\u00e9rent tout au long de votre parcours. L&rsquo;objet de cet entretien est de mieux vous conna\u00eetre afin d&rsquo;\u00e9tablir ensemble des objectifs coh\u00e9rents dans l&rsquo;\u00e9laboration de votre parcours. L&rsquo;entretien est libre et confidentiel.<\/p>\n<p>Suite \u00e0 cet entretien il est \u00e9tudi\u00e9 si vous remplissez les crit\u00e8res pour vous inscrire dans un parcours au sein du Groupe ICARE.<\/p>\n<p>Votre inscription une fois valid\u00e9e, nous vous proposerons des missions de travail, des formations pratiques ainsi que des \u00e9valuations sur votre lieu de mission pour valider les comp\u00e9tences acquises ou \u00e0 d\u00e9velopper.<\/p>\n<p>Si votre inscription n&rsquo;est pas valid\u00e9e nous vous informerons des motifs. Le cas \u00e9ch\u00e9ant nous vous proposerons une r\u00e9orientation aupr\u00e8s d&rsquo;un autre acteur du territoire selon vos attentes et situation.<\/p>\n<h3>3 \u2022 Une formation adapt\u00e9e<\/h3>\n<p>Selon le domaine qui vous int\u00e9resse, votre profil et les comp\u00e9tences que vous poss\u00e9dez, nous vous orientons vers des formations pratiques afin d&rsquo;acqu\u00e9rir les techniques du m\u00e9tier que vous aurez choisi. A l&rsquo;issue de la formation, nous \u00e9valuons ensemble les progr\u00e8s effectu\u00e9s. L&rsquo;essentiel pour nous est de vous faire \u00e9voluer dans l&rsquo;apprentissage d&rsquo;un m\u00e9tier.<\/p>\n<h3>4 \u2022 La mission<\/h3>\n<p>C&rsquo;est la mise en situation r\u00e9elle. S&rsquo;adapter \u00e0 une \u00e9quipe, \u00e0 des horaires, \u00e0 des contraintes climatiques ou techniques, \u00e0 l&rsquo;apprentissage d&rsquo;un savoir-faire, \u00e0 l&rsquo;acquisition de nouvelles connaissances\u2026<br \/>\nRassurez-vous \u00e0 chaque mission, vous \u00eates suivi et encadr\u00e9 du d\u00e9but jusqu&rsquo;\u00e0 la fin (pr\u00e9sentation au client, visite sur le terrain, d\u00e9briefing en cours et en fin de mission).<br \/>\nVotre r\u00e9f\u00e9rent reste votre interlocuteur privil\u00e9gi\u00e9 \u00e0 chaque \u00e9tape de votre parcours.<\/p>\n<h3>D\u00c9ROULEMENT D&rsquo;UNE MISSION<\/h3>\n<ul>\n<li>Vous r\u00e9pondez au profil recherch\u00e9. Vous \u00eates s\u00e9lectionn\u00e9 pour un entretien d&#8217;embauche.<\/li>\n<li>A l&rsquo;issue de cet entretien, vous avez tous \u00e9l\u00e9ments pour accepter ou non la mission propos\u00e9e.<\/li>\n<li>La mission peut \u00eatre ponctuelle ou r\u00e9currente et aboutit parfois \u00e0 une embauche d\u00e9finitive.<\/li>\n<li>Dur\u00e9e des missions : selon la demande du client et ce que vous recherchez de 2 heures \u00e0 plein temps,<\/li>\n<\/ul>\n<p><strong>\u00a0<\/strong><\/p>\n","protected":false},"excerpt":{"rendered":"<p>LES \u00c9TAPES DU RETOUR \u00c0 L&rsquo;EMPLOI 1\u2022 Contactez une agence du Groupe Icare. Vous \u00eates \u00e0 la recherche d\u2019un emploi, vous ne travaillez pas par ailleurs et vous souhaitez acc\u00e9der \u00e0 des missions de travail tout en \u00e9tant accompagn\u00e9 dans vos d\u00e9marches de recherche d\u2019emploi\u2026 Il vous suffit de pousser la porte de l\u2019une de [&hellip;]<\/p>\n","protected":false},"author":11,"featured_media":8465,"parent":32,"menu_order":0,"comment_status":"open","ping_status":"open","template":"","meta":{"_et_pb_use_builder":"","_et_pb_old_content":"","_et_gb_content_width":"","jetpack_post_was_ever_published":false},"yoast_head":"<!-- This site is optimized with the Yoast SEO plugin v21.1 - https:\/\/yoast.com\/wordpress\/plugins\/seo\/ -->\n<title>Fonctionnement - ICARE ITEM GIROL groupe. Services et emplois en Rh\u00f4ne-Alpes<\/title>\n<meta name=\"robots\" content=\"index, follow, max-snippet:-1, max-image-preview:large, max-video-preview:-1\" \/>\n<link rel=\"canonical\" href=\"https:\/\/www.groupe-icare.com\/solutions-emploi\/vous-etes-demandeur-demploi\/fonctionnement\/\" \/>\n<meta property=\"og:locale\" content=\"fr_FR\" \/>\n<meta property=\"og:type\" content=\"article\" \/>\n<meta property=\"og:title\" content=\"Fonctionnement - ICARE ITEM GIROL groupe. Services et emplois en Rh\u00f4ne-Alpes\" \/>\n<meta property=\"og:description\" content=\"LES \u00c9TAPES DU RETOUR \u00c0 L&rsquo;EMPLOI 1\u2022 Contactez une agence du Groupe Icare. Vous \u00eates \u00e0 la recherche d\u2019un emploi, vous ne travaillez pas par ailleurs et vous souhaitez acc\u00e9der \u00e0 des missions de travail tout en \u00e9tant accompagn\u00e9 dans vos d\u00e9marches de recherche d\u2019emploi\u2026 Il vous suffit de pousser la porte de l\u2019une de [&hellip;]\" \/>\n<meta property=\"og:url\" content=\"https:\/\/www.groupe-icare.com\/solutions-emploi\/vous-etes-demandeur-demploi\/fonctionnement\/\" \/>\n<meta property=\"og:site_name\" content=\"ICARE ITEM GIROL groupe. Services et emplois en Rh\u00f4ne-Alpes\" \/>\n<meta property=\"article:modified_time\" content=\"2020-07-08T07:24:53+00:00\" \/>\n<meta property=\"og:image\" content=\"https:\/\/i0.wp.com\/www.groupe-icare.com\/solutions-emploi\/wp-content\/uploads\/2018\/07\/parcours.jpg?fit=940%2C940&ssl=1\" \/>\n\t<meta property=\"og:image:width\" content=\"940\" \/>\n\t<meta property=\"og:image:height\" content=\"940\" \/>\n\t<meta property=\"og:image:type\" content=\"image\/jpeg\" \/>\n<meta name=\"twitter:card\" content=\"summary_large_image\" \/>\n<meta name=\"twitter:label1\" content=\"Dur\u00e9e de lecture estim\u00e9e\" \/>\n\t<meta name=\"twitter:data1\" content=\"2 minutes\" \/>\n<script type=\"application\/ld+json\" class=\"yoast-schema-graph\">{\"@context\":\"https:\/\/schema.org\",\"@graph\":[{\"@type\":\"WebPage\",\"@id\":\"https:\/\/www.groupe-icare.com\/solutions-emploi\/vous-etes-demandeur-demploi\/fonctionnement\/\",\"url\":\"https:\/\/www.groupe-icare.com\/solutions-emploi\/vous-etes-demandeur-demploi\/fonctionnement\/\",\"name\":\"Fonctionnement - ICARE ITEM GIROL groupe. Services et emplois en Rh\u00f4ne-Alpes\",\"isPartOf\":{\"@id\":\"https:\/\/www.groupe-icare.com\/solutions-emploi\/#website\"},\"datePublished\":\"2012-12-17T11:05:51+00:00\",\"dateModified\":\"2020-07-08T07:24:53+00:00\",\"breadcrumb\":{\"@id\":\"https:\/\/www.groupe-icare.com\/solutions-emploi\/vous-etes-demandeur-demploi\/fonctionnement\/#breadcrumb\"},\"inLanguage\":\"fr-FR\",\"potentialAction\":[{\"@type\":\"ReadAction\",\"target\":[\"https:\/\/www.groupe-icare.com\/solutions-emploi\/vous-etes-demandeur-demploi\/fonctionnement\/\"]}]},{\"@type\":\"BreadcrumbList\",\"@id\":\"https:\/\/www.groupe-icare.com\/solutions-emploi\/vous-etes-demandeur-demploi\/fonctionnement\/#breadcrumb\",\"itemListElement\":[{\"@type\":\"ListItem\",\"position\":1,\"name\":\"Accueil\",\"item\":\"https:\/\/www.groupe-icare.com\/solutions-emploi\/\"},{\"@type\":\"ListItem\",\"position\":2,\"name\":\"Vous \u00eates demandeur d&#8217;emploi ?\",\"item\":\"https:\/\/www.groupe-icare.com\/solutions-emploi\/vous-etes-demandeur-demploi\/\"},{\"@type\":\"ListItem\",\"position\":3,\"name\":\"Fonctionnement\"}]},{\"@type\":\"WebSite\",\"@id\":\"https:\/\/www.groupe-icare.com\/solutions-emploi\/#website\",\"url\":\"https:\/\/www.groupe-icare.com\/solutions-emploi\/\",\"name\":\"ICARE ITEM GIROL groupe. Services et emplois en Rh\u00f4ne-Alpes\",\"description\":\"les solutions emploi de Rh\u00f4ne-Alpes\",\"potentialAction\":[{\"@type\":\"SearchAction\",\"target\":{\"@type\":\"EntryPoint\",\"urlTemplate\":\"https:\/\/www.groupe-icare.com\/solutions-emploi\/?s={search_term_string}\"},\"query-input\":\"required name=search_term_string\"}],\"inLanguage\":\"fr-FR\"}]}<\/script>\n<!-- \/ Yoast SEO plugin. -->","yoast_head_json":{"title":"Fonctionnement - ICARE ITEM GIROL groupe. Services et emplois en Rh\u00f4ne-Alpes","robots":{"index":"index","follow":"follow","max-snippet":"max-snippet:-1","max-image-preview":"max-image-preview:large","max-video-preview":"max-video-preview:-1"},"canonical":"https:\/\/www.groupe-icare.com\/solutions-emploi\/vous-etes-demandeur-demploi\/fonctionnement\/","og_locale":"fr_FR","og_type":"article","og_title":"Fonctionnement - ICARE ITEM GIROL groupe. Services et emplois en Rh\u00f4ne-Alpes","og_description":"LES \u00c9TAPES DU RETOUR \u00c0 L&rsquo;EMPLOI 1\u2022 Contactez une agence du Groupe Icare. Vous \u00eates \u00e0 la recherche d\u2019un emploi, vous ne travaillez pas par ailleurs et vous souhaitez acc\u00e9der \u00e0 des missions de travail tout en \u00e9tant accompagn\u00e9 dans vos d\u00e9marches de recherche d\u2019emploi\u2026 Il vous suffit de pousser la porte de l\u2019une de [&hellip;]","og_url":"https:\/\/www.groupe-icare.com\/solutions-emploi\/vous-etes-demandeur-demploi\/fonctionnement\/","og_site_name":"ICARE ITEM GIROL groupe. Services et emplois en Rh\u00f4ne-Alpes","article_modified_time":"2020-07-08T07:24:53+00:00","og_image":[{"width":940,"height":940,"url":"https:\/\/i0.wp.com\/www.groupe-icare.com\/solutions-emploi\/wp-content\/uploads\/2018\/07\/parcours.jpg?fit=940%2C940&ssl=1","type":"image\/jpeg"}],"twitter_card":"summary_large_image","twitter_misc":{"Dur\u00e9e de lecture estim\u00e9e":"2 minutes"},"schema":{"@context":"https:\/\/schema.org","@graph":[{"@type":"WebPage","@id":"https:\/\/www.groupe-icare.com\/solutions-emploi\/vous-etes-demandeur-demploi\/fonctionnement\/","url":"https:\/\/www.groupe-icare.com\/solutions-emploi\/vous-etes-demandeur-demploi\/fonctionnement\/","name":"Fonctionnement - ICARE ITEM GIROL groupe. Services et emplois en Rh\u00f4ne-Alpes","isPartOf":{"@id":"https:\/\/www.groupe-icare.com\/solutions-emploi\/#website"},"datePublished":"2012-12-17T11:05:51+00:00","dateModified":"2020-07-08T07:24:53+00:00","breadcrumb":{"@id":"https:\/\/www.groupe-icare.com\/solutions-emploi\/vous-etes-demandeur-demploi\/fonctionnement\/#breadcrumb"},"inLanguage":"fr-FR","potentialAction":[{"@type":"ReadAction","target":["https:\/\/www.groupe-icare.com\/solutions-emploi\/vous-etes-demandeur-demploi\/fonctionnement\/"]}]},{"@type":"BreadcrumbList","@id":"https:\/\/www.groupe-icare.com\/solutions-emploi\/vous-etes-demandeur-demploi\/fonctionnement\/#breadcrumb","itemListElement":[{"@type":"ListItem","position":1,"name":"Accueil","item":"https:\/\/www.groupe-icare.com\/solutions-emploi\/"},{"@type":"ListItem","position":2,"name":"Vous \u00eates demandeur d&#8217;emploi ?","item":"https:\/\/www.groupe-icare.com\/solutions-emploi\/vous-etes-demandeur-demploi\/"},{"@type":"ListItem","position":3,"name":"Fonctionnement"}]},{"@type":"WebSite","@id":"https:\/\/www.groupe-icare.com\/solutions-emploi\/#website","url":"https:\/\/www.groupe-icare.com\/solutions-emploi\/","name":"ICARE ITEM GIROL groupe. Services et emplois en Rh\u00f4ne-Alpes","description":"les solutions emploi de Rh\u00f4ne-Alpes","potentialAction":[{"@type":"SearchAction","target":{"@type":"EntryPoint","urlTemplate":"https:\/\/www.groupe-icare.com\/solutions-emploi\/?s={search_term_string}"},"query-input":"required name=search_term_string"}],"inLanguage":"fr-FR"}]}},"jetpack_shortlink":"https:\/\/wp.me\/P7CrYq-x","jetpack-related-posts":[{"id":37,"url":"https:\/\/www.groupe-icare.com\/solutions-emploi\/vous-etes-demandeur-demploi\/sinscrire\/","url_meta":{"origin":33,"position":0},"title":"Comment trouve t-on un emploi avec le groupe Icare?","author":"Communication-Icare","date":"17 d\u00e9cembre 2012","format":false,"excerpt":"Candidater \u00e0 nos offres Consultez les offres d'emploi S\u00e9lectionnez le ou les offres qui vous int\u00e9ressent Postulez en envoyant votre CV directement au r\u00e9f\u00e9rent de l'offre S'inscrire pour devenir salari\u00e9 Se rendre ou contactez\u00a0l'une de nos 7 agences Qui peut s'inscrire au sein du Groupe ICARE ? Les personnes sans\u2026","rel":"","context":"Article similaire","block_context":{"text":"Article similaire","link":""},"img":{"alt_text":"","src":"https:\/\/i0.wp.com\/www.groupe-icare.com\/solutions-emploi\/wp-content\/uploads\/2016\/10\/groupe-icare-900x560.jpg?fit=900%2C560&ssl=1&resize=350%2C200","width":350,"height":200,"srcset":"https:\/\/i0.wp.com\/www.groupe-icare.com\/solutions-emploi\/wp-content\/uploads\/2016\/10\/groupe-icare-900x560.jpg?fit=900%2C560&ssl=1&resize=350%2C200 1x, https:\/\/i0.wp.com\/www.groupe-icare.com\/solutions-emploi\/wp-content\/uploads\/2016\/10\/groupe-icare-900x560.jpg?fit=900%2C560&ssl=1&resize=525%2C300 1.5x, https:\/\/i0.wp.com\/www.groupe-icare.com\/solutions-emploi\/wp-content\/uploads\/2016\/10\/groupe-icare-900x560.jpg?fit=900%2C560&ssl=1&resize=700%2C400 2x"},"classes":[]},{"id":20,"url":"https:\/\/www.groupe-icare.com\/solutions-emploi\/les-structures\/","url_meta":{"origin":33,"position":1},"title":"Qui sommes-nous ?","author":"Communication-Icare","date":"17 d\u00e9cembre 2012","format":false,"excerpt":"Le GROUPE ICARE est un acteur lyonnais cherchant constamment \u00e0 apporter des solutions pour l\u2019emploi local. Le groupe ICARE favorise les solutions pour l\u2019emploi local Nos associations de l\u2019insertion par\u2026","rel":"","context":"Article similaire","block_context":{"text":"Article similaire","link":""},"img":{"alt_text":"","src":"https:\/\/i0.wp.com\/www.groupe-icare.com\/solutions-emploi\/wp-content\/uploads\/2016\/10\/groupe-icare-900x560.jpg?fit=900%2C560&ssl=1&resize=350%2C200","width":350,"height":200,"srcset":"https:\/\/i0.wp.com\/www.groupe-icare.com\/solutions-emploi\/wp-content\/uploads\/2016\/10\/groupe-icare-900x560.jpg?fit=900%2C560&ssl=1&resize=350%2C200 1x, https:\/\/i0.wp.com\/www.groupe-icare.com\/solutions-emploi\/wp-content\/uploads\/2016\/10\/groupe-icare-900x560.jpg?fit=900%2C560&ssl=1&resize=525%2C300 1.5x, https:\/\/i0.wp.com\/www.groupe-icare.com\/solutions-emploi\/wp-content\/uploads\/2016\/10\/groupe-icare-900x560.jpg?fit=900%2C560&ssl=1&resize=700%2C400 2x"},"classes":[]},{"id":6422,"url":"https:\/\/www.groupe-icare.com\/solutions-emploi\/menagez-vous-tassin-lyon\/","url_meta":{"origin":33,"position":2},"title":"M\u00e9nagez vous sur l\u2019Ouest Lyonnais","author":"Communication-Icare","date":"14 octobre 2019","format":false,"excerpt":"M\u00e9nagez-vous, ICARE est l\u00e0 ! Notre \u00e9quipe prend en charge de mani\u00e8re ponctuelle, occasionnelle ou r\u00e9guli\u00e8re\u00a0votre m\u00e9nage, le lavage de vos vitres ainsi que votre repassage pour vous apporter un bien-\u00eatre optimal \u00e0 domicile. Nous sommes pr\u00e9sents\u00a0\u00e0 Lyon, \u00a0Ecully, Francheville, Tassin-La-Demi-Lune, L\u2019Arbresle, Oullins, Brignais\u2026 Votre intervenant(e)\u00a0\u00e0 domicile dans l\u2019agglom\u00e9ration lyonnaise\u2026","rel":"","context":"Article similaire","block_context":{"text":"Article similaire","link":""},"img":{"alt_text":"","src":"https:\/\/i0.wp.com\/www.groupe-icare.com\/solutions-emploi\/wp-content\/uploads\/2016\/12\/M\u00e9nage-2-e1481549717230.jpg?fit=626%2C940&ssl=1&resize=350%2C200","width":350,"height":200,"srcset":"https:\/\/i0.wp.com\/www.groupe-icare.com\/solutions-emploi\/wp-content\/uploads\/2016\/12\/M\u00e9nage-2-e1481549717230.jpg?fit=626%2C940&ssl=1&resize=350%2C200 1x, https:\/\/i0.wp.com\/www.groupe-icare.com\/solutions-emploi\/wp-content\/uploads\/2016\/12\/M\u00e9nage-2-e1481549717230.jpg?fit=626%2C940&ssl=1&resize=525%2C300 1.5x"},"classes":[]},{"id":492,"url":"https:\/\/www.groupe-icare.com\/solutions-emploi\/services-aux-particuliers\/nos-services-aux-particuliers\/jardinage\/","url_meta":{"origin":33,"position":3},"title":"Jardinage","author":"Communication-Icare","date":"4 avril 2013","format":false,"excerpt":"Votre jardinage impeccable tout au long de l\u2019ann\u00e9e \u00e0 Lyon et dans l'Ouest Lyonnais Vous n\u2019avez plus assez de temps \u00e0 consacrer \u00e0 l\u2019entretien de votre jardin\u00a0? Nos jardiniers s\u2019assurent, pour vous, de maintenir un environnement ext\u00e9rieur agr\u00e9able. Nous vous accompagnons, de mani\u00e8re partielle ou totale, pour garantir le plein\u2026","rel":"","context":"Article similaire","block_context":{"text":"Article similaire","link":""},"img":{"alt_text":"","src":"https:\/\/i0.wp.com\/www.groupe-icare.com\/solutions-emploi\/wp-content\/uploads\/2020\/07\/jardin-500x500-1.jpg?fit=500%2C500&ssl=1&resize=350%2C200","width":350,"height":200},"classes":[]},{"id":32,"url":"https:\/\/www.groupe-icare.com\/solutions-emploi\/vous-etes-demandeur-demploi\/","url_meta":{"origin":33,"position":4},"title":"Vous \u00eates demandeur d&#8217;emploi ?","author":"Communication-Icare","date":"10 juin 2015","format":false,"excerpt":"Groupe ICARE est au service des demandeurs d\u2019emploi (sous r\u00e9serve de crit\u00e8res d\u2019\u00e9ligibilit\u00e9 particuliers) Vous souhaitez travailler dans le Service \u00e0 la Personne Vous souhaitez travailler aupr\u00e8s des associations et collectivit\u00e9s Vous souhaitez travailler aupr\u00e8s des entreprises Si vous souhaitez vous inscrire, vous\u00a0contactez une agence de proximit\u00e9 du Groupe ICARE\u00a0pour\u2026","rel":"","context":"Article similaire","block_context":{"text":"Article similaire","link":""},"img":{"alt_text":"","src":"https:\/\/i0.wp.com\/www.groupe-icare.com\/solutions-emploi\/wp-content\/uploads\/2023\/04\/grouep-icar-emploi.jpg?fit=498%2C497&ssl=1&resize=350%2C200","width":350,"height":200},"classes":[]},{"id":261,"url":"https:\/\/www.groupe-icare.com\/solutions-emploi\/","url_meta":{"origin":33,"position":5},"title":"Bienvenue &#8211; Site de Icare Groupe &#8211; emploi en Rh\u00f4ne-Alpes- recrutement","author":"Communication-Icare","date":"4 f\u00e9vrier 2013","format":false,"excerpt":"En d\u00e9veloppant des emplois localement et en facilitant l\u2019acc\u00e8s au travail et \u00e0 la qualification, le groupe ICARE participe au d\u00e9veloppement du territoire. Le groupe assure \u00e0 ses clients proximit\u00e9, r\u00e9activit\u00e9 et professionnalisme. Le groupe ICARE est employeur de toutes personnes d\u00e9l\u00e9gu\u00e9es et assure toute la gestion administrative et contractuelle\u2026","rel":"","context":"Article similaire","block_context":{"text":"Article similaire","link":""},"img":{"alt_text":"","src":"https:\/\/i0.wp.com\/www.groupe-icare.com\/solutions-emploi\/wp-content\/uploads\/2016\/10\/groupe-icare-900x560.jpg?fit=900%2C560&ssl=1&resize=350%2C200","width":350,"height":200,"srcset":"https:\/\/i0.wp.com\/www.groupe-icare.com\/solutions-emploi\/wp-content\/uploads\/2016\/10\/groupe-icare-900x560.jpg?fit=900%2C560&ssl=1&resize=350%2C200 1x, https:\/\/i0.wp.com\/www.groupe-icare.com\/solutions-emploi\/wp-content\/uploads\/2016\/10\/groupe-icare-900x560.jpg?fit=900%2C560&ssl=1&resize=525%2C300 1.5x, https:\/\/i0.wp.com\/www.groupe-icare.com\/solutions-emploi\/wp-content\/uploads\/2016\/10\/groupe-icare-900x560.jpg?fit=900%2C560&ssl=1&resize=700%2C400 2x"},"classes":[]}],"jetpack_sharing_enabled":true,"_links":{"self":[{"href":"https:\/\/www.groupe-icare.com\/solutions-emploi\/wp-json\/wp\/v2\/pages\/33"}],"collection":[{"href":"https:\/\/www.groupe-icare.com\/solutions-emploi\/wp-json\/wp\/v2\/pages"}],"about":[{"href":"https:\/\/www.groupe-icare.com\/solutions-emploi\/wp-json\/wp\/v2\/types\/page"}],"author":[{"embeddable":true,"href":"https:\/\/www.groupe-icare.com\/solutions-emploi\/wp-json\/wp\/v2\/users\/11"}],"replies":[{"embeddable":true,"href":"https:\/\/www.groupe-icare.com\/solutions-emploi\/wp-json\/wp\/v2\/comments?post=33"}],"version-history":[{"count":7,"href":"https:\/\/www.groupe-icare.com\/solutions-emploi\/wp-json\/wp\/v2\/pages\/33\/revisions"}],"predecessor-version":[{"id":9114,"href":"https:\/\/www.groupe-icare.com\/solutions-emploi\/wp-json\/wp\/v2\/pages\/33\/revisions\/9114"}],"up":[{"embeddable":true,"href":"https:\/\/www.groupe-icare.com\/solutions-emploi\/wp-json\/wp\/v2\/pages\/32"}],"wp:featuredmedia":[{"embeddable":true,"href":"https:\/\/www.groupe-icare.com\/solutions-emploi\/wp-json\/wp\/v2\/media\/8465"}],"wp:attachment":[{"href":"https:\/\/www.groupe-icare.com\/solutions-emploi\/wp-json\/wp\/v2\/media?parent=33"}],"curies":[{"name":"wp","href":"https:\/\/api.w.org\/{rel}","templated":true}]}}