{"id":6161,"date":"2016-06-30T17:33:18","date_gmt":"2016-06-30T15:33:18","guid":{"rendered":"http:\/\/www.groupe-icare.com\/solutions-emploi\/?page_id=6161"},"modified":"2026-02-26T15:11:33","modified_gmt":"2026-02-26T14:11:33","slug":"nos-agences","status":"publish","type":"page","link":"https:\/\/www.groupe-icare.com\/solutions-emploi\/nos-agences\/","title":{"rendered":"Nos Agences"},"content":{"rendered":"[et_pb_section fb_built=\u00a0\u00bb1&Prime; fullwidth=\u00a0\u00bbon\u00a0\u00bb _builder_version=\u00a0\u00bb4.16&Prime; global_colors_info=\u00a0\u00bb{}\u00a0\u00bb][et_pb_fullwidth_map address=\u00a0\u00bb6 Rue de la Libert\u00e9, 69160 Tassin-la-Demi-Lune, France\u00a0\u00bb zoom_level=\u00a0\u00bb10&Prime; address_lat=\u00a0\u00bb45.74445997363278&Prime; address_lng=\u00a0\u00bb4.779663499999955&Prime; admin_label=\u00a0\u00bbCarte plein \u00e9cran\u00a0\u00bb _builder_version=\u00a0\u00bb4.19.1&Prime; global_colors_info=\u00a0\u00bb{}\u00a0\u00bb][et_pb_map_pin title=\u00a0\u00bbAgence LYON 5&Prime; pin_address=\u00a0\u00bb1 Avenue du Doyenn\u00e9, 69005 Lyon-5E-Arrondissement, France\u00a0\u00bb pin_address_lat=\u00a0\u00bb45.7597317&Prime; pin_address_lng=\u00a0\u00bb4.826758499999983&Prime; _builder_version=\u00a0\u00bb3.0.90&Prime; global_colors_info=\u00a0\u00bb{}\u00a0\u00bb]\n<h4>04 78 92 89 70<\/h4>\n<p><strong>1 avenue du doyenn\u00e9 &#8211; 69005 Lyon<\/strong><br \/>\n[\/et_pb_map_pin][et_pb_map_pin title=\u00a0\u00bbAgence LYON 9&Prime; pin_address=\u00a0\u00bb17 Rue Louis Loucheur, 69009 Lyon, France\u00a0\u00bb pin_address_lat=\u00a0\u00bb45.7679479&Prime; pin_address_lng=\u00a0\u00bb4.802090499999963&Prime; _builder_version=\u00a0\u00bb3.0.90&Prime; global_colors_info=\u00a0\u00bb{}\u00a0\u00bb]\n<h4>04 72 53 98 89<\/h4>\n<p><strong>17 rue Louis Loucheur &#8211; 69009 Lyon<\/strong><br \/>\n[\/et_pb_map_pin][et_pb_map_pin title=\u00a0\u00bbAgence OULLINS\u00a0\u00bb pin_address=\u00a0\u00bb2 Rue L\u00e9on Bourgeois, 69600 Oullins, France\u00a0\u00bb pin_address_lat=\u00a0\u00bb45.7126827&Prime; pin_address_lng=\u00a0\u00bb4.801686600000039&Prime; _builder_version=\u00a0\u00bb3.0.90&Prime; global_colors_info=\u00a0\u00bb{}\u00a0\u00bb]\n<h4>04 72 66 66 72<\/h4>\n<p><strong>2, rue L\u00e9on Bourgeois &#8211; 69600 Oullins<\/strong><br \/>\n[\/et_pb_map_pin][et_pb_map_pin title=\u00a0\u00bbAgence L&rsquo;ARBRESLE\u00a0\u00bb pin_address=\u00a0\u00bb11 Rue Gabriel P\u00e9ri, 69210 L&rsquo;Arbresle, France\u00a0\u00bb pin_address_lat=\u00a0\u00bb45.8346988&Prime; pin_address_lng=\u00a0\u00bb4.6159205&Prime; _builder_version=\u00a0\u00bb4.19.1&Prime; global_colors_info=\u00a0\u00bb{}\u00a0\u00bb]\n<h4>04 74 26 72 79<\/h4>\n<p><strong>L\u2019Arborescence 117, rue Pierre Passemard 69210 L&rsquo;Arbresle<\/strong><\/p>\n[\/et_pb_map_pin][et_pb_map_pin title=\u00a0\u00bbAgence de GIVORS\u00a0\u00bb pin_address=\u00a0\u00bb13 Avenue Mar\u00e9chal Leclerc, 69700 Givors, France\u00a0\u00bb pin_address_lat=\u00a0\u00bb45.5888216&Prime; pin_address_lng=\u00a0\u00bb4.772984700000052&Prime; _builder_version=\u00a0\u00bb3.0.90&Prime; global_colors_info=\u00a0\u00bb{}\u00a0\u00bb]\n<h4>04 78 51 12 27<\/h4>\n<p><strong>13,\u00a0Avenue Mar\u00e9chal Leclerc\u00a0\u2013 69700 Givors<\/strong><br \/>\n[\/et_pb_map_pin][et_pb_map_pin title=\u00a0\u00bbAGENCE DE FRANCHEVILLE\u00a0\u00bb pin_address=\u00a0\u00bb40 Av. de la Table de Pierre, 69340 Francheville, France\u00a0\u00bb pin_address_lat=\u00a0\u00bb45.7487044&Prime; pin_address_lng=\u00a0\u00bb4.752535&Prime; _builder_version=\u00a0\u00bb4.6.5&Prime; global_colors_info=\u00a0\u00bb{}\u00a0\u00bb]\n<h4>04 78 34 06 94<\/h4>\n<p><strong>Les Grandes voisines<br \/>40 avenue de la Table de Pierre &#8211; 69340 Francheville<\/strong><\/p>\n[\/et_pb_map_pin][\/et_pb_fullwidth_map][\/et_pb_section][et_pb_section fb_built=\u00a0\u00bb1&Prime; admin_label=\u00a0\u00bbsection\u00a0\u00bb _builder_version=\u00a0\u00bb4.16&Prime; global_colors_info=\u00a0\u00bb{}\u00a0\u00bb][et_pb_row padding_mobile=\u00a0\u00bboff\u00a0\u00bb column_padding_mobile=\u00a0\u00bbon\u00a0\u00bb admin_label=\u00a0\u00bbrow\u00a0\u00bb _builder_version=\u00a0\u00bb4.16&Prime; background_size=\u00a0\u00bbinitial\u00a0\u00bb background_position=\u00a0\u00bbtop_left\u00a0\u00bb background_repeat=\u00a0\u00bbrepeat\u00a0\u00bb global_colors_info=\u00a0\u00bb{}\u00a0\u00bb][et_pb_column type=\u00a0\u00bb4_4&Prime; _builder_version=\u00a0\u00bb4.16&Prime; custom_padding=\u00a0\u00bb|||\u00a0\u00bb global_colors_info=\u00a0\u00bb{}\u00a0\u00bb custom_padding__hover=\u00a0\u00bb|||\u00a0\u00bb][et_pb_text admin_label=\u00a0\u00bbListe des agences et coordonn\u00e9es\u00a0\u00bb _builder_version=\u00a0\u00bb4.19.1&Prime; background_size=\u00a0\u00bbinitial\u00a0\u00bb background_position=\u00a0\u00bbtop_left\u00a0\u00bb background_repeat=\u00a0\u00bbrepeat\u00a0\u00bb max_width=\u00a0\u00bb60%\u00a0\u00bb max_width_tablet=\u00a0\u00bb75%\u00a0\u00bb max_width_phone=\u00a0\u00bb90%\u00a0\u00bb max_width_last_edited=\u00a0\u00bbon|desktop\u00a0\u00bb hover_enabled=\u00a0\u00bb0&Prime; custom_css_main_element=\u00a0\u00bbmargin: 0 auto;\u00a0\u00bb border_color_all=\u00a0\u00bb#ffffff\u00a0\u00bb use_border_color=\u00a0\u00bboff\u00a0\u00bb global_colors_info=\u00a0\u00bb{}\u00a0\u00bb sticky_enabled=\u00a0\u00bb0&Prime;]\n<h2><span style=\"font-size: 12pt;\">Vous \u00eates un <strong><a href=\"https:\/\/www.groupe-icare.com\/solutions-emploi\/services-aux-particuliers\/nos-services-aux-particuliers\/\">particulier<\/a><\/strong>, <strong>une <a href=\"https:\/\/www.groupe-icare.com\/solutions-emploi\/nos-services-aux-professionnels\/les-metiers\/\">entreprise, une association ou une collectivit\u00e9 <\/a><\/strong>et vous cherchez du personnel ?<\/span><\/h2>\n<h3><span style=\"font-size: 12pt;\"><br \/><\/span>Contactez votre agence de proximit\u00e9 :<\/h3>\n<p>Nos agences situ\u00e9es au plus proche de nos clients, des demandeurs d\u2019emploi et de nos partenaires \u00e0 l\u2019emploi, ont une bonne connaissance des territoires et des acteurs locaux.<\/p>\n<h2>Agence LYON 5 : 04 78 92 89 70<\/h2>\n<p><strong>1 avenue du doyenn\u00e9 &#8211; 69005 Lyon<\/strong><\/p>\n<p>Horaires d&rsquo;ouverture :<br \/>lundi au jeudi 8h 30 \u00e0 12h 30 et de 13h 30 \u00e0 17h 30<br \/>le vendredi de 8h 30 \u00e0 12h 30 et de 13h 30 \u00e0 16h 30<\/p>\n<h2>Agence LYON 9 : 04 72 53 98 89<\/h2>\n<p><strong>17 rue Louis Loucheur &#8211; 69009 Lyon<\/strong><\/p>\n<p>Horaires d&rsquo;ouverture :<br \/>lundi au jeudi 8h 30 \u00e0 12h 30 et de 13h 30 \u00e0 17h 30<br \/>le vendredi de 8h 30 \u00e0 12h 30 et de 13h 30 \u00e0 16h 30<\/p>\n<h2>Agence FRANCHEVILLE : 04 78 34 06 94<\/h2>\n<p><strong>Les Grandes voisines<br \/>40 avenue de la Table de Pierre &#8211; 69340 Francheville<\/strong><\/p>\n<p>Horaires d&rsquo;ouverture :<br \/>lundi au jeudi 8h 30 \u00e0 12h 30 et de 13h 30 \u00e0 17h 30<br \/>le vendredi de 8h 30 \u00e0 12h 30 et de 13h 30 \u00e0 16h 30<\/p>\n<h2>Agence OULLINS : 04 72 66 66 72<\/h2>\n<p><strong>2, rue L\u00e9on Bourgeois &#8211; 69600 Oullins<\/strong><\/p>\n<p>Horaires d&rsquo;ouverture :<br \/>lundi au jeudi 8h 30 \u00e0 12h 30 et de 13h 30 \u00e0 17h 30<br \/>le vendredi de 8h 30 \u00e0 12h 30 et de 13h 30 \u00e0 16h 30<\/p>\n<h2>Agence GIVORS : 04 78 51 12 27<\/h2>\n<p><strong>13,\u00a0Avenue Mar\u00e9chal Leclerc\u00a0\u2013 69700 Givors<\/strong><\/p>\n<p>Horaires d&rsquo;ouverture :<br \/>lundi au jeudi 8h 30 \u00e0 12h 30 et de 13h 30 \u00e0 17h 30<br \/>le vendredi de 8h 30 \u00e0 12h 30 et de 13h 30 \u00e0 16h 30<\/p>\n<h2>Agence L&rsquo;ARBRESLE : 04 74 26 72 79<\/h2>\n<p><strong>L\u2019Arborescence 117, rue Pierre Passemard 69210 L&rsquo;Arbresle<\/strong><\/p>\n<p>Horaires d&rsquo;ouverture :<br \/>lundi au jeudi 9h \u00e0 12h 30 et de 13h 30 \u00e0 17h<br \/>le vendredi de 9h \u00e0 12h 30 et de 13h 30 \u00e0 16h 30.<\/p>\n[\/et_pb_text][\/et_pb_column][\/et_pb_row][\/et_pb_section]\n","protected":false},"excerpt":{"rendered":"<p>04 78 92 89 70 1 avenue du doyenn\u00e9 &#8211; 69005 Lyon 04 72 53 98 89 17 rue Louis Loucheur &#8211; 69009 Lyon 04 72 66 66 72 2, rue L\u00e9on Bourgeois &#8211; 69600 Oullins 04 74 26 72 79 L\u2019Arborescence 117, rue Pierre Passemard 69210 L&rsquo;Arbresle04 78 51 12 27 13,\u00a0Avenue Mar\u00e9chal Leclerc\u00a0\u2013 [&hellip;]<\/p>\n","protected":false},"author":11,"featured_media":6493,"parent":0,"menu_order":0,"comment_status":"closed","ping_status":"closed","template":"","meta":{"_et_pb_use_builder":"on","_et_pb_old_content":"<h1>Nos agences & villes d'intervention<\/h1><h2>Agence BRIGNAIS :\u00a004 72 66 66 72<\/h2><p><strong>Plateforme emploi et coh\u00e9sion sociale - 23 rue Paul Bovier Lapierre - 69530 Brignais <\/strong><br \/>CHASSAGNY \u2022 ECHALAS \u2022 GIVORS \u2022 GRIGNY \u2022 MILLERY \u2022 MONTAGNY \u2022\u00a0 SAINT JEAN DE TOUSLAS \u2022\u00a0 MORNANT \u2022 ORLIENAS \u2022 RONTALON \u2022 SAINT LAURENT D'AGNY \u2022 SAINT MAURICE SUR DARGOIRE \u2022 SAINT SORLIN \u2022 SOUCIEU EN JARRET \u2022 TALUYER \u2022 VOURLES \u2022 CHARLY \u2022 CHAPONOST \u2022 ST ANDEOL<\/p><p>permanence : lundi 8h 30 12h 30 et de 13h 30 \u00e0 17h 30<\/p><h2>Agence LYON 5 : 04 78 92 89 70<\/h2><p><strong>1 avenue du doyenn\u00e9 - 69005 Lyon<\/strong><\/p><p>ouverture : lundi au jeudi 8h 30 12h 30 et de 13h 30 \u00e0 17h 30<br \/>le vendredi de 8h 30 \u00e0 12h 30 et de 13h 30 \u00e0 16h 30<\/p><h2>Agence LYON 9 : 04 72 53 98 89<\/h2><p><strong>17 rue Louis Loucheur - 69009 Lyon<\/strong><\/p><p>ouverture : lundi au jeudi 8h 30 12h 30 et de 13h 30 \u00e0 17h 30<br \/>le vendredi de 8h 30 \u00e0 12h 30 et de 13h 30 \u00e0 16h 30<\/p><h2>Agence OULLINS 04 72 66 66 72<\/h2><p><strong>2, rue L\u00e9on Bourgeois - 69600 Oullins<\/strong><br \/>CHASSAGNY \u2022\u00a0 LARAJASSE \u2022 COISE \u2022 POMEYS \u2022 CHAUSSAN \u2022 MEYS\u00a0 \u2022\u00a0 ST JEAN DE TOUSLAS \u2022 ORLIENAS \u2022LE CH\u00c2TEAU \u2022 ST ANDR\u00c9 LA C\u00d4TE \u2022 SOUCIEU EN JARREST \u2022 AVEIZE \u2022 ECHALAS \u2022 MILLERY \u2022 ST MAURICE SUR DARGOIRE \u2022 ST SORLIN \u2022 ST SYMPHORIEN SUR COISE \u2022 TALUYERS \u2022 CHAPONOST \u2022 IRIGNY \u2022 LA MULATI\u00c8RE \u2022 VERNAISON \u2022 PIERRE B\u00c9NITE \u2022 STE FOY LES LYON<\/p><p>ouverture : lundi au jeudi 8h 30 12h 30 et de 13h 30 \u00e0 17h 30<br \/>le vendredi de 8h 30 \u00e0 12h 30 et de 13h 30 \u00e0 16h 30<\/p><h2>Agence TASSIN 04 78 34 06 94<\/h2><p><strong>6, rue de la Libert\u00e9 - 69160 Tassin<\/strong><br \/>ST LAURENT DE VAUX \u2022 CRAPONNE \u2022 DARDILLY \u2022 ECULLY \u2022 CHARBONNI\u00c8RES-LES-BAINS \u2022 TASSIN \u2022 ST CYR AU MONT D'OR \u2022 MARCY L'\u00c9TOILE \u2022 COLLONGES \u2022 CHAMPAGNE AU MONT D'OR \u2022 BRINDAS \u2022 FRANCHEVILLE \u2022 POLLIONNAY \u2022 LYON \u2022 THURINS \u2022 COURZIEU \u2022 ST DIDIER AU MONT D'OR \u2022 GR\u00c9ZIEU LA VARENNE \u2022 STE CONSORCE \u2022 MESSIMY \u2022 LIMONEST \u2022 ST GENIS LES OLLI\u00c8RES \u2022 VAUGNERAY \u2022 STE FOY LES LYON \u2022 TASSIN \u2022 VILLEURBANNE \u2022 YZERON<\/p><p>ouverture : lundi au jeudi 8h 30 12h 30 et de 13h 30 \u00e0 17h 30<br \/>le vendredi de 8h 30 \u00e0 12h 30 et de 13h 30 \u00e0 16h 30<\/p><h2>Agence L'ARBRESLE 04 74 26 72 79<\/h2><p><strong>3, rue Pierre S\u00e9mard - 69210 L'Arbresle<\/strong><\/p><p>L'ARBRESLE \u2022ST GERMAIN NUELLES \u2022 FLEURIEUX \u00a0SUR L'ARBRESLE \u2022LENTILLY \u2022DOMMARTIN \u2022LA TOUR DE SALVAGNY \u2022 LOZANNE\u00a0\u2022 CHATILLON D'AZERGUES \u2022EVREUX \u00a0\u2022SOURCIEUX LES MINES \u2022PIERRE LA PALUD \u2022SAIN BEL \u2022 BULLY \u2022SAVIGNY \u2022<\/p><p>ouverture : lundi au jeudi 9h \u00e0 12h 30 et de 13h 30 \u00e0 17h<\/p><p>le vendredi de 9h \u00e0 12h 30 et de 13h 30 \u00e0 16h 30<\/p>","_et_gb_content_width":"","jetpack_post_was_ever_published":false},"yoast_head":"<!-- This site is optimized with the Yoast SEO plugin v21.1 - https:\/\/yoast.com\/wordpress\/plugins\/seo\/ -->\n<title>Nos Agences - ICARE ITEM GIROL groupe. Services et emplois en Rh\u00f4ne-Alpes<\/title>\n<meta name=\"robots\" content=\"index, follow, max-snippet:-1, max-image-preview:large, max-video-preview:-1\" \/>\n<link rel=\"canonical\" href=\"https:\/\/www.groupe-icare.com\/solutions-emploi\/nos-agences\/\" \/>\n<meta property=\"og:locale\" content=\"fr_FR\" \/>\n<meta property=\"og:type\" content=\"article\" \/>\n<meta property=\"og:title\" content=\"Nos Agences - ICARE ITEM GIROL groupe. Services et emplois en Rh\u00f4ne-Alpes\" \/>\n<meta property=\"og:description\" content=\"04 78 92 89 70 1 avenue du doyenn\u00e9 - 69005 Lyon 04 72 53 98 89 17 rue Louis Loucheur - 69009 Lyon 04 72 66 66 72 2, rue L\u00e9on Bourgeois - 69600 Oullins 04 74 26 72 79 L\u2019Arborescence 117, rue Pierre Passemard 69210 L&#039;Arbresle04 78 51 12 27 13,\u00a0Avenue Mar\u00e9chal Leclerc\u00a0\u2013 [&hellip;]\" \/>\n<meta property=\"og:url\" content=\"https:\/\/www.groupe-icare.com\/solutions-emploi\/nos-agences\/\" \/>\n<meta property=\"og:site_name\" content=\"ICARE ITEM GIROL groupe. Services et emplois en Rh\u00f4ne-Alpes\" \/>\n<meta property=\"article:modified_time\" content=\"2026-02-26T14:11:33+00:00\" \/>\n<meta name=\"twitter:card\" content=\"summary_large_image\" \/>\n<meta name=\"twitter:label1\" content=\"Dur\u00e9e de lecture estim\u00e9e\" \/>\n\t<meta name=\"twitter:data1\" content=\"3 minutes\" \/>\n<script type=\"application\/ld+json\" class=\"yoast-schema-graph\">{\"@context\":\"https:\/\/schema.org\",\"@graph\":[{\"@type\":\"WebPage\",\"@id\":\"https:\/\/www.groupe-icare.com\/solutions-emploi\/nos-agences\/\",\"url\":\"https:\/\/www.groupe-icare.com\/solutions-emploi\/nos-agences\/\",\"name\":\"Nos Agences - ICARE ITEM GIROL groupe. Services et emplois en Rh\u00f4ne-Alpes\",\"isPartOf\":{\"@id\":\"https:\/\/www.groupe-icare.com\/solutions-emploi\/#website\"},\"datePublished\":\"2016-06-30T15:33:18+00:00\",\"dateModified\":\"2026-02-26T14:11:33+00:00\",\"breadcrumb\":{\"@id\":\"https:\/\/www.groupe-icare.com\/solutions-emploi\/nos-agences\/#breadcrumb\"},\"inLanguage\":\"fr-FR\",\"potentialAction\":[{\"@type\":\"ReadAction\",\"target\":[\"https:\/\/www.groupe-icare.com\/solutions-emploi\/nos-agences\/\"]}]},{\"@type\":\"BreadcrumbList\",\"@id\":\"https:\/\/www.groupe-icare.com\/solutions-emploi\/nos-agences\/#breadcrumb\",\"itemListElement\":[{\"@type\":\"ListItem\",\"position\":1,\"name\":\"Accueil\",\"item\":\"https:\/\/www.groupe-icare.com\/solutions-emploi\/\"},{\"@type\":\"ListItem\",\"position\":2,\"name\":\"Nos Agences\"}]},{\"@type\":\"WebSite\",\"@id\":\"https:\/\/www.groupe-icare.com\/solutions-emploi\/#website\",\"url\":\"https:\/\/www.groupe-icare.com\/solutions-emploi\/\",\"name\":\"ICARE ITEM GIROL groupe. Services et emplois en Rh\u00f4ne-Alpes\",\"description\":\"les solutions emploi de Rh\u00f4ne-Alpes\",\"potentialAction\":[{\"@type\":\"SearchAction\",\"target\":{\"@type\":\"EntryPoint\",\"urlTemplate\":\"https:\/\/www.groupe-icare.com\/solutions-emploi\/?s={search_term_string}\"},\"query-input\":\"required name=search_term_string\"}],\"inLanguage\":\"fr-FR\"}]}<\/script>\n<!-- \/ Yoast SEO plugin. -->","yoast_head_json":{"title":"Nos Agences - ICARE ITEM GIROL groupe. Services et emplois en Rh\u00f4ne-Alpes","robots":{"index":"index","follow":"follow","max-snippet":"max-snippet:-1","max-image-preview":"max-image-preview:large","max-video-preview":"max-video-preview:-1"},"canonical":"https:\/\/www.groupe-icare.com\/solutions-emploi\/nos-agences\/","og_locale":"fr_FR","og_type":"article","og_title":"Nos Agences - ICARE ITEM GIROL groupe. Services et emplois en Rh\u00f4ne-Alpes","og_description":"04 78 92 89 70 1 avenue du doyenn\u00e9 - 69005 Lyon 04 72 53 98 89 17 rue Louis Loucheur - 69009 Lyon 04 72 66 66 72 2, rue L\u00e9on Bourgeois - 69600 Oullins 04 74 26 72 79 L\u2019Arborescence 117, rue Pierre Passemard 69210 L'Arbresle04 78 51 12 27 13,\u00a0Avenue Mar\u00e9chal Leclerc\u00a0\u2013 [&hellip;]","og_url":"https:\/\/www.groupe-icare.com\/solutions-emploi\/nos-agences\/","og_site_name":"ICARE ITEM GIROL groupe. Services et emplois en Rh\u00f4ne-Alpes","article_modified_time":"2026-02-26T14:11:33+00:00","twitter_card":"summary_large_image","twitter_misc":{"Dur\u00e9e de lecture estim\u00e9e":"3 minutes"},"schema":{"@context":"https:\/\/schema.org","@graph":[{"@type":"WebPage","@id":"https:\/\/www.groupe-icare.com\/solutions-emploi\/nos-agences\/","url":"https:\/\/www.groupe-icare.com\/solutions-emploi\/nos-agences\/","name":"Nos Agences - ICARE ITEM GIROL groupe. Services et emplois en Rh\u00f4ne-Alpes","isPartOf":{"@id":"https:\/\/www.groupe-icare.com\/solutions-emploi\/#website"},"datePublished":"2016-06-30T15:33:18+00:00","dateModified":"2026-02-26T14:11:33+00:00","breadcrumb":{"@id":"https:\/\/www.groupe-icare.com\/solutions-emploi\/nos-agences\/#breadcrumb"},"inLanguage":"fr-FR","potentialAction":[{"@type":"ReadAction","target":["https:\/\/www.groupe-icare.com\/solutions-emploi\/nos-agences\/"]}]},{"@type":"BreadcrumbList","@id":"https:\/\/www.groupe-icare.com\/solutions-emploi\/nos-agences\/#breadcrumb","itemListElement":[{"@type":"ListItem","position":1,"name":"Accueil","item":"https:\/\/www.groupe-icare.com\/solutions-emploi\/"},{"@type":"ListItem","position":2,"name":"Nos Agences"}]},{"@type":"WebSite","@id":"https:\/\/www.groupe-icare.com\/solutions-emploi\/#website","url":"https:\/\/www.groupe-icare.com\/solutions-emploi\/","name":"ICARE ITEM GIROL groupe. Services et emplois en Rh\u00f4ne-Alpes","description":"les solutions emploi de Rh\u00f4ne-Alpes","potentialAction":[{"@type":"SearchAction","target":{"@type":"EntryPoint","urlTemplate":"https:\/\/www.groupe-icare.com\/solutions-emploi\/?s={search_term_string}"},"query-input":"required name=search_term_string"}],"inLanguage":"fr-FR"}]}},"jetpack_shortlink":"https:\/\/wp.me\/P7CrYq-1Bn","jetpack-related-posts":[{"id":7,"url":"https:\/\/www.groupe-icare.com\/solutions-emploi\/services-aux-particuliers\/nos-plus\/","url_meta":{"origin":6161,"position":0},"title":"Nos atouts","author":"Communication-Icare","date":"17 d\u00e9cembre 2012","format":false,"excerpt":"","rel":"","context":"Article similaire","block_context":{"text":"Article similaire","link":""},"img":{"alt_text":"","src":"https:\/\/i0.wp.com\/www.groupe-icare.com\/solutions-emploi\/wp-content\/uploads\/2016\/10\/groupe-icare-900x560.jpg?fit=900%2C560&ssl=1&resize=350%2C200","width":350,"height":200,"srcset":"https:\/\/i0.wp.com\/www.groupe-icare.com\/solutions-emploi\/wp-content\/uploads\/2016\/10\/groupe-icare-900x560.jpg?fit=900%2C560&ssl=1&resize=350%2C200 1x, https:\/\/i0.wp.com\/www.groupe-icare.com\/solutions-emploi\/wp-content\/uploads\/2016\/10\/groupe-icare-900x560.jpg?fit=900%2C560&ssl=1&resize=525%2C300 1.5x, https:\/\/i0.wp.com\/www.groupe-icare.com\/solutions-emploi\/wp-content\/uploads\/2016\/10\/groupe-icare-900x560.jpg?fit=900%2C560&ssl=1&resize=700%2C400 2x"},"classes":[]},{"id":98,"url":"https:\/\/www.groupe-icare.com\/solutions-emploi\/contact\/","url_meta":{"origin":6161,"position":1},"title":"Contact","author":"Communication-Icare","date":"17 d\u00e9cembre 2012","format":false,"excerpt":"","rel":"","context":"Article similaire","block_context":{"text":"Article similaire","link":""},"img":{"alt_text":"","src":"https:\/\/i0.wp.com\/www.groupe-icare.com\/solutions-emploi\/wp-content\/uploads\/2016\/10\/groupe-icare-900x560.jpg?fit=900%2C560&ssl=1&resize=350%2C200","width":350,"height":200,"srcset":"https:\/\/i0.wp.com\/www.groupe-icare.com\/solutions-emploi\/wp-content\/uploads\/2016\/10\/groupe-icare-900x560.jpg?fit=900%2C560&ssl=1&resize=350%2C200 1x, https:\/\/i0.wp.com\/www.groupe-icare.com\/solutions-emploi\/wp-content\/uploads\/2016\/10\/groupe-icare-900x560.jpg?fit=900%2C560&ssl=1&resize=525%2C300 1.5x, https:\/\/i0.wp.com\/www.groupe-icare.com\/solutions-emploi\/wp-content\/uploads\/2016\/10\/groupe-icare-900x560.jpg?fit=900%2C560&ssl=1&resize=700%2C400 2x"},"classes":[]},{"id":35,"url":"https:\/\/www.groupe-icare.com\/solutions-emploi\/vous-etes-demandeur-demploi\/les-offres-demploi-2-2\/","url_meta":{"origin":6161,"position":2},"title":"Les offres d&#8217;emploi","author":"Communication-Icare","date":"17 d\u00e9cembre 2012","format":false,"excerpt":"","rel":"","context":"Article similaire","block_context":{"text":"Article similaire","link":""},"img":{"alt_text":"","src":"https:\/\/i0.wp.com\/www.groupe-icare.com\/solutions-emploi\/wp-content\/uploads\/2016\/10\/groupe-icare-900x560.jpg?fit=900%2C560&ssl=1&resize=350%2C200","width":350,"height":200,"srcset":"https:\/\/i0.wp.com\/www.groupe-icare.com\/solutions-emploi\/wp-content\/uploads\/2016\/10\/groupe-icare-900x560.jpg?fit=900%2C560&ssl=1&resize=350%2C200 1x, https:\/\/i0.wp.com\/www.groupe-icare.com\/solutions-emploi\/wp-content\/uploads\/2016\/10\/groupe-icare-900x560.jpg?fit=900%2C560&ssl=1&resize=525%2C300 1.5x, https:\/\/i0.wp.com\/www.groupe-icare.com\/solutions-emploi\/wp-content\/uploads\/2016\/10\/groupe-icare-900x560.jpg?fit=900%2C560&ssl=1&resize=700%2C400 2x"},"classes":[]},{"id":1825,"url":"https:\/\/www.groupe-icare.com\/solutions-emploi\/services-aux-particuliers\/","url_meta":{"origin":6161,"position":3},"title":"Nos services aux particuliers","author":"Communication-Icare","date":"10 juin 2015","format":false,"excerpt":"","rel":"","context":"Article similaire","block_context":{"text":"Article similaire","link":""},"img":{"alt_text":"","src":"https:\/\/i0.wp.com\/www.groupe-icare.com\/solutions-emploi\/wp-content\/uploads\/2016\/10\/groupe-icare-900x560.jpg?fit=900%2C560&ssl=1&resize=350%2C200","width":350,"height":200,"srcset":"https:\/\/i0.wp.com\/www.groupe-icare.com\/solutions-emploi\/wp-content\/uploads\/2016\/10\/groupe-icare-900x560.jpg?fit=900%2C560&ssl=1&resize=350%2C200 1x, https:\/\/i0.wp.com\/www.groupe-icare.com\/solutions-emploi\/wp-content\/uploads\/2016\/10\/groupe-icare-900x560.jpg?fit=900%2C560&ssl=1&resize=525%2C300 1.5x, https:\/\/i0.wp.com\/www.groupe-icare.com\/solutions-emploi\/wp-content\/uploads\/2016\/10\/groupe-icare-900x560.jpg?fit=900%2C560&ssl=1&resize=700%2C400 2x"},"classes":[]},{"id":12,"url":"https:\/\/www.groupe-icare.com\/solutions-emploi\/nos-services-aux-professionnels\/les-metiers\/","url_meta":{"origin":6161,"position":4},"title":"Nos offres de services pour les professionnels","author":"Communication-Icare","date":"17 d\u00e9cembre 2019","format":false,"excerpt":"","rel":"","context":"Article similaire","block_context":{"text":"Article similaire","link":""},"img":{"alt_text":"","src":"","width":0,"height":0},"classes":[]},{"id":32,"url":"https:\/\/www.groupe-icare.com\/solutions-emploi\/vous-etes-demandeur-demploi\/","url_meta":{"origin":6161,"position":5},"title":"Vous \u00eates demandeur d&#8217;emploi ?","author":"Communication-Icare","date":"10 juin 2015","format":false,"excerpt":"Groupe ICARE est au service des demandeurs d\u2019emploi (sous r\u00e9serve de crit\u00e8res d\u2019\u00e9ligibilit\u00e9 particuliers) Vous souhaitez travailler dans le Service \u00e0 la Personne Vous souhaitez travailler aupr\u00e8s des associations et collectivit\u00e9s Vous souhaitez travailler aupr\u00e8s des entreprises Si vous souhaitez vous inscrire, vous\u00a0contactez une agence de proximit\u00e9 du Groupe ICARE\u00a0pour\u2026","rel":"","context":"Article similaire","block_context":{"text":"Article similaire","link":""},"img":{"alt_text":"","src":"https:\/\/i0.wp.com\/www.groupe-icare.com\/solutions-emploi\/wp-content\/uploads\/2023\/04\/grouep-icar-emploi.jpg?fit=498%2C497&ssl=1&resize=350%2C200","width":350,"height":200},"classes":[]}],"jetpack_sharing_enabled":true,"_links":{"self":[{"href":"https:\/\/www.groupe-icare.com\/solutions-emploi\/wp-json\/wp\/v2\/pages\/6161"}],"collection":[{"href":"https:\/\/www.groupe-icare.com\/solutions-emploi\/wp-json\/wp\/v2\/pages"}],"about":[{"href":"https:\/\/www.groupe-icare.com\/solutions-emploi\/wp-json\/wp\/v2\/types\/page"}],"author":[{"embeddable":true,"href":"https:\/\/www.groupe-icare.com\/solutions-emploi\/wp-json\/wp\/v2\/users\/11"}],"replies":[{"embeddable":true,"href":"https:\/\/www.groupe-icare.com\/solutions-emploi\/wp-json\/wp\/v2\/comments?post=6161"}],"version-history":[{"count":45,"href":"https:\/\/www.groupe-icare.com\/solutions-emploi\/wp-json\/wp\/v2\/pages\/6161\/revisions"}],"predecessor-version":[{"id":10503,"href":"https:\/\/www.groupe-icare.com\/solutions-emploi\/wp-json\/wp\/v2\/pages\/6161\/revisions\/10503"}],"wp:featuredmedia":[{"embeddable":true,"href":"https:\/\/www.groupe-icare.com\/solutions-emploi\/wp-json\/wp\/v2\/media\/6493"}],"wp:attachment":[{"href":"https:\/\/www.groupe-icare.com\/solutions-emploi\/wp-json\/wp\/v2\/media?parent=6161"}],"curies":[{"name":"wp","href":"https:\/\/api.w.org\/{rel}","templated":true}]}}