{"id":688,"date":"2013-07-02T14:07:41","date_gmt":"2013-07-02T13:07:41","guid":{"rendered":"http:\/\/www.groupe-icare.com\/?page_id=688"},"modified":"2016-12-01T17:04:06","modified_gmt":"2016-12-01T16:04:06","slug":"domicare-2","status":"publish","type":"page","link":"https:\/\/www.groupe-icare.com\/solutions-emploi\/services-aux-particuliers\/nos-services-aux-particuliers\/domicare-2\/","title":{"rendered":"Aide et Maintien \u00e0 Domicile"},"content":{"rendered":"<p>Notre Groupe Icare est votre <strong>soci\u00e9t\u00e9 d\u2019aide \u00e0 la personne \u00e0 Tassin-la-Demi-Lune depuis 25 ans<\/strong>. Notre exp\u00e9rience nous a permis de cr\u00e9er <strong>DOMICARE<\/strong> pour intervenir directement aupr\u00e8s des <strong>personnes en perte d\u2019autonomie<\/strong>. Nous vous garantissons des <strong>prestations sur-mesure<\/strong> promulgu\u00e9es par des <strong>auxiliaires de vie qualifi\u00e9s<\/strong> dans l&rsquo;Ouest Lyonnais: \u00e0 Lyon, Craponne, \u00e0 Francheville, \u00e0 Oullins\u2026<\/p>\n<p>&nbsp;<\/p>\n<div class=\"row-content-top-a span8\">\n<div class=\"inner-mod\" data-zone=\"z14\">\n<div id=\"14673788359217019\" class=\"widget-text\">\n<div class=\"widget-text-content\">\n<h2>Les prestations vari\u00e9es de votre auxiliaire de vie \u00e0 domicile dans l&rsquo;agglom\u00e9ration lyonnaise<\/h2>\n<h5>Vous avez eu un accident et vous avez besoin d\u2019une aide professionnelle pour garder votre rythme de vie\u00a0?<\/h5>\n<p>Notre service DOMICARE \u00e0 Tassin-la-Demi-Lune est une <strong>solution adapt\u00e9e<\/strong> que nous avons mise en place pour accompagner les personnes en <strong>perte d\u2019autonomie<\/strong> dans leurs gestes quotidiens.<br \/>\nL\u2019ensemble de nos prestations sont r\u00e9alis\u00e9es dans le cadre d\u2019une <strong>\u00e9thique de bientraitance<\/strong> et d&rsquo;une <strong>profonde bienveillance<\/strong>.<\/p>\n<p>Nos intervenants peuvent vous soutenir \u00e0 <strong>plusieurs niveaux<\/strong>\u00a0:<\/p>\n<ul>\n<li>Actes quotidiens\u00a0: m\u00e9nage, entretien du linge, pr\u00e9paration des repas<\/li>\n<li>Actes essentiels\u00a0: lever, coucher, prise des repas, aide \u00e0 la toilette et \u00e0 l\u2019habillage<\/li>\n<li>Actes administratifs\u00a0: r\u00e9pondre \u00e0 vos courriers, faire vos demandes d\u2019aide\u2026<\/li>\n<\/ul>\n<p>Nos auxiliaires de vie sont qualifi\u00e9s et exp\u00e9riment\u00e9s pour <strong>r\u00e9pondre \u00e0 toutes vos attentes<\/strong> et pour <strong>pr\u00e9voir vos besoins<\/strong>.<\/p>\n<p>Rencontrez notre \u00e9quipe sp\u00e9cialis\u00e9e dans le maintien \u00e0 domicile et remarquez <a href=\"https:\/\/www.groupe-icare.com\/solutions-emploi\/services-aux-particuliers\/nos-tarifs\/\">nos <strong>prix concurrentiels<\/strong>\u00a0!<\/a><\/p>\n<\/div>\n<\/div>\n<\/div>\n<\/div>\n<a href=\"mailto:sap@groupe-icare.fr\" class=\"su-button su-button-style-glass\" style=\"color:#FFFFFF;background-color:#9FB73B;border-color:#809330;border-radius:8px\" target=\"_self\"><span style=\"color:#FFFFFF;padding:7px 22px;font-size:17px;line-height:26px;border-color:#bccd76;border-radius:8px;text-shadow:1px 1px 3px #000000\"><i class=\"sui sui-paper-plane\" style=\"font-size:17px;color:#ffffff\"><\/i> Courriel<\/span><\/a><a href=\"tel:0478340694\" class=\"su-button su-button-style-glass\" style=\"color:#FFFFFF;background-color:#00A3DA;border-color:#0083af;border-radius:8px\" target=\"_self\"><span style=\"color:#FFFFFF;padding:7px 22px;font-size:17px;line-height:26px;border-color:#4dbfe6;border-radius:8px;text-shadow:1px 1px 3px #000000\"><i class=\"sui sui-phone\" style=\"font-size:17px;color:#ffffff\"><\/i> T\u00e9l. 04 78 34 06 94<\/span><\/a><a href=\"https:\/\/www.groupe-icare.com\/solutions-emploi\/services-aux-particuliers\/nos-services-aux-particuliers\/\" class=\"su-button su-button-style-glass\" style=\"color:#FFFFFF;background-color:#BAA288;border-color:#95826d;border-radius:8px\" target=\"_self\"><span style=\"color:#FFFFFF;padding:7px 22px;font-size:17px;line-height:26px;border-color:#cfbeac;border-radius:8px;text-shadow:1px 1px 3px #000000\"><i class=\"sui sui-arrow-right\" style=\"font-size:17px;color:#ffffff\"><\/i> Tous nos services<\/span><\/a>\n","protected":false},"excerpt":{"rendered":"<p>Notre Groupe Icare est votre soci\u00e9t\u00e9 d\u2019aide \u00e0 la personne \u00e0 Tassin-la-Demi-Lune depuis 25 ans. Notre exp\u00e9rience nous a permis de cr\u00e9er DOMICARE pour intervenir directement aupr\u00e8s des personnes en perte d\u2019autonomie. Nous vous garantissons des prestations sur-mesure promulgu\u00e9es par des auxiliaires de vie qualifi\u00e9s dans l&rsquo;Ouest Lyonnais: \u00e0 Lyon, Craponne, \u00e0 Francheville, \u00e0 Oullins\u2026 [&hellip;]<\/p>\n","protected":false},"author":11,"featured_media":6493,"parent":5,"menu_order":10,"comment_status":"open","ping_status":"open","template":"","meta":{"_et_pb_use_builder":"","_et_pb_old_content":"","_et_gb_content_width":"","jetpack_post_was_ever_published":false},"yoast_head":"<!-- This site is optimized with the Yoast SEO plugin v21.1 - https:\/\/yoast.com\/wordpress\/plugins\/seo\/ -->\n<title>Aide et Maintien \u00e0 Domicile - ICARE ITEM GIROL groupe. Services et emplois en Rh\u00f4ne-Alpes<\/title>\n<meta name=\"robots\" content=\"index, follow, max-snippet:-1, max-image-preview:large, max-video-preview:-1\" \/>\n<link rel=\"canonical\" href=\"https:\/\/www.groupe-icare.com\/solutions-emploi\/services-aux-particuliers\/nos-services-aux-particuliers\/domicare-2\/\" \/>\n<meta property=\"og:locale\" content=\"fr_FR\" \/>\n<meta property=\"og:type\" content=\"article\" \/>\n<meta property=\"og:title\" content=\"Aide et Maintien \u00e0 Domicile - ICARE ITEM GIROL groupe. Services et emplois en Rh\u00f4ne-Alpes\" \/>\n<meta property=\"og:description\" content=\"Notre Groupe Icare est votre soci\u00e9t\u00e9 d\u2019aide \u00e0 la personne \u00e0 Tassin-la-Demi-Lune depuis 25 ans. Notre exp\u00e9rience nous a permis de cr\u00e9er DOMICARE pour intervenir directement aupr\u00e8s des personnes en perte d\u2019autonomie. Nous vous garantissons des prestations sur-mesure promulgu\u00e9es par des auxiliaires de vie qualifi\u00e9s dans l&rsquo;Ouest Lyonnais: \u00e0 Lyon, Craponne, \u00e0 Francheville, \u00e0 Oullins\u2026 [&hellip;]\" \/>\n<meta property=\"og:url\" content=\"https:\/\/www.groupe-icare.com\/solutions-emploi\/services-aux-particuliers\/nos-services-aux-particuliers\/domicare-2\/\" \/>\n<meta property=\"og:site_name\" content=\"ICARE ITEM GIROL groupe. Services et emplois en Rh\u00f4ne-Alpes\" \/>\n<meta property=\"article:modified_time\" content=\"2016-12-01T16:04:06+00:00\" \/>\n<meta property=\"og:image\" content=\"https:\/\/i0.wp.com\/www.groupe-icare.com\/solutions-emploi\/wp-content\/uploads\/2016\/10\/groupe-icare-900x560.jpg?fit=900%2C560&ssl=1\" \/>\n\t<meta property=\"og:image:width\" content=\"900\" \/>\n\t<meta property=\"og:image:height\" content=\"560\" \/>\n\t<meta property=\"og:image:type\" content=\"image\/jpeg\" \/>\n<meta name=\"twitter:card\" content=\"summary_large_image\" \/>\n<meta name=\"twitter:label1\" content=\"Dur\u00e9e de lecture estim\u00e9e\" \/>\n\t<meta name=\"twitter:data1\" content=\"2 minutes\" \/>\n<script type=\"application\/ld+json\" class=\"yoast-schema-graph\">{\"@context\":\"https:\/\/schema.org\",\"@graph\":[{\"@type\":\"WebPage\",\"@id\":\"https:\/\/www.groupe-icare.com\/solutions-emploi\/services-aux-particuliers\/nos-services-aux-particuliers\/domicare-2\/\",\"url\":\"https:\/\/www.groupe-icare.com\/solutions-emploi\/services-aux-particuliers\/nos-services-aux-particuliers\/domicare-2\/\",\"name\":\"Aide et Maintien \u00e0 Domicile - ICARE ITEM GIROL groupe. Services et emplois en Rh\u00f4ne-Alpes\",\"isPartOf\":{\"@id\":\"https:\/\/www.groupe-icare.com\/solutions-emploi\/#website\"},\"datePublished\":\"2013-07-02T13:07:41+00:00\",\"dateModified\":\"2016-12-01T16:04:06+00:00\",\"breadcrumb\":{\"@id\":\"https:\/\/www.groupe-icare.com\/solutions-emploi\/services-aux-particuliers\/nos-services-aux-particuliers\/domicare-2\/#breadcrumb\"},\"inLanguage\":\"fr-FR\",\"potentialAction\":[{\"@type\":\"ReadAction\",\"target\":[\"https:\/\/www.groupe-icare.com\/solutions-emploi\/services-aux-particuliers\/nos-services-aux-particuliers\/domicare-2\/\"]}]},{\"@type\":\"BreadcrumbList\",\"@id\":\"https:\/\/www.groupe-icare.com\/solutions-emploi\/services-aux-particuliers\/nos-services-aux-particuliers\/domicare-2\/#breadcrumb\",\"itemListElement\":[{\"@type\":\"ListItem\",\"position\":1,\"name\":\"Accueil\",\"item\":\"https:\/\/www.groupe-icare.com\/solutions-emploi\/\"},{\"@type\":\"ListItem\",\"position\":2,\"name\":\"Nos services aux particuliers\",\"item\":\"https:\/\/www.groupe-icare.com\/solutions-emploi\/services-aux-particuliers\/\"},{\"@type\":\"ListItem\",\"position\":3,\"name\":\"Tous nos services aux particuliers\",\"item\":\"https:\/\/www.groupe-icare.com\/solutions-emploi\/services-aux-particuliers\/nos-services-aux-particuliers\/\"},{\"@type\":\"ListItem\",\"position\":4,\"name\":\"Aide et Maintien \u00e0 Domicile\"}]},{\"@type\":\"WebSite\",\"@id\":\"https:\/\/www.groupe-icare.com\/solutions-emploi\/#website\",\"url\":\"https:\/\/www.groupe-icare.com\/solutions-emploi\/\",\"name\":\"ICARE ITEM GIROL groupe. Services et emplois en Rh\u00f4ne-Alpes\",\"description\":\"les solutions emploi de Rh\u00f4ne-Alpes\",\"potentialAction\":[{\"@type\":\"SearchAction\",\"target\":{\"@type\":\"EntryPoint\",\"urlTemplate\":\"https:\/\/www.groupe-icare.com\/solutions-emploi\/?s={search_term_string}\"},\"query-input\":\"required name=search_term_string\"}],\"inLanguage\":\"fr-FR\"}]}<\/script>\n<!-- \/ Yoast SEO plugin. -->","yoast_head_json":{"title":"Aide et Maintien \u00e0 Domicile - ICARE ITEM GIROL groupe. Services et emplois en Rh\u00f4ne-Alpes","robots":{"index":"index","follow":"follow","max-snippet":"max-snippet:-1","max-image-preview":"max-image-preview:large","max-video-preview":"max-video-preview:-1"},"canonical":"https:\/\/www.groupe-icare.com\/solutions-emploi\/services-aux-particuliers\/nos-services-aux-particuliers\/domicare-2\/","og_locale":"fr_FR","og_type":"article","og_title":"Aide et Maintien \u00e0 Domicile - ICARE ITEM GIROL groupe. Services et emplois en Rh\u00f4ne-Alpes","og_description":"Notre Groupe Icare est votre soci\u00e9t\u00e9 d\u2019aide \u00e0 la personne \u00e0 Tassin-la-Demi-Lune depuis 25 ans. Notre exp\u00e9rience nous a permis de cr\u00e9er DOMICARE pour intervenir directement aupr\u00e8s des personnes en perte d\u2019autonomie. Nous vous garantissons des prestations sur-mesure promulgu\u00e9es par des auxiliaires de vie qualifi\u00e9s dans l&rsquo;Ouest Lyonnais: \u00e0 Lyon, Craponne, \u00e0 Francheville, \u00e0 Oullins\u2026 [&hellip;]","og_url":"https:\/\/www.groupe-icare.com\/solutions-emploi\/services-aux-particuliers\/nos-services-aux-particuliers\/domicare-2\/","og_site_name":"ICARE ITEM GIROL groupe. Services et emplois en Rh\u00f4ne-Alpes","article_modified_time":"2016-12-01T16:04:06+00:00","og_image":[{"width":900,"height":560,"url":"https:\/\/i0.wp.com\/www.groupe-icare.com\/solutions-emploi\/wp-content\/uploads\/2016\/10\/groupe-icare-900x560.jpg?fit=900%2C560&ssl=1","type":"image\/jpeg"}],"twitter_card":"summary_large_image","twitter_misc":{"Dur\u00e9e de lecture estim\u00e9e":"2 minutes"},"schema":{"@context":"https:\/\/schema.org","@graph":[{"@type":"WebPage","@id":"https:\/\/www.groupe-icare.com\/solutions-emploi\/services-aux-particuliers\/nos-services-aux-particuliers\/domicare-2\/","url":"https:\/\/www.groupe-icare.com\/solutions-emploi\/services-aux-particuliers\/nos-services-aux-particuliers\/domicare-2\/","name":"Aide et Maintien \u00e0 Domicile - ICARE ITEM GIROL groupe. Services et emplois en Rh\u00f4ne-Alpes","isPartOf":{"@id":"https:\/\/www.groupe-icare.com\/solutions-emploi\/#website"},"datePublished":"2013-07-02T13:07:41+00:00","dateModified":"2016-12-01T16:04:06+00:00","breadcrumb":{"@id":"https:\/\/www.groupe-icare.com\/solutions-emploi\/services-aux-particuliers\/nos-services-aux-particuliers\/domicare-2\/#breadcrumb"},"inLanguage":"fr-FR","potentialAction":[{"@type":"ReadAction","target":["https:\/\/www.groupe-icare.com\/solutions-emploi\/services-aux-particuliers\/nos-services-aux-particuliers\/domicare-2\/"]}]},{"@type":"BreadcrumbList","@id":"https:\/\/www.groupe-icare.com\/solutions-emploi\/services-aux-particuliers\/nos-services-aux-particuliers\/domicare-2\/#breadcrumb","itemListElement":[{"@type":"ListItem","position":1,"name":"Accueil","item":"https:\/\/www.groupe-icare.com\/solutions-emploi\/"},{"@type":"ListItem","position":2,"name":"Nos services aux particuliers","item":"https:\/\/www.groupe-icare.com\/solutions-emploi\/services-aux-particuliers\/"},{"@type":"ListItem","position":3,"name":"Tous nos services aux particuliers","item":"https:\/\/www.groupe-icare.com\/solutions-emploi\/services-aux-particuliers\/nos-services-aux-particuliers\/"},{"@type":"ListItem","position":4,"name":"Aide et Maintien \u00e0 Domicile"}]},{"@type":"WebSite","@id":"https:\/\/www.groupe-icare.com\/solutions-emploi\/#website","url":"https:\/\/www.groupe-icare.com\/solutions-emploi\/","name":"ICARE ITEM GIROL groupe. Services et emplois en Rh\u00f4ne-Alpes","description":"les solutions emploi de Rh\u00f4ne-Alpes","potentialAction":[{"@type":"SearchAction","target":{"@type":"EntryPoint","urlTemplate":"https:\/\/www.groupe-icare.com\/solutions-emploi\/?s={search_term_string}"},"query-input":"required name=search_term_string"}],"inLanguage":"fr-FR"}]}},"jetpack_shortlink":"https:\/\/wp.me\/P7CrYq-b6","jetpack-related-posts":[{"id":480,"url":"https:\/\/www.groupe-icare.com\/solutions-emploi\/services-aux-particuliers\/nos-services-aux-particuliers\/petites-courses-preparation-de-repas\/","url_meta":{"origin":688,"position":0},"title":"Petites courses \/ Pr\u00e9paration de repas","author":"Communication-Icare","date":"4 avril 2020","format":false,"excerpt":"Vos repas \u00e0 domicile \u00e0 Tassin-la-Demi-Lune, Lyon et ses alentours Le Groupe Icare avec sa filiale Domicare, notre soci\u00e9t\u00e9 d\u2019aide \u00e0 la personne \u00e0 Tassin-la-Demi-Lune, est \u00e0 votre disposition depuis 25 ans. Nous vous proposons un service de pr\u00e9paration de\u00a0repas \u00e0 domicile qui inclut l\u2019achat des courses et la pr\u00e9paration\u2026","rel":"","context":"Article similaire","block_context":{"text":"Article similaire","link":""},"img":{"alt_text":"","src":"https:\/\/i0.wp.com\/www.groupe-icare.com\/solutions-emploi\/wp-content\/uploads\/2020\/07\/courses-aide-500x500-1.jpg?fit=500%2C500&ssl=1&resize=350%2C200","width":350,"height":200},"classes":[]},{"id":6422,"url":"https:\/\/www.groupe-icare.com\/solutions-emploi\/menagez-vous-tassin-lyon\/","url_meta":{"origin":688,"position":1},"title":"M\u00e9nagez vous sur l\u2019Ouest Lyonnais","author":"Communication-Icare","date":"14 octobre 2019","format":false,"excerpt":"M\u00e9nagez-vous, ICARE est l\u00e0 ! Notre \u00e9quipe prend en charge de mani\u00e8re ponctuelle, occasionnelle ou r\u00e9guli\u00e8re\u00a0votre m\u00e9nage, le lavage de vos vitres ainsi que votre repassage pour vous apporter un bien-\u00eatre optimal \u00e0 domicile. Nous sommes pr\u00e9sents\u00a0\u00e0 Lyon, \u00a0Ecully, Francheville, Tassin-La-Demi-Lune, L\u2019Arbresle, Oullins, Brignais\u2026 Votre intervenant(e)\u00a0\u00e0 domicile dans l\u2019agglom\u00e9ration lyonnaise\u2026","rel":"","context":"Article similaire","block_context":{"text":"Article similaire","link":""},"img":{"alt_text":"","src":"https:\/\/i0.wp.com\/www.groupe-icare.com\/solutions-emploi\/wp-content\/uploads\/2016\/12\/M\u00e9nage-2-e1481549717230.jpg?fit=626%2C940&ssl=1&resize=350%2C200","width":350,"height":200,"srcset":"https:\/\/i0.wp.com\/www.groupe-icare.com\/solutions-emploi\/wp-content\/uploads\/2016\/12\/M\u00e9nage-2-e1481549717230.jpg?fit=626%2C940&ssl=1&resize=350%2C200 1x, https:\/\/i0.wp.com\/www.groupe-icare.com\/solutions-emploi\/wp-content\/uploads\/2016\/12\/M\u00e9nage-2-e1481549717230.jpg?fit=626%2C940&ssl=1&resize=525%2C300 1.5x"},"classes":[]},{"id":490,"url":"https:\/\/www.groupe-icare.com\/solutions-emploi\/services-aux-particuliers\/nos-services-aux-particuliers\/aide-au-demenagement\/","url_meta":{"origin":688,"position":2},"title":"Aide au d\u00e9m\u00e9nagement","author":"Communication-Icare","date":"4 avril 2013","format":false,"excerpt":"Notre aide au d\u00e9m\u00e9nagement organis\u00e9e et efficace... Vous d\u00e9m\u00e9nagez d\u2019une ville \u00e0 une autre et vous voulez avoir la certitude de tout faire dans les temps\u00a0? Notre grande exp\u00e9rience nous permet d\u2019\u00eatre correctement organis\u00e9s pour vous proposer une aide au d\u00e9m\u00e9nagement efficace. Vous avez l\u2019esprit tranquille en sachant qu\u2019une entreprise\u2026","rel":"","context":"Article similaire","block_context":{"text":"Article similaire","link":""},"img":{"alt_text":"","src":"https:\/\/i0.wp.com\/www.groupe-icare.com\/solutions-emploi\/wp-content\/uploads\/2020\/07\/demenagement-500x500-1.jpg?fit=500%2C500&ssl=1&resize=350%2C200","width":350,"height":200},"classes":[]},{"id":1825,"url":"https:\/\/www.groupe-icare.com\/solutions-emploi\/services-aux-particuliers\/","url_meta":{"origin":688,"position":3},"title":"Nos services aux particuliers","author":"Communication-Icare","date":"10 juin 2015","format":false,"excerpt":" SERVICES A LA PERSONNE\u00a0UTILES, FACILES\u00a0ET A VOTRE DOMICILE Vous recherchez une\u2026","rel":"","context":"Article similaire","block_context":{"text":"Article similaire","link":""},"img":{"alt_text":"","src":"https:\/\/i0.wp.com\/www.groupe-icare.com\/solutions-emploi\/wp-content\/uploads\/2016\/10\/groupe-icare-900x560.jpg?fit=900%2C560&ssl=1&resize=350%2C200","width":350,"height":200,"srcset":"https:\/\/i0.wp.com\/www.groupe-icare.com\/solutions-emploi\/wp-content\/uploads\/2016\/10\/groupe-icare-900x560.jpg?fit=900%2C560&ssl=1&resize=350%2C200 1x, https:\/\/i0.wp.com\/www.groupe-icare.com\/solutions-emploi\/wp-content\/uploads\/2016\/10\/groupe-icare-900x560.jpg?fit=900%2C560&ssl=1&resize=525%2C300 1.5x, https:\/\/i0.wp.com\/www.groupe-icare.com\/solutions-emploi\/wp-content\/uploads\/2016\/10\/groupe-icare-900x560.jpg?fit=900%2C560&ssl=1&resize=700%2C400 2x"},"classes":[]},{"id":475,"url":"https:\/\/www.groupe-icare.com\/solutions-emploi\/services-aux-particuliers\/nos-services-aux-particuliers\/menage-repassage\/","url_meta":{"origin":688,"position":4},"title":"Votre repassage impeccable","author":"Communication-Icare","date":"4 avril 2020","format":false,"excerpt":"Vous avez besoin de vous d\u00e9charger des t\u00e2ches m\u00e9nag\u00e8res pour \u00eatre davantage disponible pour vos proches\u00a0? Nos prestations incluent un service de repassage impeccable pour vous apporter un plus grand confort. Nous enlevons tous les faux plis de l\u2019ensemble de vos textiles\u00a0: Chemises Pantalons Linge de maison V\u00eatements d\u00e9licats\u2026 Notre\u2026","rel":"","context":"Article similaire","block_context":{"text":"Article similaire","link":""},"img":{"alt_text":"","src":"https:\/\/i0.wp.com\/www.groupe-icare.com\/solutions-emploi\/wp-content\/uploads\/2016\/07\/shutterstock_108119465-1600px.jpg?fit=1200%2C799&ssl=1&resize=350%2C200","width":350,"height":200,"srcset":"https:\/\/i0.wp.com\/www.groupe-icare.com\/solutions-emploi\/wp-content\/uploads\/2016\/07\/shutterstock_108119465-1600px.jpg?fit=1200%2C799&ssl=1&resize=350%2C200 1x, https:\/\/i0.wp.com\/www.groupe-icare.com\/solutions-emploi\/wp-content\/uploads\/2016\/07\/shutterstock_108119465-1600px.jpg?fit=1200%2C799&ssl=1&resize=525%2C300 1.5x, https:\/\/i0.wp.com\/www.groupe-icare.com\/solutions-emploi\/wp-content\/uploads\/2016\/07\/shutterstock_108119465-1600px.jpg?fit=1200%2C799&ssl=1&resize=700%2C400 2x, https:\/\/i0.wp.com\/www.groupe-icare.com\/solutions-emploi\/wp-content\/uploads\/2016\/07\/shutterstock_108119465-1600px.jpg?fit=1200%2C799&ssl=1&resize=1050%2C600 3x"},"classes":[]},{"id":20,"url":"https:\/\/www.groupe-icare.com\/solutions-emploi\/les-structures\/","url_meta":{"origin":688,"position":5},"title":"Qui sommes-nous ?","author":"Communication-Icare","date":"17 d\u00e9cembre 2012","format":false,"excerpt":"Le GROUPE ICARE est un acteur lyonnais cherchant constamment \u00e0 apporter des solutions pour l\u2019emploi local. Le groupe ICARE favorise les solutions pour l\u2019emploi local Nos associations de l\u2019insertion par\u2026","rel":"","context":"Article similaire","block_context":{"text":"Article similaire","link":""},"img":{"alt_text":"","src":"https:\/\/i0.wp.com\/www.groupe-icare.com\/solutions-emploi\/wp-content\/uploads\/2016\/10\/groupe-icare-900x560.jpg?fit=900%2C560&ssl=1&resize=350%2C200","width":350,"height":200,"srcset":"https:\/\/i0.wp.com\/www.groupe-icare.com\/solutions-emploi\/wp-content\/uploads\/2016\/10\/groupe-icare-900x560.jpg?fit=900%2C560&ssl=1&resize=350%2C200 1x, https:\/\/i0.wp.com\/www.groupe-icare.com\/solutions-emploi\/wp-content\/uploads\/2016\/10\/groupe-icare-900x560.jpg?fit=900%2C560&ssl=1&resize=525%2C300 1.5x, https:\/\/i0.wp.com\/www.groupe-icare.com\/solutions-emploi\/wp-content\/uploads\/2016\/10\/groupe-icare-900x560.jpg?fit=900%2C560&ssl=1&resize=700%2C400 2x"},"classes":[]}],"jetpack_sharing_enabled":true,"_links":{"self":[{"href":"https:\/\/www.groupe-icare.com\/solutions-emploi\/wp-json\/wp\/v2\/pages\/688"}],"collection":[{"href":"https:\/\/www.groupe-icare.com\/solutions-emploi\/wp-json\/wp\/v2\/pages"}],"about":[{"href":"https:\/\/www.groupe-icare.com\/solutions-emploi\/wp-json\/wp\/v2\/types\/page"}],"author":[{"embeddable":true,"href":"https:\/\/www.groupe-icare.com\/solutions-emploi\/wp-json\/wp\/v2\/users\/11"}],"replies":[{"embeddable":true,"href":"https:\/\/www.groupe-icare.com\/solutions-emploi\/wp-json\/wp\/v2\/comments?post=688"}],"version-history":[{"count":7,"href":"https:\/\/www.groupe-icare.com\/solutions-emploi\/wp-json\/wp\/v2\/pages\/688\/revisions"}],"predecessor-version":[{"id":6840,"href":"https:\/\/www.groupe-icare.com\/solutions-emploi\/wp-json\/wp\/v2\/pages\/688\/revisions\/6840"}],"up":[{"embeddable":true,"href":"https:\/\/www.groupe-icare.com\/solutions-emploi\/wp-json\/wp\/v2\/pages\/5"}],"wp:featuredmedia":[{"embeddable":true,"href":"https:\/\/www.groupe-icare.com\/solutions-emploi\/wp-json\/wp\/v2\/media\/6493"}],"wp:attachment":[{"href":"https:\/\/www.groupe-icare.com\/solutions-emploi\/wp-json\/wp\/v2\/media?parent=688"}],"curies":[{"name":"wp","href":"https:\/\/api.w.org\/{rel}","templated":true}]}}