{"id":9197,"date":"2021-02-16T13:26:41","date_gmt":"2021-02-16T12:26:41","guid":{"rendered":"http:\/\/www.groupe-icare.com\/solutions-emploi\/?page_id=9197"},"modified":"2021-02-16T13:31:47","modified_gmt":"2021-02-16T12:31:47","slug":"recherche-emploi-offre","status":"publish","type":"page","link":"https:\/\/www.groupe-icare.com\/solutions-emploi\/recherche-emploi-offre\/","title":{"rendered":"Offres d&#8217;emploi propos\u00e9es par le groupe Icare"},"content":{"rendered":"[et_pb_section fb_built=\u00a0\u00bb1&Prime; admin_label=\u00a0\u00bbsection\u00a0\u00bb _builder_version=\u00a0\u00bb3.22&Prime;][et_pb_row admin_label=\u00a0\u00bbrow\u00a0\u00bb _builder_version=\u00a0\u00bb3.25&Prime; background_size=\u00a0\u00bbinitial\u00a0\u00bb background_position=\u00a0\u00bbtop_left\u00a0\u00bb background_repeat=\u00a0\u00bbrepeat\u00a0\u00bb][et_pb_column type=\u00a0\u00bb4_4&Prime; _builder_version=\u00a0\u00bb3.25&Prime; custom_padding=\u00a0\u00bb|||\u00a0\u00bb custom_padding__hover=\u00a0\u00bb|||\u00a0\u00bb][et_pb_post_title meta=\u00a0\u00bboff\u00a0\u00bb featured_image=\u00a0\u00bboff\u00a0\u00bb _builder_version=\u00a0\u00bb4.6.5&Prime; _module_preset=\u00a0\u00bbdefault\u00a0\u00bb][\/et_pb_post_title][et_pb_blog fullwidth=\u00a0\u00bboff\u00a0\u00bb posts_number=\u00a0\u00bb12&Prime; include_categories=\u00a0\u00bb21&Prime; show_more=\u00a0\u00bbon\u00a0\u00bb show_author=\u00a0\u00bboff\u00a0\u00bb show_categories=\u00a0\u00bboff\u00a0\u00bb use_overlay=\u00a0\u00bbon\u00a0\u00bb overlay_icon_color=\u00a0\u00bb#ffffff\u00a0\u00bb hover_overlay_color=\u00a0\u00bbrgba(45,45,45,0.19)\u00a0\u00bb hover_icon=\u00a0\u00bb%%186%%\u00a0\u00bb admin_label=\u00a0\u00bbUniquement les offres d&#8217;emploi\u00a0\u00bb _builder_version=\u00a0\u00bb4.6.5&Prime; hover_enabled=\u00a0\u00bb0&Prime; box_shadow_style=\u00a0\u00bbpreset1&Prime; box_shadow_vertical=\u00a0\u00bb1px\u00a0\u00bb box_shadow_blur=\u00a0\u00bb5px\u00a0\u00bb box_shadow_color=\u00a0\u00bbrgba(0,0,0,.1)\u00a0\u00bb use_border_color=\u00a0\u00bboff\u00a0\u00bb border_color=\u00a0\u00bb#ffffff\u00a0\u00bb border_style=\u00a0\u00bbsolid\u00a0\u00bb use_dropshadow=\u00a0\u00bbon\u00a0\u00bb sticky_enabled=\u00a0\u00bb0&Prime;] [\/et_pb_blog][\/et_pb_column][\/et_pb_row][\/et_pb_section]\n","protected":false},"excerpt":{"rendered":"","protected":false},"author":1,"featured_media":8806,"parent":0,"menu_order":0,"comment_status":"open","ping_status":"open","template":"","meta":{"_et_pb_use_builder":"on","_et_pb_old_content":"","_et_gb_content_width":"","jetpack_post_was_ever_published":false},"yoast_head":"<!-- This site is optimized with the Yoast SEO plugin v21.1 - https:\/\/yoast.com\/wordpress\/plugins\/seo\/ -->\n<title>Offres d&#039;emploi propos\u00e9es par le groupe Icare - ICARE ITEM GIROL groupe. Services et emplois en Rh\u00f4ne-Alpes<\/title>\n<meta name=\"robots\" content=\"index, follow, max-snippet:-1, max-image-preview:large, max-video-preview:-1\" \/>\n<link rel=\"canonical\" href=\"https:\/\/www.groupe-icare.com\/solutions-emploi\/recherche-emploi-offre\/\" \/>\n<meta property=\"og:locale\" content=\"fr_FR\" \/>\n<meta property=\"og:type\" content=\"article\" \/>\n<meta property=\"og:title\" content=\"Offres d&#039;emploi propos\u00e9es par le groupe Icare - ICARE ITEM GIROL groupe. Services et emplois en Rh\u00f4ne-Alpes\" \/>\n<meta property=\"og:url\" content=\"https:\/\/www.groupe-icare.com\/solutions-emploi\/recherche-emploi-offre\/\" \/>\n<meta property=\"og:site_name\" content=\"ICARE ITEM GIROL groupe. Services et emplois en Rh\u00f4ne-Alpes\" \/>\n<meta property=\"article:modified_time\" content=\"2021-02-16T12:31:47+00:00\" \/>\n<meta property=\"og:image\" content=\"https:\/\/i0.wp.com\/www.groupe-icare.com\/solutions-emploi\/wp-content\/uploads\/2019\/04\/to-do-it.jpg?fit=1280%2C853&ssl=1\" \/>\n\t<meta property=\"og:image:width\" content=\"1280\" \/>\n\t<meta property=\"og:image:height\" content=\"853\" \/>\n\t<meta property=\"og:image:type\" content=\"image\/jpeg\" \/>\n<meta name=\"twitter:card\" content=\"summary_large_image\" \/>\n<meta name=\"twitter:label1\" content=\"Dur\u00e9e de lecture estim\u00e9e\" \/>\n\t<meta name=\"twitter:data1\" content=\"1 minute\" \/>\n<script type=\"application\/ld+json\" class=\"yoast-schema-graph\">{\"@context\":\"https:\/\/schema.org\",\"@graph\":[{\"@type\":\"WebPage\",\"@id\":\"https:\/\/www.groupe-icare.com\/solutions-emploi\/recherche-emploi-offre\/\",\"url\":\"https:\/\/www.groupe-icare.com\/solutions-emploi\/recherche-emploi-offre\/\",\"name\":\"Offres d'emploi propos\u00e9es par le groupe Icare - ICARE ITEM GIROL groupe. Services et emplois en Rh\u00f4ne-Alpes\",\"isPartOf\":{\"@id\":\"https:\/\/www.groupe-icare.com\/solutions-emploi\/#website\"},\"datePublished\":\"2021-02-16T12:26:41+00:00\",\"dateModified\":\"2021-02-16T12:31:47+00:00\",\"breadcrumb\":{\"@id\":\"https:\/\/www.groupe-icare.com\/solutions-emploi\/recherche-emploi-offre\/#breadcrumb\"},\"inLanguage\":\"fr-FR\",\"potentialAction\":[{\"@type\":\"ReadAction\",\"target\":[\"https:\/\/www.groupe-icare.com\/solutions-emploi\/recherche-emploi-offre\/\"]}]},{\"@type\":\"BreadcrumbList\",\"@id\":\"https:\/\/www.groupe-icare.com\/solutions-emploi\/recherche-emploi-offre\/#breadcrumb\",\"itemListElement\":[{\"@type\":\"ListItem\",\"position\":1,\"name\":\"Accueil\",\"item\":\"https:\/\/www.groupe-icare.com\/solutions-emploi\/\"},{\"@type\":\"ListItem\",\"position\":2,\"name\":\"Offres d&#8217;emploi propos\u00e9es par le groupe Icare\"}]},{\"@type\":\"WebSite\",\"@id\":\"https:\/\/www.groupe-icare.com\/solutions-emploi\/#website\",\"url\":\"https:\/\/www.groupe-icare.com\/solutions-emploi\/\",\"name\":\"ICARE ITEM GIROL groupe. Services et emplois en Rh\u00f4ne-Alpes\",\"description\":\"les solutions emploi de Rh\u00f4ne-Alpes\",\"potentialAction\":[{\"@type\":\"SearchAction\",\"target\":{\"@type\":\"EntryPoint\",\"urlTemplate\":\"https:\/\/www.groupe-icare.com\/solutions-emploi\/?s={search_term_string}\"},\"query-input\":\"required name=search_term_string\"}],\"inLanguage\":\"fr-FR\"}]}<\/script>\n<!-- \/ Yoast SEO plugin. -->","yoast_head_json":{"title":"Offres d'emploi propos\u00e9es par le groupe Icare - ICARE ITEM GIROL groupe. Services et emplois en Rh\u00f4ne-Alpes","robots":{"index":"index","follow":"follow","max-snippet":"max-snippet:-1","max-image-preview":"max-image-preview:large","max-video-preview":"max-video-preview:-1"},"canonical":"https:\/\/www.groupe-icare.com\/solutions-emploi\/recherche-emploi-offre\/","og_locale":"fr_FR","og_type":"article","og_title":"Offres d'emploi propos\u00e9es par le groupe Icare - ICARE ITEM GIROL groupe. Services et emplois en Rh\u00f4ne-Alpes","og_url":"https:\/\/www.groupe-icare.com\/solutions-emploi\/recherche-emploi-offre\/","og_site_name":"ICARE ITEM GIROL groupe. Services et emplois en Rh\u00f4ne-Alpes","article_modified_time":"2021-02-16T12:31:47+00:00","og_image":[{"width":1280,"height":853,"url":"https:\/\/i0.wp.com\/www.groupe-icare.com\/solutions-emploi\/wp-content\/uploads\/2019\/04\/to-do-it.jpg?fit=1280%2C853&ssl=1","type":"image\/jpeg"}],"twitter_card":"summary_large_image","twitter_misc":{"Dur\u00e9e de lecture estim\u00e9e":"1 minute"},"schema":{"@context":"https:\/\/schema.org","@graph":[{"@type":"WebPage","@id":"https:\/\/www.groupe-icare.com\/solutions-emploi\/recherche-emploi-offre\/","url":"https:\/\/www.groupe-icare.com\/solutions-emploi\/recherche-emploi-offre\/","name":"Offres d'emploi propos\u00e9es par le groupe Icare - ICARE ITEM GIROL groupe. Services et emplois en Rh\u00f4ne-Alpes","isPartOf":{"@id":"https:\/\/www.groupe-icare.com\/solutions-emploi\/#website"},"datePublished":"2021-02-16T12:26:41+00:00","dateModified":"2021-02-16T12:31:47+00:00","breadcrumb":{"@id":"https:\/\/www.groupe-icare.com\/solutions-emploi\/recherche-emploi-offre\/#breadcrumb"},"inLanguage":"fr-FR","potentialAction":[{"@type":"ReadAction","target":["https:\/\/www.groupe-icare.com\/solutions-emploi\/recherche-emploi-offre\/"]}]},{"@type":"BreadcrumbList","@id":"https:\/\/www.groupe-icare.com\/solutions-emploi\/recherche-emploi-offre\/#breadcrumb","itemListElement":[{"@type":"ListItem","position":1,"name":"Accueil","item":"https:\/\/www.groupe-icare.com\/solutions-emploi\/"},{"@type":"ListItem","position":2,"name":"Offres d&#8217;emploi propos\u00e9es par le groupe Icare"}]},{"@type":"WebSite","@id":"https:\/\/www.groupe-icare.com\/solutions-emploi\/#website","url":"https:\/\/www.groupe-icare.com\/solutions-emploi\/","name":"ICARE ITEM GIROL groupe. Services et emplois en Rh\u00f4ne-Alpes","description":"les solutions emploi de Rh\u00f4ne-Alpes","potentialAction":[{"@type":"SearchAction","target":{"@type":"EntryPoint","urlTemplate":"https:\/\/www.groupe-icare.com\/solutions-emploi\/?s={search_term_string}"},"query-input":"required name=search_term_string"}],"inLanguage":"fr-FR"}]}},"jetpack_shortlink":"https:\/\/wp.me\/P7CrYq-2ol","jetpack-related-posts":[{"id":35,"url":"https:\/\/www.groupe-icare.com\/solutions-emploi\/vous-etes-demandeur-demploi\/les-offres-demploi-2-2\/","url_meta":{"origin":9197,"position":0},"title":"Les offres d&#8217;emploi","author":"Communication-Icare","date":"17 d\u00e9cembre 2012","format":false,"excerpt":"","rel":"","context":"Article similaire","block_context":{"text":"Article similaire","link":""},"img":{"alt_text":"","src":"https:\/\/i0.wp.com\/www.groupe-icare.com\/solutions-emploi\/wp-content\/uploads\/2016\/10\/groupe-icare-900x560.jpg?fit=900%2C560&ssl=1&resize=350%2C200","width":350,"height":200,"srcset":"https:\/\/i0.wp.com\/www.groupe-icare.com\/solutions-emploi\/wp-content\/uploads\/2016\/10\/groupe-icare-900x560.jpg?fit=900%2C560&ssl=1&resize=350%2C200 1x, https:\/\/i0.wp.com\/www.groupe-icare.com\/solutions-emploi\/wp-content\/uploads\/2016\/10\/groupe-icare-900x560.jpg?fit=900%2C560&ssl=1&resize=525%2C300 1.5x, https:\/\/i0.wp.com\/www.groupe-icare.com\/solutions-emploi\/wp-content\/uploads\/2016\/10\/groupe-icare-900x560.jpg?fit=900%2C560&ssl=1&resize=700%2C400 2x"},"classes":[]},{"id":12,"url":"https:\/\/www.groupe-icare.com\/solutions-emploi\/nos-services-aux-professionnels\/les-metiers\/","url_meta":{"origin":9197,"position":1},"title":"Nos offres de services pour les professionnels","author":"Communication-Icare","date":"17 d\u00e9cembre 2019","format":false,"excerpt":"","rel":"","context":"Article similaire","block_context":{"text":"Article similaire","link":""},"img":{"alt_text":"","src":"","width":0,"height":0},"classes":[]},{"id":261,"url":"https:\/\/www.groupe-icare.com\/solutions-emploi\/","url_meta":{"origin":9197,"position":2},"title":"Bienvenue &#8211; Site de Icare Groupe &#8211; emploi en Rh\u00f4ne-Alpes- recrutement","author":"Communication-Icare","date":"4 f\u00e9vrier 2013","format":false,"excerpt":"En d\u00e9veloppant des emplois localement et en facilitant l\u2019acc\u00e8s au travail et \u00e0 la qualification, le groupe ICARE participe au d\u00e9veloppement du territoire. Le groupe assure \u00e0 ses clients proximit\u00e9, r\u00e9activit\u00e9 et professionnalisme. Le groupe ICARE est employeur de toutes personnes d\u00e9l\u00e9gu\u00e9es et assure toute la gestion administrative et contractuelle\u2026","rel":"","context":"Article similaire","block_context":{"text":"Article similaire","link":""},"img":{"alt_text":"","src":"https:\/\/i0.wp.com\/www.groupe-icare.com\/solutions-emploi\/wp-content\/uploads\/2016\/10\/groupe-icare-900x560.jpg?fit=900%2C560&ssl=1&resize=350%2C200","width":350,"height":200,"srcset":"https:\/\/i0.wp.com\/www.groupe-icare.com\/solutions-emploi\/wp-content\/uploads\/2016\/10\/groupe-icare-900x560.jpg?fit=900%2C560&ssl=1&resize=350%2C200 1x, https:\/\/i0.wp.com\/www.groupe-icare.com\/solutions-emploi\/wp-content\/uploads\/2016\/10\/groupe-icare-900x560.jpg?fit=900%2C560&ssl=1&resize=525%2C300 1.5x, https:\/\/i0.wp.com\/www.groupe-icare.com\/solutions-emploi\/wp-content\/uploads\/2016\/10\/groupe-icare-900x560.jpg?fit=900%2C560&ssl=1&resize=700%2C400 2x"},"classes":[]},{"id":7,"url":"https:\/\/www.groupe-icare.com\/solutions-emploi\/services-aux-particuliers\/nos-plus\/","url_meta":{"origin":9197,"position":3},"title":"Nos atouts","author":"Communication-Icare","date":"17 d\u00e9cembre 2012","format":false,"excerpt":"","rel":"","context":"Article similaire","block_context":{"text":"Article similaire","link":""},"img":{"alt_text":"","src":"https:\/\/i0.wp.com\/www.groupe-icare.com\/solutions-emploi\/wp-content\/uploads\/2016\/10\/groupe-icare-900x560.jpg?fit=900%2C560&ssl=1&resize=350%2C200","width":350,"height":200,"srcset":"https:\/\/i0.wp.com\/www.groupe-icare.com\/solutions-emploi\/wp-content\/uploads\/2016\/10\/groupe-icare-900x560.jpg?fit=900%2C560&ssl=1&resize=350%2C200 1x, https:\/\/i0.wp.com\/www.groupe-icare.com\/solutions-emploi\/wp-content\/uploads\/2016\/10\/groupe-icare-900x560.jpg?fit=900%2C560&ssl=1&resize=525%2C300 1.5x, https:\/\/i0.wp.com\/www.groupe-icare.com\/solutions-emploi\/wp-content\/uploads\/2016\/10\/groupe-icare-900x560.jpg?fit=900%2C560&ssl=1&resize=700%2C400 2x"},"classes":[]},{"id":1825,"url":"https:\/\/www.groupe-icare.com\/solutions-emploi\/services-aux-particuliers\/","url_meta":{"origin":9197,"position":4},"title":"Nos services aux particuliers","author":"Communication-Icare","date":"10 juin 2015","format":false,"excerpt":"","rel":"","context":"Article similaire","block_context":{"text":"Article similaire","link":""},"img":{"alt_text":"","src":"https:\/\/i0.wp.com\/www.groupe-icare.com\/solutions-emploi\/wp-content\/uploads\/2016\/10\/groupe-icare-900x560.jpg?fit=900%2C560&ssl=1&resize=350%2C200","width":350,"height":200,"srcset":"https:\/\/i0.wp.com\/www.groupe-icare.com\/solutions-emploi\/wp-content\/uploads\/2016\/10\/groupe-icare-900x560.jpg?fit=900%2C560&ssl=1&resize=350%2C200 1x, https:\/\/i0.wp.com\/www.groupe-icare.com\/solutions-emploi\/wp-content\/uploads\/2016\/10\/groupe-icare-900x560.jpg?fit=900%2C560&ssl=1&resize=525%2C300 1.5x, https:\/\/i0.wp.com\/www.groupe-icare.com\/solutions-emploi\/wp-content\/uploads\/2016\/10\/groupe-icare-900x560.jpg?fit=900%2C560&ssl=1&resize=700%2C400 2x"},"classes":[]},{"id":6161,"url":"https:\/\/www.groupe-icare.com\/solutions-emploi\/nos-agences\/","url_meta":{"origin":9197,"position":5},"title":"Nos Agences","author":"Communication-Icare","date":"30 juin 2016","format":false,"excerpt":"","rel":"","context":"Article similaire","block_context":{"text":"Article similaire","link":""},"img":{"alt_text":"","src":"https:\/\/i0.wp.com\/www.groupe-icare.com\/solutions-emploi\/wp-content\/uploads\/2016\/10\/groupe-icare-900x560.jpg?fit=900%2C560&ssl=1&resize=350%2C200","width":350,"height":200,"srcset":"https:\/\/i0.wp.com\/www.groupe-icare.com\/solutions-emploi\/wp-content\/uploads\/2016\/10\/groupe-icare-900x560.jpg?fit=900%2C560&ssl=1&resize=350%2C200 1x, https:\/\/i0.wp.com\/www.groupe-icare.com\/solutions-emploi\/wp-content\/uploads\/2016\/10\/groupe-icare-900x560.jpg?fit=900%2C560&ssl=1&resize=525%2C300 1.5x, https:\/\/i0.wp.com\/www.groupe-icare.com\/solutions-emploi\/wp-content\/uploads\/2016\/10\/groupe-icare-900x560.jpg?fit=900%2C560&ssl=1&resize=700%2C400 2x"},"classes":[]}],"jetpack_sharing_enabled":false,"_links":{"self":[{"href":"https:\/\/www.groupe-icare.com\/solutions-emploi\/wp-json\/wp\/v2\/pages\/9197"}],"collection":[{"href":"https:\/\/www.groupe-icare.com\/solutions-emploi\/wp-json\/wp\/v2\/pages"}],"about":[{"href":"https:\/\/www.groupe-icare.com\/solutions-emploi\/wp-json\/wp\/v2\/types\/page"}],"author":[{"embeddable":true,"href":"https:\/\/www.groupe-icare.com\/solutions-emploi\/wp-json\/wp\/v2\/users\/1"}],"replies":[{"embeddable":true,"href":"https:\/\/www.groupe-icare.com\/solutions-emploi\/wp-json\/wp\/v2\/comments?post=9197"}],"version-history":[{"count":6,"href":"https:\/\/www.groupe-icare.com\/solutions-emploi\/wp-json\/wp\/v2\/pages\/9197\/revisions"}],"predecessor-version":[{"id":9206,"href":"https:\/\/www.groupe-icare.com\/solutions-emploi\/wp-json\/wp\/v2\/pages\/9197\/revisions\/9206"}],"wp:featuredmedia":[{"embeddable":true,"href":"https:\/\/www.groupe-icare.com\/solutions-emploi\/wp-json\/wp\/v2\/media\/8806"}],"wp:attachment":[{"href":"https:\/\/www.groupe-icare.com\/solutions-emploi\/wp-json\/wp\/v2\/media?parent=9197"}],"curies":[{"name":"wp","href":"https:\/\/api.w.org\/{rel}","templated":true}]}}